
{"id":12253,"date":"2023-10-29T14:23:29","date_gmt":"2023-10-29T14:23:29","guid":{"rendered":"https:\/\/azurefilm.com\/product\/dc-regulator\/"},"modified":"2026-04-03T08:28:05","modified_gmt":"2026-04-03T08:28:05","slug":"dc-regulator","status":"publish","type":"product","link":"https:\/\/azurefilm.com\/hr\/proizvod\/dc-regulator\/","title":{"rendered":"DC regulator"},"content":{"rendered":"<h2><strong>Klju\u010dne zna\u010dajke:<\/strong><\/h2>\n<ul>\n<li>Za istosmjerni motor 24V-10A<\/li>\n<li>Napon: 24V<\/li>\n<li>Raspon brzine: 0% &#8211; 100%<\/li>\n<li>Na\u010din upravljanja brzinom: potenciometar<\/li>\n<li>Na\u010delo regulacije brzine: prilagodite struju<\/li>\n<li>Obrnuta za\u0161tita: Da<\/li>\n<li>Rotacija naprijed: podr\u0161ka<\/li>\n<li>Veli\u010dina: 92x52x36mm<\/li>\n<li>Te\u017eina: 152g<\/li>\n<\/ul>\n<h2><strong>O\u017ei\u010denje:<\/strong><\/h2>\n<ul>\n<li>Spajanje crvene \u017eice: napajanje pozitivno +<\/li>\n<li>Priklju\u010dak crne \u017eice: minus napajanja &#8211;<\/li>\n<li>Priklju\u010dak plave \u017eice: plus motora +<\/li>\n<li>Priklju\u010dak \u017eute \u017eice: negativni minus motora &#8211;<\/li>\n<\/ul>\n","protected":false},"excerpt":{"rendered":"<p><strong>DC regulator<\/strong> za DC motor 24V-10A u dimenzijama 92x52x36 mm.<\/p>\n","protected":false},"featured_media":6238,"comment_status":"closed","ping_status":"closed","template":"","meta":{"_acf_changed":false},"product_brand":[],"product_cat":[481,505,482,483],"product_tag":[],"brand":[],"class_list":{"0":"post-12253","1":"product","2":"type-product","3":"status-publish","4":"has-post-thumbnail","6":"product_cat-akcija","7":"product_cat-maticne-ploce","8":"product_cat-rezervni-dijelovi","9":"product_cat-svi-rezervni-dijelovi","11":"first","12":"instock","13":"sale","14":"taxable","15":"shipping-taxable","16":"purchasable","17":"product-type-simple"},"acf":[],"_links":{"self":[{"href":"https:\/\/azurefilm.com\/hr\/wp-json\/wp\/v2\/product\/12253","targetHints":{"allow":["GET"]}}],"collection":[{"href":"https:\/\/azurefilm.com\/hr\/wp-json\/wp\/v2\/product"}],"about":[{"href":"https:\/\/azurefilm.com\/hr\/wp-json\/wp\/v2\/types\/product"}],"replies":[{"embeddable":true,"href":"https:\/\/azurefilm.com\/hr\/wp-json\/wp\/v2\/comments?post=12253"}],"wp:featuredmedia":[{"embeddable":true,"href":"https:\/\/azurefilm.com\/hr\/wp-json\/wp\/v2\/media\/6238"}],"wp:attachment":[{"href":"https:\/\/azurefilm.com\/hr\/wp-json\/wp\/v2\/media?parent=12253"}],"wp:term":[{"taxonomy":"product_brand","embeddable":true,"href":"https:\/\/azurefilm.com\/hr\/wp-json\/wp\/v2\/product_brand?post=12253"},{"taxonomy":"product_cat","embeddable":true,"href":"https:\/\/azurefilm.com\/hr\/wp-json\/wp\/v2\/product_cat?post=12253"},{"taxonomy":"product_tag","embeddable":true,"href":"https:\/\/azurefilm.com\/hr\/wp-json\/wp\/v2\/product_tag?post=12253"},{"taxonomy":"brand","embeddable":true,"href":"https:\/\/azurefilm.com\/hr\/wp-json\/wp\/v2\/brand?post=12253"}],"curies":[{"name":"wp","href":"https:\/\/api.w.org\/{rel}","templated":true}]}}