
{"id":12255,"date":"2023-10-29T14:23:29","date_gmt":"2023-10-29T14:23:29","guid":{"rendered":"https:\/\/azurefilm.com\/product\/koracni-motor-nema-17-s-osovinom\/"},"modified":"2025-12-25T12:21:13","modified_gmt":"2025-12-25T12:21:13","slug":"koracni-motor-nema-17-s-osovinom","status":"publish","type":"product","link":"https:\/\/azurefilm.com\/hr\/proizvod\/koracni-motor-nema-17-s-osovinom\/","title":{"rendered":"Kora\u010dni motor NEMA 17 s osovinom"},"content":{"rendered":"<h2><strong>Klju\u010dne zna\u010dajke:<\/strong><\/h2>\n<ul>\n<li>Visoki okretni moment: Usvajanjem visokokvalitetnog \u010deli\u010dnog materijala za motore, komplet kora\u010dnog motora 3D pisa\u010da ima visok okretni moment, nisku reaktanciju samoinduktivnosti, osjetljiv je i mo\u017ee izbje\u0107i gre\u0161ku sustava.<\/li>\n<li>Niska buka: rotor je prekriven gumom koja u\u010dinkovito smanjuje buku.<\/li>\n<li>Izdr\u017eljiv &amp; \u010dvrst: na\u0161 mini motor koristi metal visoke tvrdo\u0107e, \u010dvrst je i izdr\u017eljiv. A mat tekstura bo\u010dne stijenke mo\u017ee pove\u0107ati trenje.<\/li>\n<li>\u0160iroka primjena: ovi mali motori mogu se koristiti u raznim podru\u010djima, kao \u0161to je pozornica; lasersko graviranje; tekstilni strojevi; medicinska oprema; stroj za postavljanje; nestandardna oprema; 3D pisa\u010d; oprema za automatizaciju itd.<\/li>\n<li>\u0160to dobivate: paket uklju\u010duje 1 kora\u010dni motor s osovinom<\/li>\n<li>S osi od 300mm<\/li>\n<li>Dimenzije: 42.3&#215;42.3x40x24mm<\/li>\n<li>Vrsta: hibrid<\/li>\n<\/ul>\n","protected":false},"excerpt":{"rendered":"<p><strong>Kora\u010dni motor NEMA 17 s osovinom<\/strong> izra\u0111en od visokokvalitetnog \u010deli\u010dnog materijala, niske reaktancije samoinduktivnosti, osjetljiv i mo\u017ee izbje\u0107i gre\u0161ku sustava.<\/p>\n","protected":false},"featured_media":6252,"comment_status":"closed","ping_status":"closed","template":"","meta":{"_acf_changed":false},"product_brand":[],"product_cat":[481,508,506,482,483],"product_tag":[],"brand":[],"class_list":{"0":"post-12255","1":"product","2":"type-product","3":"status-publish","4":"has-post-thumbnail","6":"product_cat-akcija","7":"product_cat-koracni-motori","8":"product_cat-motori-driveri","9":"product_cat-rezervni-dijelovi","10":"product_cat-svi-rezervni-dijelovi","12":"first","13":"instock","14":"sale","15":"taxable","16":"shipping-taxable","17":"purchasable","18":"product-type-simple"},"acf":[],"_links":{"self":[{"href":"https:\/\/azurefilm.com\/hr\/wp-json\/wp\/v2\/product\/12255","targetHints":{"allow":["GET"]}}],"collection":[{"href":"https:\/\/azurefilm.com\/hr\/wp-json\/wp\/v2\/product"}],"about":[{"href":"https:\/\/azurefilm.com\/hr\/wp-json\/wp\/v2\/types\/product"}],"replies":[{"embeddable":true,"href":"https:\/\/azurefilm.com\/hr\/wp-json\/wp\/v2\/comments?post=12255"}],"wp:featuredmedia":[{"embeddable":true,"href":"https:\/\/azurefilm.com\/hr\/wp-json\/wp\/v2\/media\/6252"}],"wp:attachment":[{"href":"https:\/\/azurefilm.com\/hr\/wp-json\/wp\/v2\/media?parent=12255"}],"wp:term":[{"taxonomy":"product_brand","embeddable":true,"href":"https:\/\/azurefilm.com\/hr\/wp-json\/wp\/v2\/product_brand?post=12255"},{"taxonomy":"product_cat","embeddable":true,"href":"https:\/\/azurefilm.com\/hr\/wp-json\/wp\/v2\/product_cat?post=12255"},{"taxonomy":"product_tag","embeddable":true,"href":"https:\/\/azurefilm.com\/hr\/wp-json\/wp\/v2\/product_tag?post=12255"},{"taxonomy":"brand","embeddable":true,"href":"https:\/\/azurefilm.com\/hr\/wp-json\/wp\/v2\/brand?post=12255"}],"curies":[{"name":"wp","href":"https:\/\/api.w.org\/{rel}","templated":true}]}}