
{"id":12262,"date":"2023-10-29T14:23:29","date_gmt":"2023-10-29T14:23:29","guid":{"rendered":"https:\/\/azurefilm.com\/product\/teflonska-cijev-m6\/"},"modified":"2023-12-23T14:46:40","modified_gmt":"2023-12-23T14:46:40","slug":"teflonska-cijev-m6","status":"publish","type":"product","link":"https:\/\/azurefilm.com\/hr\/proizvod\/teflonska-cijev-m6\/","title":{"rendered":"Teflonska cijev M6"},"content":{"rendered":"<h2><strong>Klju\u010dne zna\u010dajke:<\/strong><\/h2>\n<ul>\n<li>Unutarnji promjer cijevi: 2mm<\/li>\n<li>Materijal: nehr\u0111aju\u0107i \u010delik, mesing i teflonska cijev<\/li>\n<li>Izolacija cijevi za visoke temperature.<\/li>\n<li>Za filament od 1.75 mm.<\/li>\n<li>Cijena je za 1 artikl.<\/li>\n<\/ul>\n<h2><strong>Duljina:<\/strong><\/h2>\n<ul>\n<li>30mm<\/li>\n<li>40mm<\/li>\n<li>50mm<\/li>\n<\/ul>\n","protected":false},"excerpt":{"rendered":"<p><strong>Teflonska cijev M6<\/strong> s visokotemperaturnom izolacijom cijevi za filament od 1,75 mm.<\/p>\n","protected":false},"featured_media":6319,"comment_status":"closed","ping_status":"closed","template":"","meta":{"_acf_changed":false},"product_brand":[],"product_cat":[481,497,495,482,483,503],"product_tag":[],"brand":[],"class_list":{"0":"post-12262","1":"product","2":"type-product","3":"status-publish","4":"has-post-thumbnail","6":"product_cat-akcija","7":"product_cat-djelovi-ekstrudera","8":"product_cat-ekstruderi","9":"product_cat-rezervni-dijelovi","10":"product_cat-svi-rezervni-dijelovi","11":"product_cat-toplinski-prekidi","13":"first","14":"instock","15":"sale","16":"taxable","17":"shipping-taxable","18":"purchasable","19":"product-type-variable"},"acf":[],"_links":{"self":[{"href":"https:\/\/azurefilm.com\/hr\/wp-json\/wp\/v2\/product\/12262","targetHints":{"allow":["GET"]}}],"collection":[{"href":"https:\/\/azurefilm.com\/hr\/wp-json\/wp\/v2\/product"}],"about":[{"href":"https:\/\/azurefilm.com\/hr\/wp-json\/wp\/v2\/types\/product"}],"replies":[{"embeddable":true,"href":"https:\/\/azurefilm.com\/hr\/wp-json\/wp\/v2\/comments?post=12262"}],"wp:featuredmedia":[{"embeddable":true,"href":"https:\/\/azurefilm.com\/hr\/wp-json\/wp\/v2\/media\/6319"}],"wp:attachment":[{"href":"https:\/\/azurefilm.com\/hr\/wp-json\/wp\/v2\/media?parent=12262"}],"wp:term":[{"taxonomy":"product_brand","embeddable":true,"href":"https:\/\/azurefilm.com\/hr\/wp-json\/wp\/v2\/product_brand?post=12262"},{"taxonomy":"product_cat","embeddable":true,"href":"https:\/\/azurefilm.com\/hr\/wp-json\/wp\/v2\/product_cat?post=12262"},{"taxonomy":"product_tag","embeddable":true,"href":"https:\/\/azurefilm.com\/hr\/wp-json\/wp\/v2\/product_tag?post=12262"},{"taxonomy":"brand","embeddable":true,"href":"https:\/\/azurefilm.com\/hr\/wp-json\/wp\/v2\/brand?post=12262"}],"curies":[{"name":"wp","href":"https:\/\/api.w.org\/{rel}","templated":true}]}}