
{"id":12264,"date":"2023-10-29T14:23:29","date_gmt":"2023-10-29T14:23:29","guid":{"rendered":"https:\/\/azurefilm.com\/product\/volcano-grijaci-blok\/"},"modified":"2025-11-24T02:07:01","modified_gmt":"2025-11-24T02:07:01","slug":"volcano-grijaci-blok","status":"publish","type":"product","link":"https:\/\/azurefilm.com\/hr\/proizvod\/volcano-grijaci-blok\/","title":{"rendered":"Volcano grija\u0107i blok"},"content":{"rendered":"<h2><strong>Klju\u010dne zna\u010dajke:<\/strong><\/h2>\n<ul>\n<li>Volcano blok grija\u010d za 3D pisa\u010d<\/li>\n<li>Materijal: legura aluminija<\/li>\n<li>Otvor cijevi s navojem: M6<\/li>\n<li>Otvor za montiranje grija\u010da: promjer 6mm<\/li>\n<li>Otvor za montiranje termoelementa: M3<\/li>\n<li>Veli\u010dina: 20x20x11.5mm<\/li>\n<\/ul>\n","protected":false},"excerpt":{"rendered":"<p><strong>Volcano grija\u0107i blok<\/strong> dimenzija 20x20x11.5mm napravljen od aluminija.<\/p>\n","protected":false},"featured_media":6345,"comment_status":"closed","ping_status":"closed","template":"","meta":{"_acf_changed":false},"product_brand":[],"product_cat":[481,482,483,502],"product_tag":[],"brand":[],"class_list":{"0":"post-12264","1":"product","2":"type-product","3":"status-publish","4":"has-post-thumbnail","6":"product_cat-akcija","7":"product_cat-rezervni-dijelovi","8":"product_cat-svi-rezervni-dijelovi","9":"product_cat-toplotski-blokovi","11":"first","12":"instock","13":"sale","14":"taxable","15":"shipping-taxable","16":"purchasable","17":"product-type-simple"},"acf":[],"_links":{"self":[{"href":"https:\/\/azurefilm.com\/hr\/wp-json\/wp\/v2\/product\/12264","targetHints":{"allow":["GET"]}}],"collection":[{"href":"https:\/\/azurefilm.com\/hr\/wp-json\/wp\/v2\/product"}],"about":[{"href":"https:\/\/azurefilm.com\/hr\/wp-json\/wp\/v2\/types\/product"}],"replies":[{"embeddable":true,"href":"https:\/\/azurefilm.com\/hr\/wp-json\/wp\/v2\/comments?post=12264"}],"wp:featuredmedia":[{"embeddable":true,"href":"https:\/\/azurefilm.com\/hr\/wp-json\/wp\/v2\/media\/6345"}],"wp:attachment":[{"href":"https:\/\/azurefilm.com\/hr\/wp-json\/wp\/v2\/media?parent=12264"}],"wp:term":[{"taxonomy":"product_brand","embeddable":true,"href":"https:\/\/azurefilm.com\/hr\/wp-json\/wp\/v2\/product_brand?post=12264"},{"taxonomy":"product_cat","embeddable":true,"href":"https:\/\/azurefilm.com\/hr\/wp-json\/wp\/v2\/product_cat?post=12264"},{"taxonomy":"product_tag","embeddable":true,"href":"https:\/\/azurefilm.com\/hr\/wp-json\/wp\/v2\/product_tag?post=12264"},{"taxonomy":"brand","embeddable":true,"href":"https:\/\/azurefilm.com\/hr\/wp-json\/wp\/v2\/brand?post=12264"}],"curies":[{"name":"wp","href":"https:\/\/api.w.org\/{rel}","templated":true}]}}