
{"id":12267,"date":"2023-10-29T14:23:29","date_gmt":"2023-10-29T14:23:29","guid":{"rendered":"https:\/\/azurefilm.com\/product\/t-slot-klizna-matica-30t-m5\/"},"modified":"2026-03-19T15:56:45","modified_gmt":"2026-03-19T15:56:45","slug":"t-slot-klizna-matica-30t-m5","status":"publish","type":"product","link":"https:\/\/azurefilm.com\/hr\/proizvod\/t-slot-klizna-matica-30t-m5\/","title":{"rendered":"T-Slot klizna matica 30T M4\/M5"},"content":{"rendered":"<h4>T-Slot klizna matica 30T M4\/M5<\/h4>\n<h3><span style=\"color: #555555;\"><b>Klju\u010dne zna\u010dajke: <\/b><\/span><\/h3>\n<ul>\n<li>T-Nut za kliznu utor 30T M4\/M5<\/li>\n<li>Klju\u010dne zna\u010dajke:<\/li>\n<li>Materijal: Visokokvalitetni \u010delik<\/li>\n<li>Tvrdost: Visoka tvrdost za dugovje\u010dnost<\/li>\n<li>Premaz: Cinkan za izvrsnu otpornost na hr\u0111u<\/li>\n<li>Kompatibilnost: Namijenjen za T-utor aluminijastih profila serije 2020<\/li>\n<li>Veli\u010dina utora: 6mm<\/li>\n<li>Jednostavna instalacija: Lako klizi u T-utor aluminijastog profila<\/li>\n<li>Koli\u010dina: Cijena je za jedan komad\n<p>Slika: Simboli\u010dki prikaz<\/li>\n<\/ul>\n<p>&nbsp;<\/p>\n","protected":false},"excerpt":{"rendered":"<p>T-Slot klizna matica 30T M4\/M5 izra\u0111ena od visokokvalitetnog uglji\u010dnog \u010delika, a povr\u0161ina je pocin\u010dana za dobru otpornost na hr\u0111u.<\/p>\n","protected":false},"featured_media":6376,"comment_status":"closed","ping_status":"closed","template":"","meta":{"_acf_changed":false},"product_brand":[],"product_cat":[481,484,482,483],"product_tag":[],"brand":[],"class_list":{"0":"post-12267","1":"product","2":"type-product","3":"status-publish","4":"has-post-thumbnail","6":"product_cat-akcija","7":"product_cat-aluminijski-profili-hr","8":"product_cat-rezervni-dijelovi","9":"product_cat-svi-rezervni-dijelovi","11":"first","12":"instock","13":"sale","14":"taxable","15":"shipping-taxable","16":"purchasable","17":"product-type-variable"},"acf":[],"_links":{"self":[{"href":"https:\/\/azurefilm.com\/hr\/wp-json\/wp\/v2\/product\/12267","targetHints":{"allow":["GET"]}}],"collection":[{"href":"https:\/\/azurefilm.com\/hr\/wp-json\/wp\/v2\/product"}],"about":[{"href":"https:\/\/azurefilm.com\/hr\/wp-json\/wp\/v2\/types\/product"}],"replies":[{"embeddable":true,"href":"https:\/\/azurefilm.com\/hr\/wp-json\/wp\/v2\/comments?post=12267"}],"wp:featuredmedia":[{"embeddable":true,"href":"https:\/\/azurefilm.com\/hr\/wp-json\/wp\/v2\/media\/6376"}],"wp:attachment":[{"href":"https:\/\/azurefilm.com\/hr\/wp-json\/wp\/v2\/media?parent=12267"}],"wp:term":[{"taxonomy":"product_brand","embeddable":true,"href":"https:\/\/azurefilm.com\/hr\/wp-json\/wp\/v2\/product_brand?post=12267"},{"taxonomy":"product_cat","embeddable":true,"href":"https:\/\/azurefilm.com\/hr\/wp-json\/wp\/v2\/product_cat?post=12267"},{"taxonomy":"product_tag","embeddable":true,"href":"https:\/\/azurefilm.com\/hr\/wp-json\/wp\/v2\/product_tag?post=12267"},{"taxonomy":"brand","embeddable":true,"href":"https:\/\/azurefilm.com\/hr\/wp-json\/wp\/v2\/brand?post=12267"}],"curies":[{"name":"wp","href":"https:\/\/api.w.org\/{rel}","templated":true}]}}