
{"id":12277,"date":"2023-10-29T14:23:29","date_gmt":"2023-10-29T14:23:29","guid":{"rendered":"https:\/\/azurefilm.com\/product\/portalna-ploca-s-v-utorom-20-40-60\/"},"modified":"2023-11-27T13:26:04","modified_gmt":"2023-11-27T13:26:04","slug":"portalna-ploca-s-v-utorom-20-40-60","status":"publish","type":"product","link":"https:\/\/azurefilm.com\/hr\/proizvod\/portalna-ploca-s-v-utorom-20-40-60\/","title":{"rendered":"Portalna plo\u010da s V-utorom 20\/40\/60"},"content":{"rendered":"<h4><span style=\"vertical-align: inherit;\">Portalna plo\u010da s V utorom 20\/40\/60<\/span><\/h4>\n<h3><span style=\"vertical-align: inherit;\">Glavne zna\u010dajke:<\/span><\/h3>\n<p><span style=\"vertical-align: inherit;\">Ova portalna plo\u010da s V-utorom izra\u0111ena je od aluminija 6063-T6 i mo\u017ee se koristiti sa svim veli\u010dinama ekstruzije V-utora.<\/span><\/p>\n<p><span style=\"vertical-align: inherit;\">Dodani su sklopivi prorezi kako bi se razvodni remen mogao lako saviti u sebe i u\u010dvrstiti na mjestu.<\/span><\/p>\n<p><span style=\"vertical-align: inherit;\">Tu su i utori od 5 mm koji vam omogu\u0107uju pri\u010dvr\u0161\u0107ivanje odstojnika za monta\u017eu pojasa od 90 stupnjeva na vrh ili dno plo\u010de.<\/span><\/p>\n<p>&nbsp;<\/p>\n<p>&nbsp;<\/p>\n","protected":false},"excerpt":{"rendered":"<p>Portalna plo\u010da s V-utorom 20\/40\/60: Osmi\u0161ljena je posebno za pojednostavljenje konstrukcije.<\/p>\n","protected":false},"featured_media":6402,"comment_status":"closed","ping_status":"closed","template":"","meta":{"_acf_changed":false},"product_brand":[],"product_cat":[482,481,484,483],"product_tag":[],"brand":[],"class_list":{"0":"post-12277","1":"product","2":"type-product","3":"status-publish","4":"has-post-thumbnail","6":"product_cat-rezervni-dijelovi","7":"product_cat-akcija","8":"product_cat-aluminijski-profili-hr","9":"product_cat-svi-rezervni-dijelovi","11":"first","12":"instock","13":"sale","14":"taxable","15":"shipping-taxable","16":"purchasable","17":"product-type-simple"},"acf":[],"_links":{"self":[{"href":"https:\/\/azurefilm.com\/hr\/wp-json\/wp\/v2\/product\/12277","targetHints":{"allow":["GET"]}}],"collection":[{"href":"https:\/\/azurefilm.com\/hr\/wp-json\/wp\/v2\/product"}],"about":[{"href":"https:\/\/azurefilm.com\/hr\/wp-json\/wp\/v2\/types\/product"}],"replies":[{"embeddable":true,"href":"https:\/\/azurefilm.com\/hr\/wp-json\/wp\/v2\/comments?post=12277"}],"wp:featuredmedia":[{"embeddable":true,"href":"https:\/\/azurefilm.com\/hr\/wp-json\/wp\/v2\/media\/6402"}],"wp:attachment":[{"href":"https:\/\/azurefilm.com\/hr\/wp-json\/wp\/v2\/media?parent=12277"}],"wp:term":[{"taxonomy":"product_brand","embeddable":true,"href":"https:\/\/azurefilm.com\/hr\/wp-json\/wp\/v2\/product_brand?post=12277"},{"taxonomy":"product_cat","embeddable":true,"href":"https:\/\/azurefilm.com\/hr\/wp-json\/wp\/v2\/product_cat?post=12277"},{"taxonomy":"product_tag","embeddable":true,"href":"https:\/\/azurefilm.com\/hr\/wp-json\/wp\/v2\/product_tag?post=12277"},{"taxonomy":"brand","embeddable":true,"href":"https:\/\/azurefilm.com\/hr\/wp-json\/wp\/v2\/brand?post=12277"}],"curies":[{"name":"wp","href":"https:\/\/api.w.org\/{rel}","templated":true}]}}