
{"id":12281,"date":"2023-10-29T14:23:59","date_gmt":"2023-10-29T14:23:59","guid":{"rendered":"https:\/\/azurefilm.com\/product\/aluminijski-toplinski-blok-e3d-v5\/"},"modified":"2023-10-29T15:35:46","modified_gmt":"2023-10-29T15:35:46","slug":"aluminijski-toplinski-blok-e3d-v5","status":"publish","type":"product","link":"https:\/\/azurefilm.com\/hr\/proizvod\/aluminijski-toplinski-blok-e3d-v5\/","title":{"rendered":"Aluminijski toplinski blok E3D V5"},"content":{"rendered":"<h2><b>Klju\u010dne zna\u010dajke:<\/b><\/h2>\n<ul>\n<li>Izra\u0111en od \u010dvrstog aluminijskog materijala za izdr\u017eljivost<\/li>\n<li>Prihvatna mlaznica s M6 navojima<\/li>\n<li>Unutarnji otvor za vijak za pode\u0161avanje: M6 i M3<\/li>\n<li>Veli\u010dina: 16x16x12mm<\/li>\n<\/ul>\n","protected":false},"excerpt":{"rendered":"<p><strong>Aluminijski toplinski blok E3D V5<\/strong> izra\u0111en je od \u010dvrstog aluminijskog materijala za izdr\u017eljivost, dolazi u dimenzijama\u00a016x16x12 mm.<\/p>\n","protected":false},"featured_media":6454,"comment_status":"closed","ping_status":"closed","template":"","meta":{"_acf_changed":false},"product_brand":[],"product_cat":[481,482,483,502],"product_tag":[],"brand":[],"class_list":{"0":"post-12281","1":"product","2":"type-product","3":"status-publish","4":"has-post-thumbnail","6":"product_cat-akcija","7":"product_cat-rezervni-dijelovi","8":"product_cat-svi-rezervni-dijelovi","9":"product_cat-toplotski-blokovi","11":"first","12":"instock","13":"sale","14":"taxable","15":"shipping-taxable","16":"purchasable","17":"product-type-simple"},"acf":[],"_links":{"self":[{"href":"https:\/\/azurefilm.com\/hr\/wp-json\/wp\/v2\/product\/12281","targetHints":{"allow":["GET"]}}],"collection":[{"href":"https:\/\/azurefilm.com\/hr\/wp-json\/wp\/v2\/product"}],"about":[{"href":"https:\/\/azurefilm.com\/hr\/wp-json\/wp\/v2\/types\/product"}],"replies":[{"embeddable":true,"href":"https:\/\/azurefilm.com\/hr\/wp-json\/wp\/v2\/comments?post=12281"}],"wp:featuredmedia":[{"embeddable":true,"href":"https:\/\/azurefilm.com\/hr\/wp-json\/wp\/v2\/media\/6454"}],"wp:attachment":[{"href":"https:\/\/azurefilm.com\/hr\/wp-json\/wp\/v2\/media?parent=12281"}],"wp:term":[{"taxonomy":"product_brand","embeddable":true,"href":"https:\/\/azurefilm.com\/hr\/wp-json\/wp\/v2\/product_brand?post=12281"},{"taxonomy":"product_cat","embeddable":true,"href":"https:\/\/azurefilm.com\/hr\/wp-json\/wp\/v2\/product_cat?post=12281"},{"taxonomy":"product_tag","embeddable":true,"href":"https:\/\/azurefilm.com\/hr\/wp-json\/wp\/v2\/product_tag?post=12281"},{"taxonomy":"brand","embeddable":true,"href":"https:\/\/azurefilm.com\/hr\/wp-json\/wp\/v2\/brand?post=12281"}],"curies":[{"name":"wp","href":"https:\/\/api.w.org\/{rel}","templated":true}]}}