
{"id":12282,"date":"2023-10-29T14:23:59","date_gmt":"2023-10-29T14:23:59","guid":{"rendered":"https:\/\/azurefilm.com\/product\/dijamantni-ekstruder\/"},"modified":"2026-04-15T12:14:43","modified_gmt":"2026-04-15T12:14:43","slug":"dijamantni-ekstruder","status":"publish","type":"product","link":"https:\/\/azurefilm.com\/hr\/proizvod\/dijamantni-ekstruder\/","title":{"rendered":"Dijamantni ekstruder"},"content":{"rendered":"<h4>Dijamantni ekstruder<\/h4>\n<h3><strong>Glavne zna\u010dajke:<\/strong><\/h3>\n<ul>\n<li><strong>Materijal:<\/strong> Mjed<\/li>\n<li><strong>Veli\u010dina mlaznice:<\/strong> 0,4 mm<\/li>\n<li><strong>Veli\u010dina filamenta:<\/strong> 1,75 mm<\/li>\n<li><strong>Dizajn dijamantne mlaznice:<\/strong> Jedinstvena dijamantna mlaznica za u\u010dinkovito mije\u0161anje boja, pove\u0107avaju\u0107i preciznost ispisa.<\/li>\n<li><strong>Otvor za preciznu mlaznicu:<\/strong> Uobi\u010dajeni otvor od 0,4 mm za dosljedno detaljne i to\u010dne ispise.<\/li>\n<li><strong>Minimizirana komora za mije\u0161anje:<\/strong> Najmanja komora za mije\u0161anje smanjuje otpad filamenta i omogu\u0107uje brze promjene boja.<\/li>\n<li><strong>Brze promjene boja:<\/strong> Kompaktni dizajn olak\u0161ava brze prijelaze boja, optimiziraju\u0107i u\u010dinkovitost ispisa.<\/li>\n<li><strong>Kombinirani monta\u017eni nosa\u010d i zra\u010dni kanal:<\/strong> Integrirani nosa\u010d i zra\u010dni kanal pojednostavljuju postavljanje za optimalno hla\u0111enje.<\/li>\n<li><strong>U\u010dinkovito hla\u0111enje:<\/strong> Opremljen ventilatorom visoke u\u010dinkovitosti od 50 mm za dosljednu i pouzdanu izvedbu.<\/li>\n<\/ul>\n<p>Prednosti:<\/p>\n<ul>\n<li><strong>Pobolj\u0161ana preciznost:<\/strong> Postignite vrhunsku preciznost u usporedbi s ispisom s vi\u0161e mlaznica s tri razli\u010dite boje.<\/li>\n<li><strong>Minimalni otpad filamenta:<\/strong> Minimizirana komora za mije\u0161anje i u\u010dinkovite promjene boje zna\u010dajno smanjuju otpad filamenta.<\/li>\n<\/ul>\n","protected":false},"excerpt":{"rendered":"<p><strong>Dijamantni ekstruder<\/strong> s boljom precizno\u0161\u0107u u usporedbi s printanjem s vi\u0161e mlaznica, printa u 3 razli\u010dite boje.<\/p>\n","protected":false},"featured_media":6463,"comment_status":"closed","ping_status":"closed","template":"","meta":{"_acf_changed":false},"product_brand":[],"product_cat":[481,496,495,504,498,482,483],"product_tag":[],"brand":[],"class_list":{"0":"post-12282","1":"product","2":"type-product","3":"status-publish","4":"has-post-thumbnail","6":"product_cat-akcija","7":"product_cat-ekstruder-hr","8":"product_cat-ekstruderi","9":"product_cat-hotendovi","10":"product_cat-nadogradnje-ekstrudera","11":"product_cat-rezervni-dijelovi","12":"product_cat-svi-rezervni-dijelovi","14":"first","15":"instock","16":"sale","17":"taxable","18":"shipping-taxable","19":"purchasable","20":"product-type-simple"},"acf":[],"_links":{"self":[{"href":"https:\/\/azurefilm.com\/hr\/wp-json\/wp\/v2\/product\/12282","targetHints":{"allow":["GET"]}}],"collection":[{"href":"https:\/\/azurefilm.com\/hr\/wp-json\/wp\/v2\/product"}],"about":[{"href":"https:\/\/azurefilm.com\/hr\/wp-json\/wp\/v2\/types\/product"}],"replies":[{"embeddable":true,"href":"https:\/\/azurefilm.com\/hr\/wp-json\/wp\/v2\/comments?post=12282"}],"wp:featuredmedia":[{"embeddable":true,"href":"https:\/\/azurefilm.com\/hr\/wp-json\/wp\/v2\/media\/6463"}],"wp:attachment":[{"href":"https:\/\/azurefilm.com\/hr\/wp-json\/wp\/v2\/media?parent=12282"}],"wp:term":[{"taxonomy":"product_brand","embeddable":true,"href":"https:\/\/azurefilm.com\/hr\/wp-json\/wp\/v2\/product_brand?post=12282"},{"taxonomy":"product_cat","embeddable":true,"href":"https:\/\/azurefilm.com\/hr\/wp-json\/wp\/v2\/product_cat?post=12282"},{"taxonomy":"product_tag","embeddable":true,"href":"https:\/\/azurefilm.com\/hr\/wp-json\/wp\/v2\/product_tag?post=12282"},{"taxonomy":"brand","embeddable":true,"href":"https:\/\/azurefilm.com\/hr\/wp-json\/wp\/v2\/brand?post=12282"}],"curies":[{"name":"wp","href":"https:\/\/api.w.org\/{rel}","templated":true}]}}