
{"id":12285,"date":"2023-10-29T14:23:59","date_gmt":"2023-10-29T14:23:59","guid":{"rendered":"https:\/\/azurefilm.com\/product\/zeljezni-lancanik-za-ekstruder\/"},"modified":"2026-02-27T13:57:02","modified_gmt":"2026-02-27T13:57:02","slug":"zeljezni-lancanik-za-ekstruder","status":"publish","type":"product","link":"https:\/\/azurefilm.com\/hr\/proizvod\/zeljezni-lancanik-za-ekstruder\/","title":{"rendered":"\u017deljezni lan\u010danik za ekstruder"},"content":{"rendered":"<p><strong>Klju\u010dne zna\u010dajke:<\/strong><\/p>\n<ul>\n<li>Unutarnji fi 5mm<\/li>\n<li>Visina 12mm<\/li>\n<li>38 zuba<\/li>\n<li>Cijena je za 1 artikl<\/li>\n<\/ul>\n","protected":false},"excerpt":{"rendered":"<p><strong>\u017deljezni lan\u010danik za ekstruder<\/strong> s unutarnjim fi 5 mm, visinom 12 mm i 38 zubaca.<\/p>\n","protected":false},"featured_media":6506,"comment_status":"closed","ping_status":"closed","template":"","meta":{"_acf_changed":false},"product_brand":[],"product_cat":[481,497,495,482,483],"product_tag":[],"brand":[],"class_list":{"0":"post-12285","1":"product","2":"type-product","3":"status-publish","4":"has-post-thumbnail","6":"product_cat-akcija","7":"product_cat-djelovi-ekstrudera","8":"product_cat-ekstruderi","9":"product_cat-rezervni-dijelovi","10":"product_cat-svi-rezervni-dijelovi","12":"first","13":"instock","14":"sale","15":"taxable","16":"shipping-taxable","17":"purchasable","18":"product-type-simple"},"acf":[],"_links":{"self":[{"href":"https:\/\/azurefilm.com\/hr\/wp-json\/wp\/v2\/product\/12285","targetHints":{"allow":["GET"]}}],"collection":[{"href":"https:\/\/azurefilm.com\/hr\/wp-json\/wp\/v2\/product"}],"about":[{"href":"https:\/\/azurefilm.com\/hr\/wp-json\/wp\/v2\/types\/product"}],"replies":[{"embeddable":true,"href":"https:\/\/azurefilm.com\/hr\/wp-json\/wp\/v2\/comments?post=12285"}],"wp:featuredmedia":[{"embeddable":true,"href":"https:\/\/azurefilm.com\/hr\/wp-json\/wp\/v2\/media\/6506"}],"wp:attachment":[{"href":"https:\/\/azurefilm.com\/hr\/wp-json\/wp\/v2\/media?parent=12285"}],"wp:term":[{"taxonomy":"product_brand","embeddable":true,"href":"https:\/\/azurefilm.com\/hr\/wp-json\/wp\/v2\/product_brand?post=12285"},{"taxonomy":"product_cat","embeddable":true,"href":"https:\/\/azurefilm.com\/hr\/wp-json\/wp\/v2\/product_cat?post=12285"},{"taxonomy":"product_tag","embeddable":true,"href":"https:\/\/azurefilm.com\/hr\/wp-json\/wp\/v2\/product_tag?post=12285"},{"taxonomy":"brand","embeddable":true,"href":"https:\/\/azurefilm.com\/hr\/wp-json\/wp\/v2\/brand?post=12285"}],"curies":[{"name":"wp","href":"https:\/\/api.w.org\/{rel}","templated":true}]}}