
{"id":12286,"date":"2023-10-29T14:23:59","date_gmt":"2023-10-29T14:23:59","guid":{"rendered":"https:\/\/azurefilm.com\/product\/mjedeni-lancanik-za-ekstruder\/"},"modified":"2026-02-27T13:57:03","modified_gmt":"2026-02-27T13:57:03","slug":"mjedeni-lancanik-za-ekstruder","status":"publish","type":"product","link":"https:\/\/azurefilm.com\/hr\/proizvod\/mjedeni-lancanik-za-ekstruder\/","title":{"rendered":"Mjedeni lan\u010danik za ekstruder"},"content":{"rendered":"<h2><strong>Klju\u010dne zna\u010dajke:<\/strong><\/h2>\n<ul>\n<li>\u0160iroko kori\u0161ten u 3D printanju<\/li>\n<li>Omogu\u0107uje bolju glatko\u0107u i to\u010dnost pozicioniranja, \u0161to rezultira boljom kvalitetom printa<\/li>\n<li>Materijal: mesing<\/li>\n<li>Broj zuba: 26 zuba<\/li>\n<li>Dimenzija: 11x11mm<\/li>\n<li>Unutarnji fi 5mm<\/li>\n<li>Boja: zlatna<\/li>\n<li>Cijena je za 1 artikl<\/li>\n<\/ul>\n","protected":false},"excerpt":{"rendered":"<p><strong>Mjedeni lan\u010danik za ekstruder<\/strong>\u00a0koji daje bolju glatko\u0107u i to\u010dnost pozicioniranja, \u0161to rezultira boljom kvalitetom printa.<\/p>\n","protected":false},"featured_media":6511,"comment_status":"closed","ping_status":"closed","template":"","meta":{"_acf_changed":false},"product_brand":[],"product_cat":[481,497,495,482,483],"product_tag":[],"brand":[],"class_list":{"0":"post-12286","1":"product","2":"type-product","3":"status-publish","4":"has-post-thumbnail","6":"product_cat-akcija","7":"product_cat-djelovi-ekstrudera","8":"product_cat-ekstruderi","9":"product_cat-rezervni-dijelovi","10":"product_cat-svi-rezervni-dijelovi","11":"pa_compatible-with-creality-fdm-3d-printers","12":"pa_fits-printer-creality-cr-10","13":"pa_fits-printer-creality-ender-3","15":"first","16":"instock","17":"sale","18":"taxable","19":"shipping-taxable","20":"purchasable","21":"product-type-simple"},"acf":[],"_links":{"self":[{"href":"https:\/\/azurefilm.com\/hr\/wp-json\/wp\/v2\/product\/12286","targetHints":{"allow":["GET"]}}],"collection":[{"href":"https:\/\/azurefilm.com\/hr\/wp-json\/wp\/v2\/product"}],"about":[{"href":"https:\/\/azurefilm.com\/hr\/wp-json\/wp\/v2\/types\/product"}],"replies":[{"embeddable":true,"href":"https:\/\/azurefilm.com\/hr\/wp-json\/wp\/v2\/comments?post=12286"}],"wp:featuredmedia":[{"embeddable":true,"href":"https:\/\/azurefilm.com\/hr\/wp-json\/wp\/v2\/media\/6511"}],"wp:attachment":[{"href":"https:\/\/azurefilm.com\/hr\/wp-json\/wp\/v2\/media?parent=12286"}],"wp:term":[{"taxonomy":"product_brand","embeddable":true,"href":"https:\/\/azurefilm.com\/hr\/wp-json\/wp\/v2\/product_brand?post=12286"},{"taxonomy":"product_cat","embeddable":true,"href":"https:\/\/azurefilm.com\/hr\/wp-json\/wp\/v2\/product_cat?post=12286"},{"taxonomy":"product_tag","embeddable":true,"href":"https:\/\/azurefilm.com\/hr\/wp-json\/wp\/v2\/product_tag?post=12286"},{"taxonomy":"brand","embeddable":true,"href":"https:\/\/azurefilm.com\/hr\/wp-json\/wp\/v2\/brand?post=12286"}],"curies":[{"name":"wp","href":"https:\/\/api.w.org\/{rel}","templated":true}]}}