
{"id":12289,"date":"2023-10-29T14:23:59","date_gmt":"2023-10-29T14:23:59","guid":{"rendered":"https:\/\/azurefilm.com\/product\/ventilator-6010\/"},"modified":"2026-03-07T00:08:45","modified_gmt":"2026-03-07T00:08:45","slug":"ventilator-6010","status":"publish","type":"product","link":"https:\/\/azurefilm.com\/hr\/proizvod\/ventilator-6010\/","title":{"rendered":"Ventilator 6010 12\/24V"},"content":{"rendered":"<h2><strong>Klju\u010dne zna\u010dajke:<\/strong><\/h2>\n<ul>\n<li>Izvrsno za hla\u0111enje hladnjaka na vru\u0107im krajevima, printeve, ekstruder i <a href=\"https:\/\/azurefilm.com\/en\/3d-printer-parts\">ostale dijelove<\/a> na 3D pisa\u010du,<\/li>\n<li>Izra\u0111en od visokokvalitetnih materijala, ekolo\u0161ki prihvatljiv, siguran i bezopasan,<\/li>\n<li>Otporan na visoke temperature i izuzetno izdr\u017eljiv,<\/li>\n<li>Le\u017eaj je visoke preciznosti, dugog vijeka trajanja,<\/li>\n<li>\u00a0Velika brzina rotacije s malom bukom,<\/li>\n<li>Jednostavan za instalaciju.<\/li>\n<\/ul>\n<h2><strong>Specifikacije:<\/strong><\/h2>\n<ul>\n<li>Naziv artikla: 6010 12\/24V ventilator<\/li>\n<li>Dimenzija ventilatora: 60x60x10mm<\/li>\n<li>Vrsta le\u017eaja: rukavac<\/li>\n<li>Nazivni napon: DC 12\/24V<\/li>\n<li>Nazivna struja: 0.18 Amp\u00b110%<\/li>\n<li>Nazivna brzina: 3200 RPM\u00b110%<\/li>\n<li>Razina buke: 24dBA\u00b110%<\/li>\n<li>Protok zraka: 12.6 CFM\u00b110%<\/li>\n<li>Monta\u017ena dimenzija: 50.0\u00b10.3 mm<\/li>\n<\/ul>\n","protected":false},"excerpt":{"rendered":"<p><strong>Ventilator 6010<\/strong> za 3D pisa\u010de izvrstan je za hla\u0111enje na vru\u0107im krajevima, printa, ekstrudera i drugih dijelova na 3D pisa\u010du.<\/p>\n","protected":false},"featured_media":6554,"comment_status":"closed","ping_status":"closed","template":"","meta":{"_acf_changed":false},"product_brand":[],"product_cat":[481,482,483,499],"product_tag":[],"brand":[],"class_list":{"0":"post-12289","1":"product","2":"type-product","3":"status-publish","4":"has-post-thumbnail","6":"product_cat-akcija","7":"product_cat-rezervni-dijelovi","8":"product_cat-svi-rezervni-dijelovi","9":"product_cat-ventilatori","11":"first","12":"instock","13":"sale","14":"taxable","15":"shipping-taxable","16":"purchasable","17":"product-type-variable"},"acf":[],"_links":{"self":[{"href":"https:\/\/azurefilm.com\/hr\/wp-json\/wp\/v2\/product\/12289","targetHints":{"allow":["GET"]}}],"collection":[{"href":"https:\/\/azurefilm.com\/hr\/wp-json\/wp\/v2\/product"}],"about":[{"href":"https:\/\/azurefilm.com\/hr\/wp-json\/wp\/v2\/types\/product"}],"replies":[{"embeddable":true,"href":"https:\/\/azurefilm.com\/hr\/wp-json\/wp\/v2\/comments?post=12289"}],"wp:featuredmedia":[{"embeddable":true,"href":"https:\/\/azurefilm.com\/hr\/wp-json\/wp\/v2\/media\/6554"}],"wp:attachment":[{"href":"https:\/\/azurefilm.com\/hr\/wp-json\/wp\/v2\/media?parent=12289"}],"wp:term":[{"taxonomy":"product_brand","embeddable":true,"href":"https:\/\/azurefilm.com\/hr\/wp-json\/wp\/v2\/product_brand?post=12289"},{"taxonomy":"product_cat","embeddable":true,"href":"https:\/\/azurefilm.com\/hr\/wp-json\/wp\/v2\/product_cat?post=12289"},{"taxonomy":"product_tag","embeddable":true,"href":"https:\/\/azurefilm.com\/hr\/wp-json\/wp\/v2\/product_tag?post=12289"},{"taxonomy":"brand","embeddable":true,"href":"https:\/\/azurefilm.com\/hr\/wp-json\/wp\/v2\/brand?post=12289"}],"curies":[{"name":"wp","href":"https:\/\/api.w.org\/{rel}","templated":true}]}}