
{"id":12291,"date":"2023-10-29T14:23:59","date_gmt":"2023-10-29T14:23:59","guid":{"rendered":"https:\/\/azurefilm.com\/product\/vodilice-8-mm\/"},"modified":"2026-01-27T22:59:23","modified_gmt":"2026-01-27T22:59:23","slug":"vodilice-8-mm","status":"publish","type":"product","link":"https:\/\/azurefilm.com\/hr\/proizvod\/vodilice-8-mm\/","title":{"rendered":"Vodilice 8\/10\/12mm"},"content":{"rendered":"<h4>Vodilice 8\/10\/12mm<\/h4>\n<h3><strong>Klju\u010dne zna\u010dajke:<\/strong><\/h3>\n<ul>\n<li>Vodi\u010di su 100% potpuno novi i visoke kvalitete<\/li>\n<li>Oni su izdr\u017eljivi i prakti\u010dni za kori\u0161tenje<\/li>\n<li>Visoka preciznost, velika tvrdo\u0107a<\/li>\n<li>Glatka povr\u0161ina, otporna na trenje i koroziju<\/li>\n<li>Primjenjivi za 3D pisa\u010de.<\/li>\n<\/ul>\n<h3><strong>Dostupno u razli\u010ditim duljinama koje odgovaraju va\u0161im potrebama:<\/strong><\/h3>\n<p>Vodilice 8 mm<\/p>\n<ul>\n<li>400 mm<\/li>\n<li>500 mm<\/li>\n<li>600 mm<\/li>\n<li>1000 mm<\/li>\n<\/ul>\n<p>Vodilice 10 mm<\/p>\n<ul>\n<li>500 mm<\/li>\n<li>1000 mm<\/li>\n<\/ul>\n<p>Promjer 12 mm<\/p>\n<ul>\n<li>500 mm<\/li>\n<li>1000 mm<\/li>\n<\/ul>\n<p>&nbsp;<\/p>\n","protected":false},"excerpt":{"rendered":"<h4>Vodilice 8\/10\/12mm za 3D pisa\u010d promjera 8mm i duljine 274mm, 322mm ili 436mm.<\/h4>\n","protected":false},"featured_media":6596,"comment_status":"closed","ping_status":"closed","template":"","meta":{"_acf_changed":false},"product_brand":[],"product_cat":[481,485,482,483],"product_tag":[],"brand":[],"class_list":{"0":"post-12291","1":"product","2":"type-product","3":"status-publish","4":"has-post-thumbnail","6":"product_cat-akcija","7":"product_cat-lezajevi-i-vodilice","8":"product_cat-rezervni-dijelovi","9":"product_cat-svi-rezervni-dijelovi","11":"first","12":"instock","13":"sale","14":"taxable","15":"shipping-taxable","16":"purchasable","17":"product-type-variable"},"acf":[],"_links":{"self":[{"href":"https:\/\/azurefilm.com\/hr\/wp-json\/wp\/v2\/product\/12291","targetHints":{"allow":["GET"]}}],"collection":[{"href":"https:\/\/azurefilm.com\/hr\/wp-json\/wp\/v2\/product"}],"about":[{"href":"https:\/\/azurefilm.com\/hr\/wp-json\/wp\/v2\/types\/product"}],"replies":[{"embeddable":true,"href":"https:\/\/azurefilm.com\/hr\/wp-json\/wp\/v2\/comments?post=12291"}],"wp:featuredmedia":[{"embeddable":true,"href":"https:\/\/azurefilm.com\/hr\/wp-json\/wp\/v2\/media\/6596"}],"wp:attachment":[{"href":"https:\/\/azurefilm.com\/hr\/wp-json\/wp\/v2\/media?parent=12291"}],"wp:term":[{"taxonomy":"product_brand","embeddable":true,"href":"https:\/\/azurefilm.com\/hr\/wp-json\/wp\/v2\/product_brand?post=12291"},{"taxonomy":"product_cat","embeddable":true,"href":"https:\/\/azurefilm.com\/hr\/wp-json\/wp\/v2\/product_cat?post=12291"},{"taxonomy":"product_tag","embeddable":true,"href":"https:\/\/azurefilm.com\/hr\/wp-json\/wp\/v2\/product_tag?post=12291"},{"taxonomy":"brand","embeddable":true,"href":"https:\/\/azurefilm.com\/hr\/wp-json\/wp\/v2\/brand?post=12291"}],"curies":[{"name":"wp","href":"https:\/\/api.w.org\/{rel}","templated":true}]}}