
{"id":12292,"date":"2023-10-29T14:23:59","date_gmt":"2023-10-29T14:23:59","guid":{"rendered":"https:\/\/azurefilm.com\/product\/napajanje-24v\/"},"modified":"2026-03-13T18:32:17","modified_gmt":"2026-03-13T18:32:17","slug":"napajanje-24v","status":"publish","type":"product","link":"https:\/\/azurefilm.com\/hr\/proizvod\/napajanje-24v\/","title":{"rendered":"Napajanje 12\/24V 150 &#8211; 350W"},"content":{"rendered":"<h4>Napajanje 12\/24V 150 &#8211; 350W<\/h4>\n<h3><strong>Glavne zna\u010dajke:<\/strong><\/h3>\n<p><strong>Napajanje 12\/24V 150 &#8211; 350W<\/strong> Klju\u010dne zna\u010dajke:<\/p>\n<ul>\n<li><strong>Napajanje:<\/strong> 12V &#8211; 350W &#8211; 30A<\/li>\n<li><strong>Izlazni napon:<\/strong> 12 volti<\/li>\n<li><strong>Izlazna snaga:<\/strong> 350 vati<\/li>\n<li><strong>Izlazna struja:<\/strong> 30 ampera<\/li>\n<li><strong>Visoka snaga:<\/strong> Pogodno za primjene koje zahtijevaju ve\u0107u potro\u0161nju energije.<\/li>\n<li><strong>Vsestransko:<\/strong> Mo\u017ee napajati razne ure\u0111aje i elektroni\u010dke komponente.<\/li>\n<\/ul>\n<p><strong>Napajanje:<\/strong> 24V &#8211; 350W &#8211; 15A<\/p>\n<ul>\n<li><strong>Izlazni napon:<\/strong> 24 volti<\/li>\n<li><strong>Izlazna snaga:<\/strong> 350 vati<\/li>\n<li><strong>Izlazna struja:<\/strong> 15 ampera<\/li>\n<li><strong>Vi\u0161i napon:<\/strong> Pogodno za ure\u0111aje koji rade na 24V sustavu.<\/li>\n<li><strong>Balansirana snaga:<\/strong> Pru\u017ea ravnote\u017eu izme\u0111u napona i struje.<\/li>\n<\/ul>\n<p><strong>Napajanje:<\/strong> 12V &#8211; 250W &#8211; 20A<\/p>\n<ul>\n<li><strong>Izlazni napon:<\/strong> 12 volti<\/li>\n<li><strong>Izlazna snaga:<\/strong> 250 vati<\/li>\n<li><strong>Izlazna struja:<\/strong> 20 ampera<\/li>\n<li><strong>Umjerena snaga:<\/strong> Pogodno za primjene s umjerenim energetskim zahtjevima.<\/li>\n<li><strong>Vi\u0161a struja:<\/strong> Pru\u017ea vi\u0161u struju za ure\u0111aje koji je zahtijevaju.<\/li>\n<\/ul>\n<p><strong>Napajanje:<\/strong> 12V &#8211; 150W &#8211; 12.5A<\/p>\n<ul>\n<li><strong>Izlazni napon:<\/strong> 12 volti<\/li>\n<li><strong>Izlazna snaga:<\/strong> 150 vati<\/li>\n<li><strong>Izlazna struja:<\/strong> 12.5 ampera<\/li>\n<li><strong>Kompaktna snaga:<\/strong> Pogodno za ure\u0111aje s ni\u017eim energetskim zahtjevima.<\/li>\n<li><strong>Umjerena struja:<\/strong> Pru\u017ea umjerenu struju za razli\u010dite primjene.<\/li>\n<\/ul>\n","protected":false},"excerpt":{"rendered":"<h4>Napajanje 12\/24V 150 &#8211; 350W<\/h4>\n","protected":false},"featured_media":6601,"comment_status":"closed","ping_status":"closed","template":"","meta":{"_acf_changed":false},"product_brand":[],"product_cat":[482,481,512,809,483],"product_tag":[],"brand":[],"class_list":{"0":"post-12292","1":"product","2":"type-product","3":"status-publish","4":"has-post-thumbnail","6":"product_cat-rezervni-dijelovi","7":"product_cat-akcija","8":"product_cat-drugi-proizvodi","9":"product_cat-elektronika-hr","10":"product_cat-svi-rezervni-dijelovi","12":"first","13":"instock","14":"sale","15":"taxable","16":"shipping-taxable","17":"purchasable","18":"product-type-variable"},"acf":[],"_links":{"self":[{"href":"https:\/\/azurefilm.com\/hr\/wp-json\/wp\/v2\/product\/12292","targetHints":{"allow":["GET"]}}],"collection":[{"href":"https:\/\/azurefilm.com\/hr\/wp-json\/wp\/v2\/product"}],"about":[{"href":"https:\/\/azurefilm.com\/hr\/wp-json\/wp\/v2\/types\/product"}],"replies":[{"embeddable":true,"href":"https:\/\/azurefilm.com\/hr\/wp-json\/wp\/v2\/comments?post=12292"}],"wp:featuredmedia":[{"embeddable":true,"href":"https:\/\/azurefilm.com\/hr\/wp-json\/wp\/v2\/media\/6601"}],"wp:attachment":[{"href":"https:\/\/azurefilm.com\/hr\/wp-json\/wp\/v2\/media?parent=12292"}],"wp:term":[{"taxonomy":"product_brand","embeddable":true,"href":"https:\/\/azurefilm.com\/hr\/wp-json\/wp\/v2\/product_brand?post=12292"},{"taxonomy":"product_cat","embeddable":true,"href":"https:\/\/azurefilm.com\/hr\/wp-json\/wp\/v2\/product_cat?post=12292"},{"taxonomy":"product_tag","embeddable":true,"href":"https:\/\/azurefilm.com\/hr\/wp-json\/wp\/v2\/product_tag?post=12292"},{"taxonomy":"brand","embeddable":true,"href":"https:\/\/azurefilm.com\/hr\/wp-json\/wp\/v2\/brand?post=12292"}],"curies":[{"name":"wp","href":"https:\/\/api.w.org\/{rel}","templated":true}]}}