
{"id":12293,"date":"2023-10-29T14:23:59","date_gmt":"2023-10-29T14:23:59","guid":{"rendered":"https:\/\/azurefilm.com\/product\/zupcasti-remen-gt2\/"},"modified":"2026-03-30T20:31:49","modified_gmt":"2026-03-30T20:31:49","slug":"zupcasti-remen-gt2","status":"publish","type":"product","link":"https:\/\/azurefilm.com\/hr\/proizvod\/zupcasti-remen-gt2\/","title":{"rendered":"Zup\u010dasti remen GT2"},"content":{"rendered":"<h2><b>Klju\u010dne zna\u010dajke:<\/b><\/h2>\n<ul>\n<li>\u0161irine 6 mm,<\/li>\n<li>Izdr\u017eljiv i prakti\u010dan,<\/li>\n<li>Ima sna\u017enu otpornost na tro\u0161enje,<\/li>\n<li>Visoka to\u010dnost pozicioniranja i ponovljivost,<\/li>\n<li>GT2 sustav zup\u010dastog remena posebno je pogodan za linearno kretanje i aplikacije pozicioniranja kao \u0161to je 3D pisa\u010d.<\/li>\n<\/ul>\n<h2><strong>Specifikacije:<\/strong><\/h2>\n<ul>\n<li>Naziv artikla: GT2 zup\u010dasti remen<\/li>\n<li>Boja: crna<\/li>\n<li>Vrsta: otvoreni pojas<\/li>\n<li>Du\u017eina: po metru<\/li>\n<li>\u0160irina remena: 6 mm<\/li>\n<li>Prikladno za: 3D pisa\u010d<\/li>\n<\/ul>\n","protected":false},"excerpt":{"rendered":"<p>Izdr\u017eljivi <strong>zup\u010dasti remen GT2<\/strong> \u0161irok je 6 mm i prikladan je za 3D pisa\u010de.<\/p>\n","protected":false},"featured_media":6610,"comment_status":"closed","ping_status":"closed","template":"","meta":{"_acf_changed":false},"product_brand":[],"product_cat":[481,512,482,483],"product_tag":[],"brand":[],"class_list":{"0":"post-12293","1":"product","2":"type-product","3":"status-publish","4":"has-post-thumbnail","6":"product_cat-akcija","7":"product_cat-drugi-proizvodi","8":"product_cat-rezervni-dijelovi","9":"product_cat-svi-rezervni-dijelovi","11":"first","12":"instock","13":"sale","14":"taxable","15":"shipping-taxable","16":"purchasable","17":"product-type-simple"},"acf":[],"_links":{"self":[{"href":"https:\/\/azurefilm.com\/hr\/wp-json\/wp\/v2\/product\/12293","targetHints":{"allow":["GET"]}}],"collection":[{"href":"https:\/\/azurefilm.com\/hr\/wp-json\/wp\/v2\/product"}],"about":[{"href":"https:\/\/azurefilm.com\/hr\/wp-json\/wp\/v2\/types\/product"}],"replies":[{"embeddable":true,"href":"https:\/\/azurefilm.com\/hr\/wp-json\/wp\/v2\/comments?post=12293"}],"wp:featuredmedia":[{"embeddable":true,"href":"https:\/\/azurefilm.com\/hr\/wp-json\/wp\/v2\/media\/6610"}],"wp:attachment":[{"href":"https:\/\/azurefilm.com\/hr\/wp-json\/wp\/v2\/media?parent=12293"}],"wp:term":[{"taxonomy":"product_brand","embeddable":true,"href":"https:\/\/azurefilm.com\/hr\/wp-json\/wp\/v2\/product_brand?post=12293"},{"taxonomy":"product_cat","embeddable":true,"href":"https:\/\/azurefilm.com\/hr\/wp-json\/wp\/v2\/product_cat?post=12293"},{"taxonomy":"product_tag","embeddable":true,"href":"https:\/\/azurefilm.com\/hr\/wp-json\/wp\/v2\/product_tag?post=12293"},{"taxonomy":"brand","embeddable":true,"href":"https:\/\/azurefilm.com\/hr\/wp-json\/wp\/v2\/brand?post=12293"}],"curies":[{"name":"wp","href":"https:\/\/api.w.org\/{rel}","templated":true}]}}