
{"id":12294,"date":"2023-10-29T14:23:59","date_gmt":"2023-10-29T14:23:59","guid":{"rendered":"https:\/\/azurefilm.com\/product\/aluminijska-spojnica-celjusne-osovine-motora\/"},"modified":"2026-03-23T07:32:01","modified_gmt":"2026-03-23T07:32:01","slug":"aluminijska-spojnica-celjusne-osovine-motora","status":"publish","type":"product","link":"https:\/\/azurefilm.com\/hr\/proizvod\/aluminijska-spojnica-celjusne-osovine-motora\/","title":{"rendered":"Aluminijska spojnica \u010deljusne osovine motora"},"content":{"rendered":"<h2><strong>Klju\u010dne zna\u010dajke:<\/strong><\/h2>\n<ul>\n<li>Aluminijska spojnica \u010deljusne osovine motora izra\u0111ena je od visokokvalitetnog materijala i dolazi u tri razli\u010dite veli\u010dine.<\/li>\n<li>Izdr\u017eljiva je i prakti\u010dna za kori\u0161tenje.<\/li>\n<\/ul>\n<h3><strong>Fleksibilni prekida\u010d za pogonsku osovinu Z :<\/strong><\/h3>\n<ul>\n<li>Od fi 5mm od motora na fi 5mm<\/li>\n<li>Od fi 5mm od motora na fi 8mm<\/li>\n<li>Od fi 5mm od motora na fi 10mm<\/li>\n<\/ul>\n","protected":false},"excerpt":{"rendered":"<p><strong>Aluminijska spojnica \u010deljusne osovine motora<\/strong> izra\u0111ena je od visokokvalitetnog materijala i dolazi u tri razli\u010dite veli\u010dine.<\/p>\n","protected":false},"featured_media":6623,"comment_status":"closed","ping_status":"closed","template":"","meta":{"_acf_changed":false},"product_brand":[],"product_cat":[481,485,482,483],"product_tag":[],"brand":[],"class_list":{"0":"post-12294","1":"product","2":"type-product","3":"status-publish","4":"has-post-thumbnail","6":"product_cat-akcija","7":"product_cat-lezajevi-i-vodilice","8":"product_cat-rezervni-dijelovi","9":"product_cat-svi-rezervni-dijelovi","11":"first","12":"instock","13":"sale","14":"taxable","15":"shipping-taxable","16":"purchasable","17":"product-type-variable"},"acf":[],"_links":{"self":[{"href":"https:\/\/azurefilm.com\/hr\/wp-json\/wp\/v2\/product\/12294","targetHints":{"allow":["GET"]}}],"collection":[{"href":"https:\/\/azurefilm.com\/hr\/wp-json\/wp\/v2\/product"}],"about":[{"href":"https:\/\/azurefilm.com\/hr\/wp-json\/wp\/v2\/types\/product"}],"replies":[{"embeddable":true,"href":"https:\/\/azurefilm.com\/hr\/wp-json\/wp\/v2\/comments?post=12294"}],"wp:featuredmedia":[{"embeddable":true,"href":"https:\/\/azurefilm.com\/hr\/wp-json\/wp\/v2\/media\/6623"}],"wp:attachment":[{"href":"https:\/\/azurefilm.com\/hr\/wp-json\/wp\/v2\/media?parent=12294"}],"wp:term":[{"taxonomy":"product_brand","embeddable":true,"href":"https:\/\/azurefilm.com\/hr\/wp-json\/wp\/v2\/product_brand?post=12294"},{"taxonomy":"product_cat","embeddable":true,"href":"https:\/\/azurefilm.com\/hr\/wp-json\/wp\/v2\/product_cat?post=12294"},{"taxonomy":"product_tag","embeddable":true,"href":"https:\/\/azurefilm.com\/hr\/wp-json\/wp\/v2\/product_tag?post=12294"},{"taxonomy":"brand","embeddable":true,"href":"https:\/\/azurefilm.com\/hr\/wp-json\/wp\/v2\/brand?post=12294"}],"curies":[{"name":"wp","href":"https:\/\/api.w.org\/{rel}","templated":true}]}}