
{"id":12295,"date":"2023-10-29T14:23:59","date_gmt":"2023-10-29T14:23:59","guid":{"rendered":"https:\/\/azurefilm.com\/product\/lcd-potpuni-graficki-pametni-kontroler\/"},"modified":"2026-03-16T15:21:53","modified_gmt":"2026-03-16T15:21:53","slug":"lcd-potpuni-graficki-pametni-kontroler","status":"publish","type":"product","link":"https:\/\/azurefilm.com\/hr\/proizvod\/lcd-potpuni-graficki-pametni-kontroler\/","title":{"rendered":"LCD potpuni grafi\u010dki pametni kontroler"},"content":{"rendered":"<h2><strong>Klju\u010dne zna\u010dajke:<\/strong><\/h2>\n<ul>\n<li>Ovaj potpuni grafi\u010dki Smart Controller sadr\u017ei \u010dita\u010d SD-kartica, ravne kabele, 128&#215;64 matri\u010dni LCD zaslon i pametni adapter za Ramps 1.4.<\/li>\n<li>Mo\u017eete ga jednostavno spojiti na svoju Ramps plo\u010du pomo\u0107u uklju\u010denog &#8220;pametnog adaptera.<\/li>\n","protected":false},"excerpt":{"rendered":"<p><strong>LCD potpuni grafi\u010dki pametni kontroler<\/strong> ima LCD od 128&#215;64 to\u010daka i \u010dita\u010d SD kartica. Dolazi s ravnim kabelima i pametnim adapterom za Ramps 1.4.<\/p>\n","protected":false},"featured_media":6644,"comment_status":"closed","ping_status":"closed","template":"","meta":{"_acf_changed":false},"product_brand":[],"product_cat":[481,505,482,483],"product_tag":[],"brand":[],"class_list":{"0":"post-12295","1":"product","2":"type-product","3":"status-publish","4":"has-post-thumbnail","6":"product_cat-akcija","7":"product_cat-maticne-ploce","8":"product_cat-rezervni-dijelovi","9":"product_cat-svi-rezervni-dijelovi","11":"first","12":"instock","13":"sale","14":"taxable","15":"shipping-taxable","16":"purchasable","17":"product-type-simple"},"acf":[],"_links":{"self":[{"href":"https:\/\/azurefilm.com\/hr\/wp-json\/wp\/v2\/product\/12295","targetHints":{"allow":["GET"]}}],"collection":[{"href":"https:\/\/azurefilm.com\/hr\/wp-json\/wp\/v2\/product"}],"about":[{"href":"https:\/\/azurefilm.com\/hr\/wp-json\/wp\/v2\/types\/product"}],"replies":[{"embeddable":true,"href":"https:\/\/azurefilm.com\/hr\/wp-json\/wp\/v2\/comments?post=12295"}],"wp:featuredmedia":[{"embeddable":true,"href":"https:\/\/azurefilm.com\/hr\/wp-json\/wp\/v2\/media\/6644"}],"wp:attachment":[{"href":"https:\/\/azurefilm.com\/hr\/wp-json\/wp\/v2\/media?parent=12295"}],"wp:term":[{"taxonomy":"product_brand","embeddable":true,"href":"https:\/\/azurefilm.com\/hr\/wp-json\/wp\/v2\/product_brand?post=12295"},{"taxonomy":"product_cat","embeddable":true,"href":"https:\/\/azurefilm.com\/hr\/wp-json\/wp\/v2\/product_cat?post=12295"},{"taxonomy":"product_tag","embeddable":true,"href":"https:\/\/azurefilm.com\/hr\/wp-json\/wp\/v2\/product_tag?post=12295"},{"taxonomy":"brand","embeddable":true,"href":"https:\/\/azurefilm.com\/hr\/wp-json\/wp\/v2\/brand?post=12295"}],"curies":[{"name":"wp","href":"https:\/\/api.w.org\/{rel}","templated":true}]}}