
{"id":12299,"date":"2023-10-29T14:24:55","date_gmt":"2023-10-29T14:24:55","guid":{"rendered":"https:\/\/azurefilm.com\/product\/nema-23-koracni-motor\/"},"modified":"2026-02-13T08:44:51","modified_gmt":"2026-02-13T08:44:51","slug":"nema-23-koracni-motor","status":"publish","type":"product","link":"https:\/\/azurefilm.com\/hr\/proizvod\/nema-23-koracni-motor\/","title":{"rendered":"NEMA 23 kora\u010dni motor"},"content":{"rendered":"<h2><strong>Klju\u010dne zna\u010dajke:<\/strong><\/h2>\n<ul>\n<li>\n<h3><strong>VISOKI OKRETNI MOMENT:<\/strong><\/h3>\n<\/li>\n<\/ul>\n<p>Usvajaju\u0107i visokokvalitetni motorni \u010deli\u010dni materijal, komplet kora\u010dnog motora 3D pisa\u010da ima visok okretni moment, nisku reaktanciju samoinduktivnosti, osjetljiv je i mo\u017ee izbje\u0107i gre\u0161ku sustava.<\/p>\n<ul>\n<li>\n<h3><strong>NISKA BUKA: \u00a0<\/strong><\/h3>\n<\/li>\n<\/ul>\n<p>Rotor je prekriven gumom koja u\u010dinkovito smanjuje buku.<\/p>\n<ul>\n<li>\n<h3><strong>IZDR\u017dLJIV &amp; JAK:<\/strong><\/h3>\n<\/li>\n<\/ul>\n<p>Na\u0161 mini motor koristi metal visoke tvrdo\u0107e, \u010dvrst je i izdr\u017eljiv. A mat tekstura u bo\u010dnoj stijenci mo\u017ee pove\u0107ati trenje.<\/p>\n<ul>\n<li>\n<h3><strong>\u0160IROKA PRIMJENA:<\/strong><\/h3>\n<\/li>\n<\/ul>\n<p>Ovi mali motori mogu se koristiti u raznim podru\u010djima, kao \u0161to je pozornica; lasersko graviranje; tekstilni strojevi; medicinska oprema; stroj za postavljanje; nestandardna oprema; 3D pisa\u010d; oprema za automatizaciju itd.<\/p>\n<ul>\n<li>\n<h3><strong>\u0160TO JE U PAKETU:<\/strong><\/h3>\n<\/li>\n<\/ul>\n<p>Paket uklju\u010duje 1 kora\u010dni motor.<\/p>\n","protected":false},"excerpt":{"rendered":"<p><strong>NEMA 23 kora\u010dni motor<\/strong> je tih, ima dug vijek trajanja i visoke performanse.<\/p>\n","protected":false},"featured_media":30156,"comment_status":"closed","ping_status":"closed","template":"","meta":{"_acf_changed":false},"product_brand":[],"product_cat":[481,508,506,482,483],"product_tag":[],"brand":[],"class_list":{"0":"post-12299","1":"product","2":"type-product","3":"status-publish","4":"has-post-thumbnail","6":"product_cat-akcija","7":"product_cat-koracni-motori","8":"product_cat-motori-driveri","9":"product_cat-rezervni-dijelovi","10":"product_cat-svi-rezervni-dijelovi","12":"first","13":"instock","14":"sale","15":"taxable","16":"shipping-taxable","17":"purchasable","18":"product-type-simple"},"acf":[],"_links":{"self":[{"href":"https:\/\/azurefilm.com\/hr\/wp-json\/wp\/v2\/product\/12299","targetHints":{"allow":["GET"]}}],"collection":[{"href":"https:\/\/azurefilm.com\/hr\/wp-json\/wp\/v2\/product"}],"about":[{"href":"https:\/\/azurefilm.com\/hr\/wp-json\/wp\/v2\/types\/product"}],"replies":[{"embeddable":true,"href":"https:\/\/azurefilm.com\/hr\/wp-json\/wp\/v2\/comments?post=12299"}],"wp:featuredmedia":[{"embeddable":true,"href":"https:\/\/azurefilm.com\/hr\/wp-json\/wp\/v2\/media\/30156"}],"wp:attachment":[{"href":"https:\/\/azurefilm.com\/hr\/wp-json\/wp\/v2\/media?parent=12299"}],"wp:term":[{"taxonomy":"product_brand","embeddable":true,"href":"https:\/\/azurefilm.com\/hr\/wp-json\/wp\/v2\/product_brand?post=12299"},{"taxonomy":"product_cat","embeddable":true,"href":"https:\/\/azurefilm.com\/hr\/wp-json\/wp\/v2\/product_cat?post=12299"},{"taxonomy":"product_tag","embeddable":true,"href":"https:\/\/azurefilm.com\/hr\/wp-json\/wp\/v2\/product_tag?post=12299"},{"taxonomy":"brand","embeddable":true,"href":"https:\/\/azurefilm.com\/hr\/wp-json\/wp\/v2\/brand?post=12299"}],"curies":[{"name":"wp","href":"https:\/\/api.w.org\/{rel}","templated":true}]}}