
{"id":12301,"date":"2023-10-29T14:24:55","date_gmt":"2023-10-29T14:24:55","guid":{"rendered":"https:\/\/azurefilm.com\/product\/5015-turbinski-ventilator-za-hladenje\/"},"modified":"2026-01-30T16:13:36","modified_gmt":"2026-01-30T16:13:36","slug":"5015-turbinski-ventilator-za-hladenje","status":"publish","type":"product","link":"https:\/\/azurefilm.com\/hr\/proizvod\/5015-turbinski-ventilator-za-hladenje\/","title":{"rendered":"5015 Turbinski ventilator za hla\u0111enje"},"content":{"rendered":"<h2><span style=\"text-decoration: underline;\"><strong>Klju\u010dne zna\u010dajke:<\/strong><\/span><\/h2>\n<p><strong>5015 Turbine Blower Cooling Ventilator<\/strong> za 3D pisa\u010d izvrstan je za hla\u0111enje na vru\u0107im krajevima, krajevima printa, ekstrudera i drugih dijelova na 3D pisa\u010du.<br \/>\nOsim toga, brzi okretaji mogu brzo ohladiti va\u0161 pisa\u010d. Izra\u0111en od visokokvalitetnih materijala, ovaj ventilator za hla\u0111enje je ekolo\u0161ki prihvatljiv, siguran i bezopasan.<\/p>\n<ul>\n<li>Izvrsno za hla\u0111enje hladnjaka na vru\u0107im dijelovima, printa, ekstrudera i drugih dijelova na 3D pisa\u010dima,<\/li>\n<li>Izra\u0111en od visokokvalitetnih materijala, ekolo\u0161ki prihvatljiviv, siguran i bezopasan,<\/li>\n<li>Otporan na visoke temperature i izuzetno izdr\u017eljiv,<\/li>\n<li>Le\u017eaj je visoke preciznosti, dugog vijeka trajanja,<\/li>\n<li>50mm radijalni ventilator za hla\u0111enje s 2 pinskim konektorom,<\/li>\n<li>Velika brzina rotacije s niskim \u0161umom,<\/li>\n<li>Jednostavan za instalaciju.<\/li>\n<\/ul>\n<h2><span style=\"text-decoration: underline;\"><strong>Specifikacije<\/strong>:<\/span><\/h2>\n<ul>\n<li>Boja glavnog tijela: crni proizvod<\/li>\n<li>Veli\u010dina: 50&#215;15 mm<\/li>\n<li>Veli\u010dina ulaza zraka: 32.3 mm<\/li>\n<li>Veli\u010dina izlaza zraka: 20&#215;15 mm<\/li>\n<li>Vrste: 12V, 24V (opcionalno)<\/li>\n<\/ul>\n<h3><strong>Za ventilator od 12 V:<\/strong><\/h3>\n<ul>\n<li>Nazivni napon: DC 12V<\/li>\n<li>Nazivna struja: 0.28 A<\/li>\n<li>Potro\u0161nja energije: 3.36 W<\/li>\n<li>Okretaji: 6800 \u00b1 10% RPM<\/li>\n<li>Buka: 35 DBA<\/li>\n<\/ul>\n<h3><strong>Za ventilator od 24 V:<\/strong><\/h3>\n<ul>\n<li>Nazivni napon: DC 24V<\/li>\n<li>Okretaji: 4200 \u00b1 10% RPM<\/li>\n<\/ul>\n","protected":false},"excerpt":{"rendered":"<p><strong>5015 turbinski ventilator za hla\u0111enje<\/strong> za 3D pisa\u010d izvrstan je za hla\u0111enje na vru\u0107im krajevima, printa, ekstrudera i drugih dijelova na 3D pisa\u010du.<\/p>\n","protected":false},"featured_media":6686,"comment_status":"closed","ping_status":"closed","template":"","meta":{"_acf_changed":false},"product_brand":[],"product_cat":[481,482,483,499],"product_tag":[],"brand":[],"class_list":{"0":"post-12301","1":"product","2":"type-product","3":"status-publish","4":"has-post-thumbnail","6":"product_cat-akcija","7":"product_cat-rezervni-dijelovi","8":"product_cat-svi-rezervni-dijelovi","9":"product_cat-ventilatori","11":"first","12":"instock","13":"sale","14":"taxable","15":"shipping-taxable","16":"purchasable","17":"product-type-variable"},"acf":[],"_links":{"self":[{"href":"https:\/\/azurefilm.com\/hr\/wp-json\/wp\/v2\/product\/12301","targetHints":{"allow":["GET"]}}],"collection":[{"href":"https:\/\/azurefilm.com\/hr\/wp-json\/wp\/v2\/product"}],"about":[{"href":"https:\/\/azurefilm.com\/hr\/wp-json\/wp\/v2\/types\/product"}],"replies":[{"embeddable":true,"href":"https:\/\/azurefilm.com\/hr\/wp-json\/wp\/v2\/comments?post=12301"}],"wp:featuredmedia":[{"embeddable":true,"href":"https:\/\/azurefilm.com\/hr\/wp-json\/wp\/v2\/media\/6686"}],"wp:attachment":[{"href":"https:\/\/azurefilm.com\/hr\/wp-json\/wp\/v2\/media?parent=12301"}],"wp:term":[{"taxonomy":"product_brand","embeddable":true,"href":"https:\/\/azurefilm.com\/hr\/wp-json\/wp\/v2\/product_brand?post=12301"},{"taxonomy":"product_cat","embeddable":true,"href":"https:\/\/azurefilm.com\/hr\/wp-json\/wp\/v2\/product_cat?post=12301"},{"taxonomy":"product_tag","embeddable":true,"href":"https:\/\/azurefilm.com\/hr\/wp-json\/wp\/v2\/product_tag?post=12301"},{"taxonomy":"brand","embeddable":true,"href":"https:\/\/azurefilm.com\/hr\/wp-json\/wp\/v2\/brand?post=12301"}],"curies":[{"name":"wp","href":"https:\/\/api.w.org\/{rel}","templated":true}]}}