
{"id":12303,"date":"2023-10-29T14:24:55","date_gmt":"2023-10-29T14:24:55","guid":{"rendered":"https:\/\/azurefilm.com\/product\/100k-termistor-s-kabelom-i-konektorom\/"},"modified":"2026-02-11T18:59:04","modified_gmt":"2026-02-11T18:59:04","slug":"100k-termistor-s-kabelom-i-konektorom","status":"publish","type":"product","link":"https:\/\/azurefilm.com\/hr\/proizvod\/100k-termistor-s-kabelom-i-konektorom\/","title":{"rendered":"100K termistor s kabelom i konektorom"},"content":{"rendered":"<h2><strong>Klju\u010dne zna\u010dajke:<\/strong><\/h2>\n<p><strong>100K termistor s kabelom i priklju\u010dkom<\/strong> za ve\u0107inu ekstrudera grijanih postolja &amp; 3D pisa\u010da. Izra\u0111en od visokokvalitetnog i izdr\u017eljivog materijala, tako da ga nije lako slomiti.<\/p>\n<ul>\n<li>Sa \u017eicom otpornom na visoke temperature od 200 stupnjeva<\/li>\n<li>Izdr\u017eljiv materijal za dug vijek trajanja<\/li>\n<li>Teflonska \u017eica dvostruko je deblja od ostalih sli\u010dnih proizvoda na tr\u017ei\u0161tu<\/li>\n<li>Ne mo\u017ee se lako prekinuti<\/li>\n<\/ul>\n<h2><strong>Specifikacije:<\/strong><\/h2>\n<ul>\n<li>Materijal: visokotemperaturni teflon (200\u00b0C)<\/li>\n<li>Vrijednost otpora na 25\u00b0C=100K<\/li>\n<li>Duljina kabela: pribl. 1.1 m<\/li>\n<li>Raspon radne temperature: -40\u00b0C~+300\u00b0C<\/li>\n<\/ul>\n<p>&nbsp;<\/p>\n","protected":false},"excerpt":{"rendered":"<p><strong>100K termistor s kabelom i konektorom<\/strong> za ve\u0107inu grijanih postolja 3D pisa\u010da &amp; ekstruder. Izra\u0111en od visokokvalitetnog i izdr\u017eljivog materijala, tako da ga nije lako slomiti.<\/p>\n","protected":false},"featured_media":6708,"comment_status":"closed","ping_status":"closed","template":"","meta":{"_acf_changed":false},"product_brand":[],"product_cat":[481,482,483,514],"product_tag":[],"brand":[],"class_list":{"0":"post-12303","1":"product","2":"type-product","3":"status-publish","4":"has-post-thumbnail","6":"product_cat-akcija","7":"product_cat-rezervni-dijelovi","8":"product_cat-svi-rezervni-dijelovi","9":"product_cat-termistori-hr","11":"first","12":"instock","13":"sale","14":"taxable","15":"shipping-taxable","16":"purchasable","17":"product-type-simple"},"acf":[],"_links":{"self":[{"href":"https:\/\/azurefilm.com\/hr\/wp-json\/wp\/v2\/product\/12303","targetHints":{"allow":["GET"]}}],"collection":[{"href":"https:\/\/azurefilm.com\/hr\/wp-json\/wp\/v2\/product"}],"about":[{"href":"https:\/\/azurefilm.com\/hr\/wp-json\/wp\/v2\/types\/product"}],"replies":[{"embeddable":true,"href":"https:\/\/azurefilm.com\/hr\/wp-json\/wp\/v2\/comments?post=12303"}],"wp:featuredmedia":[{"embeddable":true,"href":"https:\/\/azurefilm.com\/hr\/wp-json\/wp\/v2\/media\/6708"}],"wp:attachment":[{"href":"https:\/\/azurefilm.com\/hr\/wp-json\/wp\/v2\/media?parent=12303"}],"wp:term":[{"taxonomy":"product_brand","embeddable":true,"href":"https:\/\/azurefilm.com\/hr\/wp-json\/wp\/v2\/product_brand?post=12303"},{"taxonomy":"product_cat","embeddable":true,"href":"https:\/\/azurefilm.com\/hr\/wp-json\/wp\/v2\/product_cat?post=12303"},{"taxonomy":"product_tag","embeddable":true,"href":"https:\/\/azurefilm.com\/hr\/wp-json\/wp\/v2\/product_tag?post=12303"},{"taxonomy":"brand","embeddable":true,"href":"https:\/\/azurefilm.com\/hr\/wp-json\/wp\/v2\/brand?post=12303"}],"curies":[{"name":"wp","href":"https:\/\/api.w.org\/{rel}","templated":true}]}}