
{"id":12304,"date":"2023-10-29T14:24:55","date_gmt":"2023-10-29T14:24:55","guid":{"rendered":"https:\/\/azurefilm.com\/product\/ntc-termistor-od-100-k%cf%89\/"},"modified":"2026-04-07T20:30:10","modified_gmt":"2026-04-07T20:30:10","slug":"ntc-termistor-od-100-k%cf%89","status":"publish","type":"product","link":"https:\/\/azurefilm.com\/hr\/proizvod\/ntc-termistor-od-100-k%cf%89\/","title":{"rendered":"NTC termistor od 100 k\u03a9"},"content":{"rendered":"<h2><strong>Klju\u010dne zna\u010dajke:<\/strong><\/h2>\n<p><strong>100 k\u03a9 NTC termistor<\/strong>\u00a0za ve\u0107inu ekstrudera grijanog postolja &amp; 3D pisa\u010da. Izra\u0111en od visokokvalitetnog i izdr\u017eljivog materijala, tako da ga nije lako slomiti.<\/p>\n<ul>\n<li>Koristite za grijano postolje ili ekstruder<\/li>\n<li>Ima dvopinski konektor<\/li>\n<li>Du\u017eina \u017eice: 1 m<\/li>\n<li>Senzor temperature 100K\u03a9 to\u010dnost od \u00b1 1%<\/li>\n<li>Vrijednost otpora na 25\u00b0C=100K<\/li>\n<li>Boja: bijela<\/li>\n<\/ul>\n","protected":false},"excerpt":{"rendered":"<p><strong>100 k\u03a9 NTC termistor<\/strong> za ve\u0107inu 3D pisa\u010da grije postolje i ekstruder, izra\u0111en od visokokvalitetnog i izdr\u017eljivog materijala, tako da ga nije lako slomiti.<\/p>\n","protected":false},"featured_media":6721,"comment_status":"closed","ping_status":"closed","template":"","meta":{"_acf_changed":false},"product_brand":[],"product_cat":[481,482,483,514],"product_tag":[],"brand":[],"class_list":{"0":"post-12304","1":"product","2":"type-product","3":"status-publish","4":"has-post-thumbnail","6":"product_cat-akcija","7":"product_cat-rezervni-dijelovi","8":"product_cat-svi-rezervni-dijelovi","9":"product_cat-termistori-hr","11":"first","12":"instock","13":"sale","14":"taxable","15":"shipping-taxable","16":"purchasable","17":"product-type-simple"},"acf":[],"_links":{"self":[{"href":"https:\/\/azurefilm.com\/hr\/wp-json\/wp\/v2\/product\/12304","targetHints":{"allow":["GET"]}}],"collection":[{"href":"https:\/\/azurefilm.com\/hr\/wp-json\/wp\/v2\/product"}],"about":[{"href":"https:\/\/azurefilm.com\/hr\/wp-json\/wp\/v2\/types\/product"}],"replies":[{"embeddable":true,"href":"https:\/\/azurefilm.com\/hr\/wp-json\/wp\/v2\/comments?post=12304"}],"wp:featuredmedia":[{"embeddable":true,"href":"https:\/\/azurefilm.com\/hr\/wp-json\/wp\/v2\/media\/6721"}],"wp:attachment":[{"href":"https:\/\/azurefilm.com\/hr\/wp-json\/wp\/v2\/media?parent=12304"}],"wp:term":[{"taxonomy":"product_brand","embeddable":true,"href":"https:\/\/azurefilm.com\/hr\/wp-json\/wp\/v2\/product_brand?post=12304"},{"taxonomy":"product_cat","embeddable":true,"href":"https:\/\/azurefilm.com\/hr\/wp-json\/wp\/v2\/product_cat?post=12304"},{"taxonomy":"product_tag","embeddable":true,"href":"https:\/\/azurefilm.com\/hr\/wp-json\/wp\/v2\/product_tag?post=12304"},{"taxonomy":"brand","embeddable":true,"href":"https:\/\/azurefilm.com\/hr\/wp-json\/wp\/v2\/brand?post=12304"}],"curies":[{"name":"wp","href":"https:\/\/api.w.org\/{rel}","templated":true}]}}