
{"id":12305,"date":"2023-10-29T14:24:55","date_gmt":"2023-10-29T14:24:55","guid":{"rendered":"https:\/\/azurefilm.com\/product\/opticki-krajnji-prekidac\/"},"modified":"2026-01-22T07:18:03","modified_gmt":"2026-01-22T07:18:03","slug":"opticki-krajnji-prekidac","status":"publish","type":"product","link":"https:\/\/azurefilm.com\/hr\/proizvod\/opticki-krajnji-prekidac\/","title":{"rendered":"Opti\u010dki krajnji prekida\u010d"},"content":{"rendered":"<h2><strong>Klju\u010dne zna\u010dajke:<\/strong><\/h2>\n<ul>\n<li>Opti\u010dki prekida\u010d je pouzdano rje\u0161enje za zaustavljanje\/prekidanje za bilo koju vrstu 3D pisa\u010da\/CNC\/3D alata.<\/li>\n<li>Prednosti: kori\u0161tenje opti\u010dki transmisivnih na\u010dela dizajna, bez gubitka, bez buke s duljim vijekom trajanja.<\/li>\n<li>Okidanje je osjetljivo i tiho.<\/li>\n<li>Savjeti: Op\u0107enito, sustavu su potrebna najmanje tri opti\u010dka prekida\u010da<\/li>\n<\/ul>\n","protected":false},"excerpt":{"rendered":"<p><strong>Opti\u010dki krajnji prekida\u010d\u00a0<\/strong>EE-SX 674A je pouzdano rje\u0161enje za zaustavljanje za bilo koju vrstu 3D pisa\u010da\/CNC\/3D alata.<\/p>\n","protected":false},"featured_media":6738,"comment_status":"closed","ping_status":"closed","template":"","meta":{"_acf_changed":false},"product_brand":[],"product_cat":[481,512,482,483],"product_tag":[],"brand":[],"class_list":{"0":"post-12305","1":"product","2":"type-product","3":"status-publish","4":"has-post-thumbnail","6":"product_cat-akcija","7":"product_cat-drugi-proizvodi","8":"product_cat-rezervni-dijelovi","9":"product_cat-svi-rezervni-dijelovi","11":"first","12":"instock","13":"sale","14":"taxable","15":"shipping-taxable","16":"purchasable","17":"product-type-simple"},"acf":[],"_links":{"self":[{"href":"https:\/\/azurefilm.com\/hr\/wp-json\/wp\/v2\/product\/12305","targetHints":{"allow":["GET"]}}],"collection":[{"href":"https:\/\/azurefilm.com\/hr\/wp-json\/wp\/v2\/product"}],"about":[{"href":"https:\/\/azurefilm.com\/hr\/wp-json\/wp\/v2\/types\/product"}],"replies":[{"embeddable":true,"href":"https:\/\/azurefilm.com\/hr\/wp-json\/wp\/v2\/comments?post=12305"}],"wp:featuredmedia":[{"embeddable":true,"href":"https:\/\/azurefilm.com\/hr\/wp-json\/wp\/v2\/media\/6738"}],"wp:attachment":[{"href":"https:\/\/azurefilm.com\/hr\/wp-json\/wp\/v2\/media?parent=12305"}],"wp:term":[{"taxonomy":"product_brand","embeddable":true,"href":"https:\/\/azurefilm.com\/hr\/wp-json\/wp\/v2\/product_brand?post=12305"},{"taxonomy":"product_cat","embeddable":true,"href":"https:\/\/azurefilm.com\/hr\/wp-json\/wp\/v2\/product_cat?post=12305"},{"taxonomy":"product_tag","embeddable":true,"href":"https:\/\/azurefilm.com\/hr\/wp-json\/wp\/v2\/product_tag?post=12305"},{"taxonomy":"brand","embeddable":true,"href":"https:\/\/azurefilm.com\/hr\/wp-json\/wp\/v2\/brand?post=12305"}],"curies":[{"name":"wp","href":"https:\/\/api.w.org\/{rel}","templated":true}]}}