
{"id":12308,"date":"2023-10-29T14:24:55","date_gmt":"2023-10-29T14:24:55","guid":{"rendered":"https:\/\/azurefilm.com\/product\/lezaj-625zz\/"},"modified":"2025-02-16T22:58:06","modified_gmt":"2025-02-16T22:58:06","slug":"lezaj-625zz","status":"publish","type":"product","link":"https:\/\/azurefilm.com\/hr\/proizvod\/lezaj-625zz\/","title":{"rendered":"Le\u017eaj 625ZZ"},"content":{"rendered":"<h2><strong>Klju\u010dne zna\u010dajke:<\/strong><\/h2>\n<ul>\n<li>Dimenzije: 24.39&#215;10.23 mm<\/li>\n<li>Kugli\u010dni le\u017eajevi s dubokim \u017eljebovima.<\/li>\n<li>Jednostavna instalacija i&amp; zamjena.<\/li>\n<li>S visokom precizno\u0161\u0107u i niskim \u0161umom.<\/li>\n<li>Boja: crna<\/li>\n<\/ul>\n","protected":false},"excerpt":{"rendered":"<p><strong>Le\u017eaj 625ZZ<\/strong> je izdr\u017eljiv i kvalitetan, dimenzija 24,39&#215;10,23mm.<\/p>\n","protected":false},"featured_media":6773,"comment_status":"closed","ping_status":"closed","template":"","meta":{"_acf_changed":false},"product_brand":[],"product_cat":[485,482,483],"product_tag":[],"brand":[],"class_list":{"0":"post-12308","1":"product","2":"type-product","3":"status-publish","4":"has-post-thumbnail","6":"product_cat-lezajevi-i-vodilice","7":"product_cat-rezervni-dijelovi","8":"product_cat-svi-rezervni-dijelovi","10":"first","11":"instock","12":"taxable","13":"shipping-taxable","14":"purchasable","15":"product-type-simple"},"acf":[],"_links":{"self":[{"href":"https:\/\/azurefilm.com\/hr\/wp-json\/wp\/v2\/product\/12308","targetHints":{"allow":["GET"]}}],"collection":[{"href":"https:\/\/azurefilm.com\/hr\/wp-json\/wp\/v2\/product"}],"about":[{"href":"https:\/\/azurefilm.com\/hr\/wp-json\/wp\/v2\/types\/product"}],"replies":[{"embeddable":true,"href":"https:\/\/azurefilm.com\/hr\/wp-json\/wp\/v2\/comments?post=12308"}],"wp:featuredmedia":[{"embeddable":true,"href":"https:\/\/azurefilm.com\/hr\/wp-json\/wp\/v2\/media\/6773"}],"wp:attachment":[{"href":"https:\/\/azurefilm.com\/hr\/wp-json\/wp\/v2\/media?parent=12308"}],"wp:term":[{"taxonomy":"product_brand","embeddable":true,"href":"https:\/\/azurefilm.com\/hr\/wp-json\/wp\/v2\/product_brand?post=12308"},{"taxonomy":"product_cat","embeddable":true,"href":"https:\/\/azurefilm.com\/hr\/wp-json\/wp\/v2\/product_cat?post=12308"},{"taxonomy":"product_tag","embeddable":true,"href":"https:\/\/azurefilm.com\/hr\/wp-json\/wp\/v2\/product_tag?post=12308"},{"taxonomy":"brand","embeddable":true,"href":"https:\/\/azurefilm.com\/hr\/wp-json\/wp\/v2\/brand?post=12308"}],"curies":[{"name":"wp","href":"https:\/\/api.w.org\/{rel}","templated":true}]}}