
{"id":12311,"date":"2023-10-29T14:24:55","date_gmt":"2023-10-29T14:24:55","guid":{"rendered":"https:\/\/azurefilm.com\/product\/matica-m6-s-plasticnom-zastitom-od-vijaka\/"},"modified":"2026-02-15T16:58:30","modified_gmt":"2026-02-15T16:58:30","slug":"matica-m6-s-plasticnom-zastitom-od-vijaka","status":"publish","type":"product","link":"https:\/\/azurefilm.com\/hr\/proizvod\/matica-m6-s-plasticnom-zastitom-od-vijaka\/","title":{"rendered":"Matica M6 s plasti\u010dnom za\u0161titom od vijaka"},"content":{"rendered":"<h4>Matica M6 s plasti\u010dnom za\u0161titom od vijaka<\/h4>\n<h3><strong>Klju\u010dne zna\u010dajke:<\/strong><\/h3>\n<ul>\n<li><strong>M6 Matica s plasti\u010dnom za\u0161titom od vijaka<\/strong> za 3D pisa\u010d.<\/li>\n<li>Cijena je za 1 artikl.<\/li>\n<\/ul>\n","protected":false},"excerpt":{"rendered":"<p>Matica M6 s plasti\u010dnom za\u0161titom od vijaka. Cijena je za 1 komad.<\/p>\n","protected":false},"featured_media":6800,"comment_status":"closed","ping_status":"closed","template":"","meta":{"_acf_changed":false},"product_brand":[],"product_cat":[481,484,482,483],"product_tag":[],"brand":[],"class_list":{"0":"post-12311","1":"product","2":"type-product","3":"status-publish","4":"has-post-thumbnail","6":"product_cat-akcija","7":"product_cat-aluminijski-profili-hr","8":"product_cat-rezervni-dijelovi","9":"product_cat-svi-rezervni-dijelovi","11":"first","12":"instock","13":"sale","14":"taxable","15":"shipping-taxable","16":"purchasable","17":"product-type-simple"},"acf":[],"_links":{"self":[{"href":"https:\/\/azurefilm.com\/hr\/wp-json\/wp\/v2\/product\/12311","targetHints":{"allow":["GET"]}}],"collection":[{"href":"https:\/\/azurefilm.com\/hr\/wp-json\/wp\/v2\/product"}],"about":[{"href":"https:\/\/azurefilm.com\/hr\/wp-json\/wp\/v2\/types\/product"}],"replies":[{"embeddable":true,"href":"https:\/\/azurefilm.com\/hr\/wp-json\/wp\/v2\/comments?post=12311"}],"wp:featuredmedia":[{"embeddable":true,"href":"https:\/\/azurefilm.com\/hr\/wp-json\/wp\/v2\/media\/6800"}],"wp:attachment":[{"href":"https:\/\/azurefilm.com\/hr\/wp-json\/wp\/v2\/media?parent=12311"}],"wp:term":[{"taxonomy":"product_brand","embeddable":true,"href":"https:\/\/azurefilm.com\/hr\/wp-json\/wp\/v2\/product_brand?post=12311"},{"taxonomy":"product_cat","embeddable":true,"href":"https:\/\/azurefilm.com\/hr\/wp-json\/wp\/v2\/product_cat?post=12311"},{"taxonomy":"product_tag","embeddable":true,"href":"https:\/\/azurefilm.com\/hr\/wp-json\/wp\/v2\/product_tag?post=12311"},{"taxonomy":"brand","embeddable":true,"href":"https:\/\/azurefilm.com\/hr\/wp-json\/wp\/v2\/brand?post=12311"}],"curies":[{"name":"wp","href":"https:\/\/api.w.org\/{rel}","templated":true}]}}