
{"id":12333,"date":"2023-10-29T14:25:25","date_gmt":"2023-10-29T14:25:25","guid":{"rendered":"https:\/\/azurefilm.com\/product\/creality-ekscentricni-vijak-ekstrudera\/"},"modified":"2026-02-27T13:57:02","modified_gmt":"2026-02-27T13:57:02","slug":"creality-ekscentricni-vijak-ekstrudera","status":"publish","type":"product","link":"https:\/\/azurefilm.com\/hr\/proizvod\/creality-ekscentricni-vijak-ekstrudera\/","title":{"rendered":"Creality ekscentri\u010dni vijak ekstrudera"},"content":{"rendered":"<h2><b>Klju\u010dne zna\u010dajke:<\/b><\/h2>\n<ul>\n<li>Otpornost na habanje, izdr\u017eljiv i dugotrajan, vrhunska otpornost na hr\u0111u i izvrsna otpornost na oksidaciju.<\/li>\n<li>Stabilna krutost, lagan, nemagnetski i otporan na koroziju.<\/li>\n<li>Izra\u0111en od elasti\u010dnog nehr\u0111aju\u0107eg \u010delika otpornog na habanje.<\/li>\n<li>Ekscentri\u010dni vijak ima provrt od 5mm i mo\u017ee se podesiti pomo\u0107u klju\u010da od 10mm.<\/li>\n<li>Ekscentri\u010dni vijak dolazi s izbo\u010dinom s vanjske strane koja vam omogu\u0107uje da u svakom trenutku znate gdje se nalazi najmanji dio CAM rupe.<\/li>\n<\/ul>\n","protected":false},"excerpt":{"rendered":"<p><strong>Creality ekscentri\u010dni vijak ekstrudera<\/strong> s otporno\u0161\u0107u na habanje, izdr\u017eljiv i dugotrajan, vrhunske otpornosti na hr\u0111u i izvrsne otpornosti na oksidaciju.<\/p>\n","protected":false},"featured_media":6942,"comment_status":"closed","ping_status":"closed","template":"","meta":{"_acf_changed":false},"product_brand":[],"product_cat":[481,497,495,482,483],"product_tag":[],"brand":[],"class_list":{"0":"post-12333","1":"product","2":"type-product","3":"status-publish","4":"has-post-thumbnail","6":"product_cat-akcija","7":"product_cat-djelovi-ekstrudera","8":"product_cat-ekstruderi","9":"product_cat-rezervni-dijelovi","10":"product_cat-svi-rezervni-dijelovi","12":"first","13":"instock","14":"sale","15":"taxable","16":"shipping-taxable","17":"purchasable","18":"product-type-simple"},"acf":[],"_links":{"self":[{"href":"https:\/\/azurefilm.com\/hr\/wp-json\/wp\/v2\/product\/12333","targetHints":{"allow":["GET"]}}],"collection":[{"href":"https:\/\/azurefilm.com\/hr\/wp-json\/wp\/v2\/product"}],"about":[{"href":"https:\/\/azurefilm.com\/hr\/wp-json\/wp\/v2\/types\/product"}],"replies":[{"embeddable":true,"href":"https:\/\/azurefilm.com\/hr\/wp-json\/wp\/v2\/comments?post=12333"}],"wp:featuredmedia":[{"embeddable":true,"href":"https:\/\/azurefilm.com\/hr\/wp-json\/wp\/v2\/media\/6942"}],"wp:attachment":[{"href":"https:\/\/azurefilm.com\/hr\/wp-json\/wp\/v2\/media?parent=12333"}],"wp:term":[{"taxonomy":"product_brand","embeddable":true,"href":"https:\/\/azurefilm.com\/hr\/wp-json\/wp\/v2\/product_brand?post=12333"},{"taxonomy":"product_cat","embeddable":true,"href":"https:\/\/azurefilm.com\/hr\/wp-json\/wp\/v2\/product_cat?post=12333"},{"taxonomy":"product_tag","embeddable":true,"href":"https:\/\/azurefilm.com\/hr\/wp-json\/wp\/v2\/product_tag?post=12333"},{"taxonomy":"brand","embeddable":true,"href":"https:\/\/azurefilm.com\/hr\/wp-json\/wp\/v2\/brand?post=12333"}],"curies":[{"name":"wp","href":"https:\/\/api.w.org\/{rel}","templated":true}]}}