
{"id":12334,"date":"2023-10-29T14:25:25","date_gmt":"2023-10-29T14:25:25","guid":{"rendered":"https:\/\/azurefilm.com\/product\/vodic-za-creality-aluminijski-ekstruder\/"},"modified":"2025-11-24T02:07:01","modified_gmt":"2025-11-24T02:07:01","slug":"vodic-za-creality-aluminijski-ekstruder","status":"publish","type":"product","link":"https:\/\/azurefilm.com\/hr\/proizvod\/vodic-za-creality-aluminijski-ekstruder\/","title":{"rendered":"Vodi\u010d za Creality aluminijski ekstruder"},"content":{"rendered":"<h2><strong>Klju\u010dne zna\u010dajke:<\/strong><\/h2>\n<ul>\n<li>Jednostavan za instalaciju. Mo\u017eete ga instalirati za 20-30 minuta bez promjena firmvera i bez rezanja ili spajanja \u017eica.<\/li>\n<li>Veli\u010dina s vi\u0161e rupa: Razne standardne veli\u010dine rupa za trake, vijke i druge dodatne opcije.<\/li>\n<li>Izdr\u017eljivost: Stabilnost, mogu\u0107nost popravljanja, primjenjivost i fleksibilnost.<\/li>\n<li>Prikladno za: za Creality CR10, Ender-3 3D pisa\u010de<\/li>\n<li>Materijal: legura aluminija<\/li>\n<li>Boja: crna<\/li>\n<li>Veli\u010dina: 10&#215;6.5 cm<\/li>\n<\/ul>\n","protected":false},"excerpt":{"rendered":"<p><strong>Vodi\u010d za Creality aluminijski ekstruder<\/strong> jednostavan za instalaciju i kompatibilan s 3D pisa\u010dima Creality CR10, Ender-3.<\/p>\n","protected":false},"featured_media":6947,"comment_status":"closed","ping_status":"closed","template":"","meta":{"_acf_changed":false},"product_brand":[],"product_cat":[481,497,495,485,482,483],"product_tag":[],"brand":[],"class_list":{"0":"post-12334","1":"product","2":"type-product","3":"status-publish","4":"has-post-thumbnail","6":"product_cat-akcija","7":"product_cat-djelovi-ekstrudera","8":"product_cat-ekstruderi","9":"product_cat-lezajevi-i-vodilice","10":"product_cat-rezervni-dijelovi","11":"product_cat-svi-rezervni-dijelovi","12":"pa_compatible-with-creality-fdm-3d-printers","13":"pa_fits-printer-creality-cr-10","14":"pa_fits-printer-creality-ender-3","16":"first","17":"instock","18":"sale","19":"taxable","20":"shipping-taxable","21":"purchasable","22":"product-type-simple"},"acf":[],"_links":{"self":[{"href":"https:\/\/azurefilm.com\/hr\/wp-json\/wp\/v2\/product\/12334","targetHints":{"allow":["GET"]}}],"collection":[{"href":"https:\/\/azurefilm.com\/hr\/wp-json\/wp\/v2\/product"}],"about":[{"href":"https:\/\/azurefilm.com\/hr\/wp-json\/wp\/v2\/types\/product"}],"replies":[{"embeddable":true,"href":"https:\/\/azurefilm.com\/hr\/wp-json\/wp\/v2\/comments?post=12334"}],"wp:featuredmedia":[{"embeddable":true,"href":"https:\/\/azurefilm.com\/hr\/wp-json\/wp\/v2\/media\/6947"}],"wp:attachment":[{"href":"https:\/\/azurefilm.com\/hr\/wp-json\/wp\/v2\/media?parent=12334"}],"wp:term":[{"taxonomy":"product_brand","embeddable":true,"href":"https:\/\/azurefilm.com\/hr\/wp-json\/wp\/v2\/product_brand?post=12334"},{"taxonomy":"product_cat","embeddable":true,"href":"https:\/\/azurefilm.com\/hr\/wp-json\/wp\/v2\/product_cat?post=12334"},{"taxonomy":"product_tag","embeddable":true,"href":"https:\/\/azurefilm.com\/hr\/wp-json\/wp\/v2\/product_tag?post=12334"},{"taxonomy":"brand","embeddable":true,"href":"https:\/\/azurefilm.com\/hr\/wp-json\/wp\/v2\/brand?post=12334"}],"curies":[{"name":"wp","href":"https:\/\/api.w.org\/{rel}","templated":true}]}}