
{"id":12337,"date":"2023-10-29T14:25:25","date_gmt":"2023-10-29T14:25:25","guid":{"rendered":"https:\/\/azurefilm.com\/product\/dovod-ekstrudera-za-creality-serije-ender-3-ender-3-pro-ender-5-cr20-pro-cr10\/"},"modified":"2026-01-27T17:15:33","modified_gmt":"2026-01-27T17:15:33","slug":"dovod-ekstrudera-za-creality-serije-ender-3-ender-3-pro-ender-5-cr20-pro-cr10","status":"publish","type":"product","link":"https:\/\/azurefilm.com\/hr\/proizvod\/dovod-ekstrudera-za-creality-serije-ender-3-ender-3-pro-ender-5-cr20-pro-cr10\/","title":{"rendered":"Ulaga\u010d ekstrudera za Creality 3D pisa\u010de"},"content":{"rendered":"<h4><span style=\"vertical-align: inherit;\">Ulaga\u010d ekstrudera za Creality 3D printere<\/span><\/h4>\n<h3><strong><span style=\"vertical-align: inherit;\">Glavne zna\u010dajke:<\/span><\/strong><\/h3>\n<ul>\n<li><strong><span style=\"vertical-align: inherit;\">Pro\u0161irena kompatibilnost:<\/span><\/strong><span style=\"vertical-align: inherit;\"> Dizajnirano da odgovara razli\u010ditim modelima Creality 3D pisa\u010da uklju\u010duju\u0107i Ender 3, Ender 3 Pro, Ender 5, CR20 Pro, CR10, CR10S, CR10 V2, CR10 S4 i CR10 S5.<\/span><\/li>\n<li><strong><span style=\"vertical-align: inherit;\">Visoka kvaliteta konstrukcije:<\/span><\/strong><span style=\"vertical-align: inherit;\"> Za razliku od tradicionalnih plasti\u010dnih jedinica, ekstruder s dva zup\u010danika od metala i aluminija osigurava stabilnost i izdr\u017eljivost.<\/span><\/li>\n<li><strong><span style=\"vertical-align: inherit;\">Potrebna monta\u017ea:<\/span><\/strong><span style=\"vertical-align: inherit;\"> Korisnici su odgovorni za samostalno sastavljanje napajanja ekstrudera, \u0161to pru\u017ea mogu\u0107nost prilago\u0111avanja i dubljeg razumijevanja sustava.<\/span><\/li>\n<li><strong><span style=\"vertical-align: inherit;\">Univerzalna upotreba:<\/span><\/strong><span style=\"vertical-align: inherit;\"> Idealno za razli\u010dite modele Creality 3D pisa\u010da, nude\u0107i prakti\u010dno rje\u0161enje za ispis visokih performansi.<\/span><\/li>\n<li><strong><span style=\"vertical-align: inherit;\">Robusnost i izdr\u017eljivost:<\/span><\/strong><span style=\"vertical-align: inherit;\"> Metalna i aluminijska konstrukcija osiguravaju dug \u017eivot i ve\u0107u otpornost, \u0161to doprinosi preciznom i pouzdanom 3D ispisu.<\/span><\/li>\n<li><strong><span style=\"vertical-align: inherit;\">Jednostavnost integracije:<\/span><\/strong><span style=\"vertical-align: inherit;\"> Pa\u017eljivo dizajniran za jednostavnu instalaciju, pru\u017eaju\u0107i prakti\u010dno rje\u0161enje \u010dak i za manje iskusne korisnike. <\/span><span style=\"font-size: 14.4px;\"><span style=\"vertical-align: inherit;\">Odabirom ovog napajanja ekstrudera, entuzijasti i napredni korisnici mogu pobolj\u0161ati performanse svojih Creality 3D pisa\u010da s visokokvalitetnim i fleksibilnim rje\u0161enjem.<\/span><\/span><\/li>\n<\/ul>\n<ul>\n<li><em><span style=\"vertical-align: inherit;\">Nadogradite svoje iskustvo ispisa:<\/span><\/em><span style=\"vertical-align: inherit;\"> U\u017eivajte u pobolj\u0161anim performansama ispisa odabirom ovog napajanja ekstrudera za svoj Creality 3D pisa\u010d.<\/span><\/li>\n<li><em><span style=\"vertical-align: inherit;\">Izdr\u017eljiva metalna konstrukcija:<\/span><\/em><span style=\"vertical-align: inherit;\"> upotreba metala i aluminija ne samo da pru\u017ea stabilnost, ve\u0107 i produljuje \u017eivotni vijek za pouzdan i to\u010dan 3D ispis.<\/span><\/li>\n<li><em><span style=\"vertical-align: inherit;\">Iskustvo prilago\u0111ene izrade:<\/span><\/em><span style=\"vertical-align: inherit;\"> Preuzmite kontrolu nad svojim postavkama pomo\u0107u izrade na zahtjev koja nudi osobni dodir i dublje razumijevanje va\u0161eg sustava ispisa.<\/span><\/li>\n<\/ul>\n","protected":false},"excerpt":{"rendered":"<h4>Ulaga\u010d ekstrudera za Creality 3D pisa\u010de<\/h4>\n","protected":false},"featured_media":6970,"comment_status":"closed","ping_status":"closed","template":"","meta":{"_acf_changed":false},"product_brand":[],"product_cat":[481,495,498,482,483],"product_tag":[],"brand":[],"class_list":{"0":"post-12337","1":"product","2":"type-product","3":"status-publish","4":"has-post-thumbnail","6":"product_cat-akcija","7":"product_cat-ekstruderi","8":"product_cat-nadogradnje-ekstrudera","9":"product_cat-rezervni-dijelovi","10":"product_cat-svi-rezervni-dijelovi","11":"pa_compatible-with-creality-fdm-3d-printers","12":"pa_fits-printer-creality-cr-10","13":"pa_fits-printer-creality-cr-30-printmill","14":"pa_fits-printer-creality-ender-3","16":"first","17":"instock","18":"sale","19":"taxable","20":"shipping-taxable","21":"purchasable","22":"product-type-simple"},"acf":[],"_links":{"self":[{"href":"https:\/\/azurefilm.com\/hr\/wp-json\/wp\/v2\/product\/12337","targetHints":{"allow":["GET"]}}],"collection":[{"href":"https:\/\/azurefilm.com\/hr\/wp-json\/wp\/v2\/product"}],"about":[{"href":"https:\/\/azurefilm.com\/hr\/wp-json\/wp\/v2\/types\/product"}],"replies":[{"embeddable":true,"href":"https:\/\/azurefilm.com\/hr\/wp-json\/wp\/v2\/comments?post=12337"}],"wp:featuredmedia":[{"embeddable":true,"href":"https:\/\/azurefilm.com\/hr\/wp-json\/wp\/v2\/media\/6970"}],"wp:attachment":[{"href":"https:\/\/azurefilm.com\/hr\/wp-json\/wp\/v2\/media?parent=12337"}],"wp:term":[{"taxonomy":"product_brand","embeddable":true,"href":"https:\/\/azurefilm.com\/hr\/wp-json\/wp\/v2\/product_brand?post=12337"},{"taxonomy":"product_cat","embeddable":true,"href":"https:\/\/azurefilm.com\/hr\/wp-json\/wp\/v2\/product_cat?post=12337"},{"taxonomy":"product_tag","embeddable":true,"href":"https:\/\/azurefilm.com\/hr\/wp-json\/wp\/v2\/product_tag?post=12337"},{"taxonomy":"brand","embeddable":true,"href":"https:\/\/azurefilm.com\/hr\/wp-json\/wp\/v2\/brand?post=12337"}],"curies":[{"name":"wp","href":"https:\/\/api.w.org\/{rel}","templated":true}]}}