
{"id":12340,"date":"2023-10-29T14:25:51","date_gmt":"2023-10-29T14:25:51","guid":{"rendered":"https:\/\/azurefilm.com\/product\/metalno-grlo\/"},"modified":"2025-12-03T20:31:29","modified_gmt":"2025-12-03T20:31:29","slug":"metalno-grlo","status":"publish","type":"product","link":"https:\/\/azurefilm.com\/hr\/proizvod\/metalno-grlo\/","title":{"rendered":"Metalno grlo"},"content":{"rendered":"<h2><strong>Klju\u010dne zna\u010dajke:<\/strong><\/h2>\n<p>Originalno <strong>metalno grlo<\/strong>za SVE Creality 3D pisa\u010de.<\/p>\n<ul>\n<li>Stavka: grlo od nehr\u0111aju\u0107eg \u010delika 3D pisa\u010da<\/li>\n<li>Materijal: nehr\u0111aju\u0107i \u010delik<\/li>\n<li>Veli\u010dina: 27x7x7mm<\/li>\n<li>Savr\u0161eno kompatibilno s:<br \/>\n&#8211; CR-10\u00a0S4<br \/>\n&#8211; CR-10 S5<br \/>\n&#8211;\u00a0Ender 3<br \/>\n&#8211;\u00a0Ender 3 Pro<br \/>\n&#8211;\u00a0Creality CR-10<br \/>\n&#8211;\u00a0CR-10S<\/li>\n<li>Cijena za 1 artikl<\/li>\n<\/ul>\n","protected":false},"excerpt":{"rendered":"<p>Originalno <strong>metalno grlo<\/strong> za SVE Creality 3D pisa\u010de.<\/p>\n","protected":false},"featured_media":7001,"comment_status":"closed","ping_status":"closed","template":"","meta":{"_acf_changed":false},"product_brand":[],"product_cat":[481,512,482,483],"product_tag":[],"brand":[],"class_list":{"0":"post-12340","1":"product","2":"type-product","3":"status-publish","4":"has-post-thumbnail","6":"product_cat-akcija","7":"product_cat-drugi-proizvodi","8":"product_cat-rezervni-dijelovi","9":"product_cat-svi-rezervni-dijelovi","11":"first","12":"instock","13":"sale","14":"taxable","15":"shipping-taxable","16":"purchasable","17":"product-type-simple"},"acf":[],"_links":{"self":[{"href":"https:\/\/azurefilm.com\/hr\/wp-json\/wp\/v2\/product\/12340","targetHints":{"allow":["GET"]}}],"collection":[{"href":"https:\/\/azurefilm.com\/hr\/wp-json\/wp\/v2\/product"}],"about":[{"href":"https:\/\/azurefilm.com\/hr\/wp-json\/wp\/v2\/types\/product"}],"replies":[{"embeddable":true,"href":"https:\/\/azurefilm.com\/hr\/wp-json\/wp\/v2\/comments?post=12340"}],"wp:featuredmedia":[{"embeddable":true,"href":"https:\/\/azurefilm.com\/hr\/wp-json\/wp\/v2\/media\/7001"}],"wp:attachment":[{"href":"https:\/\/azurefilm.com\/hr\/wp-json\/wp\/v2\/media?parent=12340"}],"wp:term":[{"taxonomy":"product_brand","embeddable":true,"href":"https:\/\/azurefilm.com\/hr\/wp-json\/wp\/v2\/product_brand?post=12340"},{"taxonomy":"product_cat","embeddable":true,"href":"https:\/\/azurefilm.com\/hr\/wp-json\/wp\/v2\/product_cat?post=12340"},{"taxonomy":"product_tag","embeddable":true,"href":"https:\/\/azurefilm.com\/hr\/wp-json\/wp\/v2\/product_tag?post=12340"},{"taxonomy":"brand","embeddable":true,"href":"https:\/\/azurefilm.com\/hr\/wp-json\/wp\/v2\/brand?post=12340"}],"curies":[{"name":"wp","href":"https:\/\/api.w.org\/{rel}","templated":true}]}}