
{"id":12343,"date":"2023-10-29T14:25:51","date_gmt":"2023-10-29T14:25:51","guid":{"rendered":"https:\/\/azurefilm.com\/product\/creality-ekstruder\/"},"modified":"2026-02-27T13:57:01","modified_gmt":"2026-02-27T13:57:01","slug":"creality-ekstruder","status":"publish","type":"product","link":"https:\/\/azurefilm.com\/hr\/proizvod\/creality-ekstruder\/","title":{"rendered":"Creality ekstruder"},"content":{"rendered":"<h2><strong>Klju\u010dne zna\u010dajke:<\/strong><\/h2>\n<ul>\n<li>Creality Extruder 12V 0.4mm za temperature vi\u0161e od 300\u00b0C<\/li>\n<li>Vrsta instalacije: Spoj s vanjskim navojem<\/li>\n<li>Kompatibilno s: Creality CR-10, CR-10 S4, CR-10 S5<\/li>\n<li>Veli\u010dina mlaznice pisa\u010da: 0.4mm<\/li>\n<li>Duljina kabela: oko 1m<\/li>\n<li>Grija\u0107a cijev: 12V 40W<\/li>\n<li>Raspon radne temperature: -40~+300\u00b0C<\/li>\n<li>Materijal: aluminij, nehr\u0111aju\u0107i \u010delik i mesing<\/li>\n<li>Veli\u010dina aluminijskog bloka: pribl. 20x20x10mm<\/li>\n<\/ul>\n","protected":false},"excerpt":{"rendered":"<p><strong>Creality ekstruder<\/strong> 12V\u00a0za temperature vi\u0161e od 300\u00b0C.<\/p>\n","protected":false},"featured_media":7024,"comment_status":"closed","ping_status":"closed","template":"","meta":{"_acf_changed":false},"product_brand":[],"product_cat":[481,496,495,504,498,482,483],"product_tag":[],"brand":[],"class_list":{"0":"post-12343","1":"product","2":"type-product","3":"status-publish","4":"has-post-thumbnail","6":"product_cat-akcija","7":"product_cat-ekstruder-hr","8":"product_cat-ekstruderi","9":"product_cat-hotendovi","10":"product_cat-nadogradnje-ekstrudera","11":"product_cat-rezervni-dijelovi","12":"product_cat-svi-rezervni-dijelovi","13":"pa_compatible-with-creality-fdm-3d-printers","14":"pa_fits-printer-creality-cr-10","16":"first","17":"instock","18":"sale","19":"taxable","20":"shipping-taxable","21":"purchasable","22":"product-type-simple"},"acf":[],"_links":{"self":[{"href":"https:\/\/azurefilm.com\/hr\/wp-json\/wp\/v2\/product\/12343","targetHints":{"allow":["GET"]}}],"collection":[{"href":"https:\/\/azurefilm.com\/hr\/wp-json\/wp\/v2\/product"}],"about":[{"href":"https:\/\/azurefilm.com\/hr\/wp-json\/wp\/v2\/types\/product"}],"replies":[{"embeddable":true,"href":"https:\/\/azurefilm.com\/hr\/wp-json\/wp\/v2\/comments?post=12343"}],"wp:featuredmedia":[{"embeddable":true,"href":"https:\/\/azurefilm.com\/hr\/wp-json\/wp\/v2\/media\/7024"}],"wp:attachment":[{"href":"https:\/\/azurefilm.com\/hr\/wp-json\/wp\/v2\/media?parent=12343"}],"wp:term":[{"taxonomy":"product_brand","embeddable":true,"href":"https:\/\/azurefilm.com\/hr\/wp-json\/wp\/v2\/product_brand?post=12343"},{"taxonomy":"product_cat","embeddable":true,"href":"https:\/\/azurefilm.com\/hr\/wp-json\/wp\/v2\/product_cat?post=12343"},{"taxonomy":"product_tag","embeddable":true,"href":"https:\/\/azurefilm.com\/hr\/wp-json\/wp\/v2\/product_tag?post=12343"},{"taxonomy":"brand","embeddable":true,"href":"https:\/\/azurefilm.com\/hr\/wp-json\/wp\/v2\/brand?post=12343"}],"curies":[{"name":"wp","href":"https:\/\/api.w.org\/{rel}","templated":true}]}}