
{"id":12345,"date":"2023-10-29T14:25:51","date_gmt":"2023-10-29T14:25:51","guid":{"rendered":"https:\/\/azurefilm.com\/product\/metalno-grlo-za-vise-temperature\/"},"modified":"2025-12-23T02:54:51","modified_gmt":"2025-12-23T02:54:51","slug":"metalno-grlo-za-vise-temperature","status":"publish","type":"product","link":"https:\/\/azurefilm.com\/hr\/proizvod\/metalno-grlo-za-vise-temperature\/","title":{"rendered":"Metalno grlo za vi\u0161e temperature"},"content":{"rendered":"<h2><strong>Klju\u010dne zna\u010dajke:<\/strong><\/h2>\n<ul>\n<li><strong>Metalno grlo <\/strong>za Creality bez teflona za ovaj ekstruder, za temperaturu vi\u0161u od 300\u00b0C.<\/li>\n<li>Izra\u0111eno od visokokvalitetnog izdr\u017eljivog materijala.<\/li>\n<li>Odgovara za Creality 3D pisa\u010de\u00a0Ender 3, CR-10,\u00a0CR- 10S.<\/li>\n<li>Boja: tamno siva.<\/li>\n<li>Dimenzija: otprl. 25x20x15cm.<\/li>\n<li>Cijena je za 1 artikl.<\/li>\n<\/ul>\n","protected":false},"excerpt":{"rendered":"<p><strong>Metalno grlo za vi\u0161e temperature<\/strong> od 300\u00b0C bez teflona.<\/p>\n","protected":false},"featured_media":7054,"comment_status":"closed","ping_status":"closed","template":"","meta":{"_acf_changed":false},"product_brand":[],"product_cat":[497,495,482,483,503],"product_tag":[],"brand":[],"class_list":{"0":"post-12345","1":"product","2":"type-product","3":"status-publish","4":"has-post-thumbnail","6":"product_cat-djelovi-ekstrudera","7":"product_cat-ekstruderi","8":"product_cat-rezervni-dijelovi","9":"product_cat-svi-rezervni-dijelovi","10":"product_cat-toplinski-prekidi","11":"pa_compatible-with-creality-fdm-3d-printers","12":"pa_fits-printer-creality-cr-10","13":"pa_fits-printer-creality-ender-3","15":"first","16":"instock","17":"taxable","18":"shipping-taxable","19":"purchasable","20":"product-type-simple"},"acf":[],"_links":{"self":[{"href":"https:\/\/azurefilm.com\/hr\/wp-json\/wp\/v2\/product\/12345","targetHints":{"allow":["GET"]}}],"collection":[{"href":"https:\/\/azurefilm.com\/hr\/wp-json\/wp\/v2\/product"}],"about":[{"href":"https:\/\/azurefilm.com\/hr\/wp-json\/wp\/v2\/types\/product"}],"replies":[{"embeddable":true,"href":"https:\/\/azurefilm.com\/hr\/wp-json\/wp\/v2\/comments?post=12345"}],"wp:featuredmedia":[{"embeddable":true,"href":"https:\/\/azurefilm.com\/hr\/wp-json\/wp\/v2\/media\/7054"}],"wp:attachment":[{"href":"https:\/\/azurefilm.com\/hr\/wp-json\/wp\/v2\/media?parent=12345"}],"wp:term":[{"taxonomy":"product_brand","embeddable":true,"href":"https:\/\/azurefilm.com\/hr\/wp-json\/wp\/v2\/product_brand?post=12345"},{"taxonomy":"product_cat","embeddable":true,"href":"https:\/\/azurefilm.com\/hr\/wp-json\/wp\/v2\/product_cat?post=12345"},{"taxonomy":"product_tag","embeddable":true,"href":"https:\/\/azurefilm.com\/hr\/wp-json\/wp\/v2\/product_tag?post=12345"},{"taxonomy":"brand","embeddable":true,"href":"https:\/\/azurefilm.com\/hr\/wp-json\/wp\/v2\/brand?post=12345"}],"curies":[{"name":"wp","href":"https:\/\/api.w.org\/{rel}","templated":true}]}}