
{"id":12347,"date":"2023-10-29T14:25:51","date_gmt":"2023-10-29T14:25:51","guid":{"rendered":"https:\/\/azurefilm.com\/product\/igla-od-nehrdajuceg-celika\/"},"modified":"2026-03-24T19:10:48","modified_gmt":"2026-03-24T19:10:48","slug":"igla-od-nehrdajuceg-celika","status":"publish","type":"product","link":"https:\/\/azurefilm.com\/hr\/proizvod\/igla-od-nehrdajuceg-celika\/","title":{"rendered":"Igla od nehr\u0111aju\u0107eg \u010delika"},"content":{"rendered":"<h2><strong>Klju\u010dne zna\u010dajke:<\/strong><\/h2>\n<ul>\n<li><strong>Igla od nehr\u0111aju\u0107eg \u010delika <\/strong>za \u010di\u0161\u0107enje mlaznica.<\/li>\n<li>Opremljena ru\u010dkama, tako da ju mo\u017eete lako okretati tijekom upotrebe.<\/li>\n<li>Prikladna za Duplicator, MakerBot, RepRap i druge 3D pisa\u010de na tr\u017ei\u0161tu.<\/li>\n<li>Igla mo\u017ee dobro o\u010distiti mlaznicu pisa\u010da i pobolj\u0161ati u\u010dinak printanja.<\/li>\n<li>Izra\u0111ena je od visokokvalitetnog nehr\u0111aju\u0107eg \u010delika, tako da je izdr\u017eljiva, otporna na hr\u0111u i nije ju lako slomiti.<\/li>\n<li>Mo\u017eete birati izme\u0111u tri uobi\u010dajene veli\u010dine: 0.2mm, 0.3mm, 0.4mm.<\/li>\n<\/ul>\n","protected":false},"excerpt":{"rendered":"<p><strong>Igla od nehr\u0111aju\u0107eg \u010delika<\/strong> za \u010di\u0161\u0107enje mlaznica 3D pisa\u010da u veli\u010dinama: 0.2 mm, 0.3 mm, 0.4 mm.<\/p>\n","protected":false},"featured_media":7080,"comment_status":"closed","ping_status":"closed","template":"","meta":{"_acf_changed":false},"product_brand":[],"product_cat":[481,515,509,511,510,482,483],"product_tag":[],"brand":[],"class_list":{"0":"post-12347","1":"product","2":"type-product","3":"status-publish","4":"has-post-thumbnail","6":"product_cat-akcija","7":"product_cat-alati","8":"product_cat-mlaznice","9":"product_cat-obicne-mlaznice","10":"product_cat-otvrdnute-i-mlaznice-otporne-na-abraziju","11":"product_cat-rezervni-dijelovi","12":"product_cat-svi-rezervni-dijelovi","14":"first","15":"instock","16":"sale","17":"taxable","18":"shipping-taxable","19":"purchasable","20":"product-type-variable"},"acf":[],"_links":{"self":[{"href":"https:\/\/azurefilm.com\/hr\/wp-json\/wp\/v2\/product\/12347","targetHints":{"allow":["GET"]}}],"collection":[{"href":"https:\/\/azurefilm.com\/hr\/wp-json\/wp\/v2\/product"}],"about":[{"href":"https:\/\/azurefilm.com\/hr\/wp-json\/wp\/v2\/types\/product"}],"replies":[{"embeddable":true,"href":"https:\/\/azurefilm.com\/hr\/wp-json\/wp\/v2\/comments?post=12347"}],"wp:featuredmedia":[{"embeddable":true,"href":"https:\/\/azurefilm.com\/hr\/wp-json\/wp\/v2\/media\/7080"}],"wp:attachment":[{"href":"https:\/\/azurefilm.com\/hr\/wp-json\/wp\/v2\/media?parent=12347"}],"wp:term":[{"taxonomy":"product_brand","embeddable":true,"href":"https:\/\/azurefilm.com\/hr\/wp-json\/wp\/v2\/product_brand?post=12347"},{"taxonomy":"product_cat","embeddable":true,"href":"https:\/\/azurefilm.com\/hr\/wp-json\/wp\/v2\/product_cat?post=12347"},{"taxonomy":"product_tag","embeddable":true,"href":"https:\/\/azurefilm.com\/hr\/wp-json\/wp\/v2\/product_tag?post=12347"},{"taxonomy":"brand","embeddable":true,"href":"https:\/\/azurefilm.com\/hr\/wp-json\/wp\/v2\/brand?post=12347"}],"curies":[{"name":"wp","href":"https:\/\/api.w.org\/{rel}","templated":true}]}}