
{"id":12348,"date":"2023-10-29T14:25:51","date_gmt":"2023-10-29T14:25:51","guid":{"rendered":"https:\/\/azurefilm.com\/product\/creality-turbo-ventilator-4010\/"},"modified":"2026-03-09T19:26:53","modified_gmt":"2026-03-09T19:26:53","slug":"creality-turbo-ventilator-4010","status":"publish","type":"product","link":"https:\/\/azurefilm.com\/hr\/proizvod\/creality-turbo-ventilator-4010\/","title":{"rendered":"DC hladilni ventilator Creality Turbine Fan 4010"},"content":{"rendered":"<h4>DC hladilni ventilator Creality Turbine Fan 4010<\/h4>\n<h3><strong>Klju\u010dne zna\u010dajke:<\/strong><\/h3>\n<ul>\n<li><span style=\"vertical-align: inherit;\">Koristi se za hla\u0111enje modela 3D printera<\/span><\/li>\n<li><span style=\"vertical-align: inherit;\">Primjenjivo na Ender 3, Ender 3 Pro, Ender 3 V2, Ender 5, Ender 5 Pro, CR-10, CR-10S, CR-10 Mini, CR-10S Pro i CR-10 V2.<\/span><\/li>\n<li><span style=\"vertical-align: inherit;\">Tako\u0111er se \u0161iroko koristi u ventilaciji i odvo\u0111enju topline elektronike, pretvara\u010da, energetske opreme, ormara, \u0161asija, mehani\u010dke opreme, LED svjetala, komunikacijske opreme i instrumenata&#8230;<\/span><\/li>\n<li><span style=\"vertical-align: inherit;\">Veli\u010dina: 40x40x10 mm<\/span><\/li>\n<li><span style=\"vertical-align: inherit;\">Boja: Crna<\/span><\/li>\n<li><span style=\"vertical-align: inherit;\">Napon: 12 \/ 24V<\/span><\/li>\n<li><span style=\"vertical-align: inherit;\">Brzina: 7000rpm<\/span><\/li>\n<li><span style=\"vertical-align: inherit;\">Buka: 25dBA\u00b110%<\/span><\/li>\n<li><span style=\"vertical-align: inherit;\">Duljina kabela: 20 cm<\/span><\/li>\n<li><span style=\"vertical-align: inherit;\">Tip konektora: XH2.54 2pin<\/span><\/li>\n<li><span style=\"vertical-align: inherit;\">Izbor: 12V\/ 24V<\/span><\/li>\n<\/ul>\n","protected":false},"excerpt":{"rendered":"<p>DC hladilni ventilator Creality Turbine Fan 4010 dimenzija 40 x 40 x 10 mm za 3D pisa\u010de.<\/p>\n","protected":false},"featured_media":7101,"comment_status":"closed","ping_status":"closed","template":"","meta":{"_acf_changed":false},"product_brand":[],"product_cat":[481,482,483,499],"product_tag":[],"brand":[],"class_list":{"0":"post-12348","1":"product","2":"type-product","3":"status-publish","4":"has-post-thumbnail","6":"product_cat-akcija","7":"product_cat-rezervni-dijelovi","8":"product_cat-svi-rezervni-dijelovi","9":"product_cat-ventilatori","11":"first","12":"instock","13":"sale","14":"taxable","15":"shipping-taxable","16":"purchasable","17":"product-type-variable"},"acf":[],"_links":{"self":[{"href":"https:\/\/azurefilm.com\/hr\/wp-json\/wp\/v2\/product\/12348","targetHints":{"allow":["GET"]}}],"collection":[{"href":"https:\/\/azurefilm.com\/hr\/wp-json\/wp\/v2\/product"}],"about":[{"href":"https:\/\/azurefilm.com\/hr\/wp-json\/wp\/v2\/types\/product"}],"replies":[{"embeddable":true,"href":"https:\/\/azurefilm.com\/hr\/wp-json\/wp\/v2\/comments?post=12348"}],"wp:featuredmedia":[{"embeddable":true,"href":"https:\/\/azurefilm.com\/hr\/wp-json\/wp\/v2\/media\/7101"}],"wp:attachment":[{"href":"https:\/\/azurefilm.com\/hr\/wp-json\/wp\/v2\/media?parent=12348"}],"wp:term":[{"taxonomy":"product_brand","embeddable":true,"href":"https:\/\/azurefilm.com\/hr\/wp-json\/wp\/v2\/product_brand?post=12348"},{"taxonomy":"product_cat","embeddable":true,"href":"https:\/\/azurefilm.com\/hr\/wp-json\/wp\/v2\/product_cat?post=12348"},{"taxonomy":"product_tag","embeddable":true,"href":"https:\/\/azurefilm.com\/hr\/wp-json\/wp\/v2\/product_tag?post=12348"},{"taxonomy":"brand","embeddable":true,"href":"https:\/\/azurefilm.com\/hr\/wp-json\/wp\/v2\/brand?post=12348"}],"curies":[{"name":"wp","href":"https:\/\/api.w.org\/{rel}","templated":true}]}}