
{"id":12349,"date":"2023-10-29T14:25:51","date_gmt":"2023-10-29T14:25:51","guid":{"rendered":"https:\/\/azurefilm.com\/product\/tl-izgladivac\/"},"modified":"2026-03-02T21:49:54","modified_gmt":"2026-03-02T21:49:54","slug":"tl-izgladivac","status":"publish","type":"product","link":"https:\/\/azurefilm.com\/hr\/proizvod\/tl-izgladivac\/","title":{"rendered":"TL izgla\u0111iva\u010d"},"content":{"rendered":"<p>Nadogradite svoj Creality Ender 3 ili Ender 5 s <strong>TL izgla\u0111iva\u010dem<\/strong> kako biste smanjili &#8216;lososovu ko\u017eu&#8217; na svojim otiscima.<\/p>\n<p><iframe loading=\"lazy\" class=\"allowed-iframe\" src=\"https:\/\/www.youtube.com\/embed\/yD-pmuMLNgs\" width=\"495\" height=\"390\"><\/iframe ><\/p>\n","protected":false},"excerpt":{"rendered":"<p>Nadogradite svoj Creality Ender 3 ili Ender 5 <strong>TL izgla\u0111iva\u010dem<\/strong> kako biste smanjili &#8216;lososovu ko\u017eu&#8217; na svojim printevima.<\/p>\n","protected":false},"featured_media":7118,"comment_status":"closed","ping_status":"closed","template":"","meta":{"_acf_changed":false},"product_brand":[],"product_cat":[481,512,809,505,482,483],"product_tag":[],"brand":[],"class_list":{"0":"post-12349","1":"product","2":"type-product","3":"status-publish","4":"has-post-thumbnail","6":"product_cat-akcija","7":"product_cat-drugi-proizvodi","8":"product_cat-elektronika-hr","9":"product_cat-maticne-ploce","10":"product_cat-rezervni-dijelovi","11":"product_cat-svi-rezervni-dijelovi","13":"first","14":"instock","15":"sale","16":"taxable","17":"shipping-taxable","18":"purchasable","19":"product-type-simple"},"acf":[],"_links":{"self":[{"href":"https:\/\/azurefilm.com\/hr\/wp-json\/wp\/v2\/product\/12349","targetHints":{"allow":["GET"]}}],"collection":[{"href":"https:\/\/azurefilm.com\/hr\/wp-json\/wp\/v2\/product"}],"about":[{"href":"https:\/\/azurefilm.com\/hr\/wp-json\/wp\/v2\/types\/product"}],"replies":[{"embeddable":true,"href":"https:\/\/azurefilm.com\/hr\/wp-json\/wp\/v2\/comments?post=12349"}],"wp:featuredmedia":[{"embeddable":true,"href":"https:\/\/azurefilm.com\/hr\/wp-json\/wp\/v2\/media\/7118"}],"wp:attachment":[{"href":"https:\/\/azurefilm.com\/hr\/wp-json\/wp\/v2\/media?parent=12349"}],"wp:term":[{"taxonomy":"product_brand","embeddable":true,"href":"https:\/\/azurefilm.com\/hr\/wp-json\/wp\/v2\/product_brand?post=12349"},{"taxonomy":"product_cat","embeddable":true,"href":"https:\/\/azurefilm.com\/hr\/wp-json\/wp\/v2\/product_cat?post=12349"},{"taxonomy":"product_tag","embeddable":true,"href":"https:\/\/azurefilm.com\/hr\/wp-json\/wp\/v2\/product_tag?post=12349"},{"taxonomy":"brand","embeddable":true,"href":"https:\/\/azurefilm.com\/hr\/wp-json\/wp\/v2\/brand?post=12349"}],"curies":[{"name":"wp","href":"https:\/\/api.w.org\/{rel}","templated":true}]}}