
{"id":12352,"date":"2023-10-29T14:25:51","date_gmt":"2023-10-29T14:25:51","guid":{"rendered":"https:\/\/azurefilm.com\/product\/nema-14-koracni-motor\/"},"modified":"2026-01-26T20:52:53","modified_gmt":"2026-01-26T20:52:53","slug":"nema-14-koracni-motor","status":"publish","type":"product","link":"https:\/\/azurefilm.com\/hr\/proizvod\/nema-14-koracni-motor\/","title":{"rendered":"Nema 14 kora\u010dni motor"},"content":{"rendered":"<h4>Nema 14 kora\u010dni motor<\/h4>\n<h3><strong><span style=\"vertical-align: inherit;\">Glavne zna\u010dajke:<\/span><\/strong><\/h3>\n<h4><strong><span style=\"vertical-align: inherit;\">Elektri\u010dne specifikacije:<\/span><\/strong><\/h4>\n<ul>\n<li><strong><span style=\"vertical-align: inherit;\">Broj dijela:<\/span><\/strong><span style=\"vertical-align: inherit;\"> 14HS13-0804S-PG19<\/span><\/li>\n<li><strong><span style=\"vertical-align: inherit;\">Vrsta motora:<\/span><\/strong><span style=\"vertical-align: inherit;\"> Bipolarni kora\u010dni motor<\/span><\/li>\n<li><strong><span style=\"vertical-align: inherit;\">Kut koraka:<\/span><\/strong><span style=\"vertical-align: inherit;\"> Izuzetno precizan na 0,094 stupnja, \u0161to omogu\u0107uje preciznu kontrolu pokreta.<\/span><\/li>\n<li><strong><span style=\"vertical-align: inherit;\">Moment zadr\u017eavanja (bez mjenja\u010da):<\/span><\/strong><span style=\"vertical-align: inherit;\"> Zadr\u017eava 14 Ncm (oko 19,83 oz.in) momenta stalno radi stabilnosti.<\/span><\/li>\n<li><strong><span style=\"vertical-align: inherit;\">Nazivna struja\/faza:<\/span><\/strong><span style=\"vertical-align: inherit;\"> Radi na 1,0 A po fazi za kontrolirano kretanje.<\/span><\/li>\n<li><strong><span style=\"vertical-align: inherit;\">Fazni otpor:<\/span><\/strong><span style=\"vertical-align: inherit;\"> U\u010dinkovito upravlja elektri\u010dnim protokom sa 6,8 ohma.<\/span><\/li>\n<li><strong><span style=\"vertical-align: inherit;\">Napon:<\/span><\/strong><span style=\"vertical-align: inherit;\"> Radi na 5,4 V za optimizirano kori\u0161tenje energije.<\/span><\/li>\n<li><strong><span style=\"vertical-align: inherit;\">Induktivnost:<\/span><\/strong><span style=\"vertical-align: inherit;\"> Stabilno elektri\u010dno pona\u0161anje s induktivno\u0161\u0107u od 10 mH na 1 KHz.<\/span><\/li>\n<\/ul>\n<h4><strong><span style=\"vertical-align: inherit;\">Specifikacije mjenja\u010da:<\/span><\/strong><\/h4>\n<ul>\n<li><strong><span style=\"vertical-align: inherit;\">Tip mjenja\u010da:<\/span><\/strong><span style=\"vertical-align: inherit;\"> Planetarni s omjerom prijenosa 19,19:1, koji nudi visok izlazni moment.<\/span><\/li>\n<li><strong><span style=\"vertical-align: inherit;\">U\u010dinkovitost prijenosa:<\/span><\/strong><span style=\"vertical-align: inherit;\"> U\u010dinkovit prijenos s 81% u\u010dinkovitosti.<\/span><\/li>\n<li><strong><span style=\"vertical-align: inherit;\">Zazor u praznom hodu:<\/span><\/strong><span style=\"vertical-align: inherit;\"> Minimalni zazor, osiguravaju\u0107i precizno uklju\u010divanje zup\u010danika.<\/span><\/li>\n<li><strong><span style=\"vertical-align: inherit;\">Maks. Dopu\u0161teni zakretni moment:<\/span><\/strong><span style=\"vertical-align: inherit;\"> Podnosi zakretni moment do 3Nm (oko 425 oz.in) za razli\u010dite primjene.<\/span><\/li>\n<li><strong><span style=\"vertical-align: inherit;\">Dopu\u0161teni zakretni moment:<\/span><\/strong><span style=\"vertical-align: inherit;\"> Podr\u017eava trenutne vr\u0161ne vrijednosti do 5 Nm (oko 708 oz.in).<\/span><\/li>\n<li><strong><span style=\"vertical-align: inherit;\">Maksimalno aksijalno optere\u0107enje osovine:<\/span><\/strong><span style=\"vertical-align: inherit;\"> Stabilno s maksimalnim aksijalnim optere\u0107enjem od 5N.<\/span><\/li>\n<li><strong><span style=\"vertical-align: inherit;\">Maksimalno radijalno optere\u0107enje osovine:<\/span><\/strong><span style=\"vertical-align: inherit;\"> Odupire se bo\u010dnim silama s maksimalnim radijalnim optere\u0107enjem od 25N.<\/span><\/li>\n<li><strong><span style=\"vertical-align: inherit;\">Kora\u010dni motor Nema 14<\/span><\/strong><span style=\"vertical-align: inherit;\"> (bipolarni L=33 mm s prijenosnim omjerom 19:1)<\/span><\/li>\n<\/ul>\n<h4><strong><span style=\"vertical-align: inherit;\">Fizi\u010dke specifikacije:<\/span><\/strong><\/h4>\n<ul>\n<li><strong><span style=\"vertical-align: inherit;\">Veli\u010dina okvira:<\/span><\/strong><span style=\"vertical-align: inherit;\"> Kompaktan okvir 35 x 35 mm.<\/span><\/li>\n<li><strong><span style=\"vertical-align: inherit;\">Duljina motora:<\/span><\/strong><span style=\"vertical-align: inherit;\"> 34 mm za prostorno u\u010dinkovite primjene.<\/span><\/li>\n<li><strong><span style=\"vertical-align: inherit;\">Duljina mjenja\u010da:<\/span><\/strong><span style=\"vertical-align: inherit;\"> 35,8 mm s pri\u010dvr\u0161\u0107enim mjenja\u010dem.<\/span><\/li>\n<li><strong><span style=\"vertical-align: inherit;\">Promjer osovine:<\/span><\/strong><span style=\"vertical-align: inherit;\"> \u010cvrsta osovina promjera 6 mm.<\/span><\/li>\n<li><strong><span style=\"vertical-align: inherit;\">Duljina osovine:<\/span><\/strong><span style=\"vertical-align: inherit;\"> 18 mm s fleksibilno\u0161\u0107u za pri\u010dvr\u0161\u0107ivanje.<\/span><\/li>\n<li><strong><span style=\"vertical-align: inherit;\">Du\u017eina D-reza:<\/span><\/strong><span style=\"vertical-align: inherit;\"> 12 mm D-izreza na osovini za precizno spajanje.<\/span><\/li>\n<li><strong><span style=\"vertical-align: inherit;\">Broj izvoda:<\/span><\/strong><span style=\"vertical-align: inherit;\"> 4 vodi\u010da za napajanje i kontrolu.<\/span><\/li>\n<li><strong><span style=\"vertical-align: inherit;\">Duljina kabla:<\/span><\/strong><span style=\"vertical-align: inherit;\"> Velikodu\u0161ni kablovi od 500 mm za fleksibilnost postavljanja.<\/span><\/li>\n<li><strong><span style=\"vertical-align: inherit;\">Te\u017eina:<\/span><\/strong><span style=\"vertical-align: inherit;\"> Lagan sklop, te\u017eak samo 320 grama.<\/span><\/li>\n<\/ul>\n<h4><strong><span style=\"vertical-align: inherit;\">Veza:<\/span><\/strong><\/h4>\n<table style=\"width: 300px;\" border=\"1\">\n<tbody>\n<tr>\n<td><span style=\"vertical-align: inherit;\">A+<\/span><\/td>\n<td><span style=\"vertical-align: inherit;\">A-<\/span><\/td>\n<td><span style=\"vertical-align: inherit;\">B+<\/span><\/td>\n<td><span style=\"vertical-align: inherit;\">B-<\/span><\/td>\n<\/tr>\n<tr>\n<td><span style=\"vertical-align: inherit;\">Crvena<\/span><\/td>\n<td><span style=\"vertical-align: inherit;\">zelena<\/span><\/td>\n<td><span style=\"vertical-align: inherit;\">\u017duta boja<\/span><\/td>\n<td><span style=\"vertical-align: inherit;\">Plava<\/span><\/td>\n<\/tr>\n<\/tbody>\n<\/table>\n<h3><\/h3>\n","protected":false},"excerpt":{"rendered":"<p><strong>Kora\u010dni motor Nema 14<\/strong> s tijelom od 33 mm i nazivnom strujom od 0.8 A, integriranim planetarnim mjenja\u010dem prijenosnog omjera 19.19:1.<\/p>\n","protected":false},"featured_media":7149,"comment_status":"closed","ping_status":"closed","template":"","meta":{"_acf_changed":false},"product_brand":[],"product_cat":[481,508,506,482,483],"product_tag":[],"brand":[],"class_list":{"0":"post-12352","1":"product","2":"type-product","3":"status-publish","4":"has-post-thumbnail","6":"product_cat-akcija","7":"product_cat-koracni-motori","8":"product_cat-motori-driveri","9":"product_cat-rezervni-dijelovi","10":"product_cat-svi-rezervni-dijelovi","12":"first","13":"instock","14":"sale","15":"taxable","16":"shipping-taxable","17":"purchasable","18":"product-type-simple"},"acf":[],"_links":{"self":[{"href":"https:\/\/azurefilm.com\/hr\/wp-json\/wp\/v2\/product\/12352","targetHints":{"allow":["GET"]}}],"collection":[{"href":"https:\/\/azurefilm.com\/hr\/wp-json\/wp\/v2\/product"}],"about":[{"href":"https:\/\/azurefilm.com\/hr\/wp-json\/wp\/v2\/types\/product"}],"replies":[{"embeddable":true,"href":"https:\/\/azurefilm.com\/hr\/wp-json\/wp\/v2\/comments?post=12352"}],"wp:featuredmedia":[{"embeddable":true,"href":"https:\/\/azurefilm.com\/hr\/wp-json\/wp\/v2\/media\/7149"}],"wp:attachment":[{"href":"https:\/\/azurefilm.com\/hr\/wp-json\/wp\/v2\/media?parent=12352"}],"wp:term":[{"taxonomy":"product_brand","embeddable":true,"href":"https:\/\/azurefilm.com\/hr\/wp-json\/wp\/v2\/product_brand?post=12352"},{"taxonomy":"product_cat","embeddable":true,"href":"https:\/\/azurefilm.com\/hr\/wp-json\/wp\/v2\/product_cat?post=12352"},{"taxonomy":"product_tag","embeddable":true,"href":"https:\/\/azurefilm.com\/hr\/wp-json\/wp\/v2\/product_tag?post=12352"},{"taxonomy":"brand","embeddable":true,"href":"https:\/\/azurefilm.com\/hr\/wp-json\/wp\/v2\/brand?post=12352"}],"curies":[{"name":"wp","href":"https:\/\/api.w.org\/{rel}","templated":true}]}}