
{"id":12357,"date":"2023-10-29T14:25:51","date_gmt":"2023-10-29T14:25:51","guid":{"rendered":"https:\/\/azurefilm.com\/product\/driver-motora-tb6560\/"},"modified":"2024-06-04T13:24:39","modified_gmt":"2024-06-04T13:24:39","slug":"driver-motora-tb6560","status":"publish","type":"product","link":"https:\/\/azurefilm.com\/hr\/proizvod\/driver-motora-tb6560\/","title":{"rendered":"Driver motora TB6560"},"content":{"rendered":"<h2><strong>Klju\u010dne zna\u010dajke:<\/strong><\/h2>\n<ul>\n<li><strong>Motorni pogon TB6560 <\/strong>4257 kora\u010dni motor 3A max<\/li>\n<li>Radni napon DC 10V-35V. Preporu\u010da se prekida\u010dki izvor napajanja DC24V.<\/li>\n<li>Kori\u0161tenje opti\u010dke spojke velike brzine 6N137, osiguravanje velike brzine bez gubitka koraka.<\/li>\n<li>Koristite TB6560AHQ \u010dip, postoji zatvaranje pri niskom tlaku, parkiranje od pregrijavanja i za\u0161titni krug od prekomjerne struje kako bi se osigurala optimalna izvedba.<\/li>\n<li>Nazivni maksimalni izlaz: \u00b1 3 A, vr\u0161ni 3.5 A. Unutar 42, 57 za dvofazni kora\u010dni motor od 3 A \/ \u010detverofazni \/ \u010detvero\u017eilni \/ \u0161esto\u017eilni kora\u010dni motor nije prikladan za kora\u010dni motor ve\u0107i od 3 A.<\/li>\n<li>Automatska funkcija polustruje. Podjela: puni korak, pola koraka, 1\/8 koraka, 1\/16 koraka, do 16 segmenata.<\/li>\n<\/ul>\n","protected":false},"excerpt":{"rendered":"<p><strong>Pogon motora TB6560<\/strong> s automatskom funkcijom polustruje i opti\u010dkom spojkom velike brzine.<\/p>\n","protected":false},"featured_media":7174,"comment_status":"closed","ping_status":"closed","template":"","meta":{"_acf_changed":false},"product_brand":[],"product_cat":[481,507,506,482,483],"product_tag":[],"brand":[],"class_list":{"0":"post-12357","1":"product","2":"type-product","3":"status-publish","4":"has-post-thumbnail","6":"product_cat-akcija","7":"product_cat-driveri-za-motore","8":"product_cat-motori-driveri","9":"product_cat-rezervni-dijelovi","10":"product_cat-svi-rezervni-dijelovi","12":"first","13":"instock","14":"sale","15":"taxable","16":"shipping-taxable","17":"purchasable","18":"product-type-simple"},"acf":[],"_links":{"self":[{"href":"https:\/\/azurefilm.com\/hr\/wp-json\/wp\/v2\/product\/12357","targetHints":{"allow":["GET"]}}],"collection":[{"href":"https:\/\/azurefilm.com\/hr\/wp-json\/wp\/v2\/product"}],"about":[{"href":"https:\/\/azurefilm.com\/hr\/wp-json\/wp\/v2\/types\/product"}],"replies":[{"embeddable":true,"href":"https:\/\/azurefilm.com\/hr\/wp-json\/wp\/v2\/comments?post=12357"}],"wp:featuredmedia":[{"embeddable":true,"href":"https:\/\/azurefilm.com\/hr\/wp-json\/wp\/v2\/media\/7174"}],"wp:attachment":[{"href":"https:\/\/azurefilm.com\/hr\/wp-json\/wp\/v2\/media?parent=12357"}],"wp:term":[{"taxonomy":"product_brand","embeddable":true,"href":"https:\/\/azurefilm.com\/hr\/wp-json\/wp\/v2\/product_brand?post=12357"},{"taxonomy":"product_cat","embeddable":true,"href":"https:\/\/azurefilm.com\/hr\/wp-json\/wp\/v2\/product_cat?post=12357"},{"taxonomy":"product_tag","embeddable":true,"href":"https:\/\/azurefilm.com\/hr\/wp-json\/wp\/v2\/product_tag?post=12357"},{"taxonomy":"brand","embeddable":true,"href":"https:\/\/azurefilm.com\/hr\/wp-json\/wp\/v2\/brand?post=12357"}],"curies":[{"name":"wp","href":"https:\/\/api.w.org\/{rel}","templated":true}]}}