
{"id":12359,"date":"2023-10-29T14:26:34","date_gmt":"2023-10-29T14:26:34","guid":{"rendered":"https:\/\/azurefilm.com\/product\/driver-motora-dm542\/"},"modified":"2026-01-27T22:59:21","modified_gmt":"2026-01-27T22:59:21","slug":"driver-motora-dm542","status":"publish","type":"product","link":"https:\/\/azurefilm.com\/hr\/proizvod\/driver-motora-dm542\/","title":{"rendered":"Driver motora DM542"},"content":{"rendered":"<h2><strong>Klju\u010dne zna\u010dajke:<\/strong><\/h2>\n<ul>\n<li><strong>Motorni pogon DM542 <\/strong>za 57\/86 kora\u010dni motor 4.2 A max<\/li>\n<li>Integrirano s funkcijom samopode\u0161avanja parametara, koja mo\u017ee automatski generirati optimalne radne parametre za razli\u010dite motore.<\/li>\n<li>Mo\u017ee pokretati 4-\u017eilni \/ 8-\u017eilni dvofazni kora\u010dni motor.<\/li>\n<li>Stabilan rad i niska buka pri srednje niskoj brzini.<\/li>\n<li>Precizna kontrola struje uvelike smanjuje zagrijavanje motora, s prenaponom i za\u0161titom od prenapona.<\/li>\n<li>Ulaz signala opti\u010dke izolacije, jaka sposobnost sprje\u010davanja smetnji.<\/li>\n<\/ul>\n","protected":false},"excerpt":{"rendered":"<p><strong>Pogon motora DM542<\/strong> integriran s funkcijom samopode\u0161avanja parametara, koja mo\u017ee automatski generirati optimalne radne parametre za razli\u010dite motore i mo\u017ee pokretati 4-\u017eilni \/ 8-\u017eilni dvofazni kora\u010dni motor.<\/p>\n","protected":false},"featured_media":7184,"comment_status":"closed","ping_status":"closed","template":"","meta":{"_acf_changed":false},"product_brand":[],"product_cat":[481,507,506,482,483],"product_tag":[],"brand":[],"class_list":{"0":"post-12359","1":"product","2":"type-product","3":"status-publish","4":"has-post-thumbnail","6":"product_cat-akcija","7":"product_cat-driveri-za-motore","8":"product_cat-motori-driveri","9":"product_cat-rezervni-dijelovi","10":"product_cat-svi-rezervni-dijelovi","12":"first","13":"instock","14":"sale","15":"taxable","16":"shipping-taxable","17":"purchasable","18":"product-type-simple"},"acf":[],"_links":{"self":[{"href":"https:\/\/azurefilm.com\/hr\/wp-json\/wp\/v2\/product\/12359","targetHints":{"allow":["GET"]}}],"collection":[{"href":"https:\/\/azurefilm.com\/hr\/wp-json\/wp\/v2\/product"}],"about":[{"href":"https:\/\/azurefilm.com\/hr\/wp-json\/wp\/v2\/types\/product"}],"replies":[{"embeddable":true,"href":"https:\/\/azurefilm.com\/hr\/wp-json\/wp\/v2\/comments?post=12359"}],"wp:featuredmedia":[{"embeddable":true,"href":"https:\/\/azurefilm.com\/hr\/wp-json\/wp\/v2\/media\/7184"}],"wp:attachment":[{"href":"https:\/\/azurefilm.com\/hr\/wp-json\/wp\/v2\/media?parent=12359"}],"wp:term":[{"taxonomy":"product_brand","embeddable":true,"href":"https:\/\/azurefilm.com\/hr\/wp-json\/wp\/v2\/product_brand?post=12359"},{"taxonomy":"product_cat","embeddable":true,"href":"https:\/\/azurefilm.com\/hr\/wp-json\/wp\/v2\/product_cat?post=12359"},{"taxonomy":"product_tag","embeddable":true,"href":"https:\/\/azurefilm.com\/hr\/wp-json\/wp\/v2\/product_tag?post=12359"},{"taxonomy":"brand","embeddable":true,"href":"https:\/\/azurefilm.com\/hr\/wp-json\/wp\/v2\/brand?post=12359"}],"curies":[{"name":"wp","href":"https:\/\/api.w.org\/{rel}","templated":true}]}}