
{"id":12360,"date":"2023-10-29T14:26:34","date_gmt":"2023-10-29T14:26:34","guid":{"rendered":"https:\/\/azurefilm.com\/product\/mini-granicni-prekidac\/"},"modified":"2026-03-31T12:04:13","modified_gmt":"2026-03-31T12:04:13","slug":"mini-granicni-prekidac","status":"publish","type":"product","link":"https:\/\/azurefilm.com\/hr\/proizvod\/mini-granicni-prekidac\/","title":{"rendered":"Mini grani\u010dni prekida\u010d"},"content":{"rendered":"<h2><strong>Klju\u010dne zna\u010dajke:<\/strong><\/h2>\n<ul>\n<li>Dolazi s valjkom<\/li>\n<li>Dimenzija: 20x10x6mm (D x \u0160 x V)<\/li>\n<li>Nazivni napon: AC 125V-250V<\/li>\n<li>Trenutna vrijednost: 5A<\/li>\n<\/ul>\n","protected":false},"excerpt":{"rendered":"<p><strong>Mini grani\u010dni prekida\u010d<\/strong> sa valjkom u dimenziji 20x10x6mm.<\/p>\n","protected":false},"featured_media":7189,"comment_status":"closed","ping_status":"closed","template":"","meta":{"_acf_changed":false},"product_brand":[],"product_cat":[481,512,482,483],"product_tag":[],"brand":[],"class_list":{"0":"post-12360","1":"product","2":"type-product","3":"status-publish","4":"has-post-thumbnail","6":"product_cat-akcija","7":"product_cat-drugi-proizvodi","8":"product_cat-rezervni-dijelovi","9":"product_cat-svi-rezervni-dijelovi","11":"first","12":"instock","13":"sale","14":"taxable","15":"shipping-taxable","16":"purchasable","17":"product-type-simple"},"acf":[],"_links":{"self":[{"href":"https:\/\/azurefilm.com\/hr\/wp-json\/wp\/v2\/product\/12360","targetHints":{"allow":["GET"]}}],"collection":[{"href":"https:\/\/azurefilm.com\/hr\/wp-json\/wp\/v2\/product"}],"about":[{"href":"https:\/\/azurefilm.com\/hr\/wp-json\/wp\/v2\/types\/product"}],"replies":[{"embeddable":true,"href":"https:\/\/azurefilm.com\/hr\/wp-json\/wp\/v2\/comments?post=12360"}],"wp:featuredmedia":[{"embeddable":true,"href":"https:\/\/azurefilm.com\/hr\/wp-json\/wp\/v2\/media\/7189"}],"wp:attachment":[{"href":"https:\/\/azurefilm.com\/hr\/wp-json\/wp\/v2\/media?parent=12360"}],"wp:term":[{"taxonomy":"product_brand","embeddable":true,"href":"https:\/\/azurefilm.com\/hr\/wp-json\/wp\/v2\/product_brand?post=12360"},{"taxonomy":"product_cat","embeddable":true,"href":"https:\/\/azurefilm.com\/hr\/wp-json\/wp\/v2\/product_cat?post=12360"},{"taxonomy":"product_tag","embeddable":true,"href":"https:\/\/azurefilm.com\/hr\/wp-json\/wp\/v2\/product_tag?post=12360"},{"taxonomy":"brand","embeddable":true,"href":"https:\/\/azurefilm.com\/hr\/wp-json\/wp\/v2\/brand?post=12360"}],"curies":[{"name":"wp","href":"https:\/\/api.w.org\/{rel}","templated":true}]}}