
{"id":12364,"date":"2023-10-29T14:26:34","date_gmt":"2023-10-29T14:26:34","guid":{"rendered":"https:\/\/azurefilm.com\/product\/grijac-40w-12v\/"},"modified":"2026-03-12T14:48:57","modified_gmt":"2026-03-12T14:48:57","slug":"grijac-40w-12v","status":"publish","type":"product","link":"https:\/\/azurefilm.com\/hr\/proizvod\/grijac-40w-12v\/","title":{"rendered":"Grijalica 40W 12V Fi 6mm 15mm\/30mm"},"content":{"rendered":"<h4><span style=\"vertical-align: inherit;\">Grelec 40W 12V Fi 6mm 15mm\/30mm<\/span><\/h4>\n<h3><strong><span style=\"vertical-align: inherit;\">Glavne zna\u010dajke:<\/span><\/strong><\/h3>\n<ul>\n<li><span style=\"vertical-align: inherit;\">Grija\u010d 40W 12V Fi 6mm 15mm\/30mm sastoji se od cilindri\u010dne cijevi od nehr\u0111aju\u0107eg \u010delika i na taj na\u010din pru\u017ea visoku za\u0161titu od korozije.<\/span><\/li>\n<li><span style=\"vertical-align: inherit;\">Grija\u0107a \u017eica unutar koje je namotana na kerami\u010dku jezgru.<\/span><\/li>\n<li><span style=\"vertical-align: inherit;\">Broj zavojnica varira ovisno o snazi \u200b\u200bi osigurava izvrsnu ravnomjernu raspodjelu topline, \u0161to znatno produ\u017euje vijek trajanja grija\u010da te sprje\u010dava oksidaciju \u017eice grija\u010da \u010dak i pri visokim temperaturama.<\/span><\/li>\n<\/ul>\n<h3><strong><span style=\"vertical-align: inherit;\">Tehni\u010dki podaci:<\/span><\/strong><\/h3>\n<ul>\n<li><strong><span style=\"vertical-align: inherit;\">Konstrukcija otporna na koroziju:<\/span><\/strong><span style=\"vertical-align: inherit;\"> Grija\u010d 40W\/12V nalazi se u cilindri\u010dnoj cijevi od nehr\u0111aju\u0107eg \u010delika, pru\u017eaju\u0107i visoku za\u0161titu od korozije za izdr\u017eljivost u razli\u010ditim okru\u017eenjima.<\/span><\/li>\n<li><strong><span style=\"vertical-align: inherit;\">U\u010dinkovita tehnologija grijanja:<\/span><\/strong><span style=\"vertical-align: inherit;\"> Grija\u0107a \u017eica, namotana na kerami\u010dku jezgru, osigurava optimalnu distribuciju topline. Broj zavojnica varira ovisno o snazi, promi\u010du\u0107i ravnomjernu toplinu i produ\u017euju\u0107i \u017eivotni vijek grija\u010da.<\/span><\/li>\n<li><strong><span style=\"vertical-align: inherit;\">Spre\u010davanje oksidacije:<\/span><\/strong><span style=\"vertical-align: inherit;\"> \u010cak i pri visokim temperaturama, dizajn sprje\u010dava oksidaciju grija\u0107e \u017eice, odr\u017eavaju\u0107i cjelovitost grija\u010da tijekom dulje upotrebe.<\/span><\/li>\n<li><strong><span style=\"vertical-align: inherit;\">Napon i snaga:<\/span><\/strong><span style=\"vertical-align: inherit;\"> Rade\u0107i na 12 V s nazivnom snagom od 40 W, grija\u010d nudi pouzdane i energetski u\u010dinkovite performanse za razli\u010dite primjene.<\/span><\/li>\n<li><strong><span style=\"vertical-align: inherit;\">Materijal od nehr\u0111aju\u0107eg \u010delika:<\/span><\/strong><span style=\"vertical-align: inherit;\"> Upotreba nehr\u0111aju\u0107eg \u010delika ne samo da doprinosi otpornosti na koroziju, ve\u0107 tako\u0111er pove\u0107ava ukupnu izdr\u017eljivost grija\u0107eg elementa.<\/span><\/li>\n<li><strong><span style=\"vertical-align: inherit;\">Fleksibilna instalacija:<\/span><\/strong><span style=\"vertical-align: inherit;\"> Uz izda\u0161nu duljinu \u017eice od 1 m, grija\u010d pru\u017ea fleksibilnost za instalaciju u razli\u010ditim postavkama, prilago\u0111avaju\u0107i se razli\u010ditim prostornim ograni\u010denjima.<\/span><\/li>\n<li><strong><span style=\"vertical-align: inherit;\">Kompaktne dimenzije:<\/span><\/strong><span style=\"vertical-align: inherit;\"> Uz promjer od 6 mm i dostupan u duljinama od 15 mm ili 30 mm, kompaktni dizajn grija\u010da osigurava prilagodljivost razli\u010ditoj opremi i zahtjevima prostora.<\/span><\/li>\n<li><strong><span style=\"vertical-align: inherit;\">Svestrane primjene:<\/span><\/strong><span style=\"vertical-align: inherit;\"> Prikladno za industrijske procese, znanstvene primjene i sve zahtjeve grijanja koji zahtijevaju preciznost i pouzdanost.<\/span><\/li>\n<li><span style=\"vertical-align: inherit;\">Grija\u010d 40W\/12V kombinira napredne materijale i promi\u0161ljeni dizajn kako bi pru\u017eio rje\u0161enje za grijanje koje se isti\u010de performansama, izdr\u017eljivo\u0161\u0107u i svestrano\u0161\u0107u.<\/span><\/li>\n<\/ul>\n","protected":false},"excerpt":{"rendered":"<h4><span style=\"vertical-align: inherit;\">Grijalica 40W 12V Fi 6mm 15mm\/30mm<\/span><\/h4>\n<h4><span style=\"vertical-align: inherit;\"><span class=\"\" style=\"vertical-align: inherit;\"><span style=\"vertical-align: inherit;\"><span style=\"vertical-align: inherit;\">sastoji se od cilindri\u010dne cijevi od nehr\u0111aju\u0107eg \u010delika i tako pru\u017ea visoku za\u0161titu od korozije.<\/span><\/span><\/span><\/span><\/h4>\n<p>&nbsp;<\/p>\n","protected":false},"featured_media":17623,"comment_status":"closed","ping_status":"closed","template":"","meta":{"_acf_changed":false},"product_brand":[],"product_cat":[481,497,495,482,483],"product_tag":[],"brand":[],"class_list":{"0":"post-12364","1":"product","2":"type-product","3":"status-publish","4":"has-post-thumbnail","6":"product_cat-akcija","7":"product_cat-djelovi-ekstrudera","8":"product_cat-ekstruderi","9":"product_cat-rezervni-dijelovi","10":"product_cat-svi-rezervni-dijelovi","11":"pa_compatible-with-artillery-fdm-3d-printers","12":"pa_compatible-with-creality-fdm-3d-printers","13":"pa_fits-printer-cr-x","14":"pa_fits-printer-creality-cr-10","15":"pa_fits-printer-creality-cr-10-v2","17":"first","18":"instock","19":"sale","20":"taxable","21":"shipping-taxable","22":"purchasable","23":"product-type-variable"},"acf":[],"_links":{"self":[{"href":"https:\/\/azurefilm.com\/hr\/wp-json\/wp\/v2\/product\/12364","targetHints":{"allow":["GET"]}}],"collection":[{"href":"https:\/\/azurefilm.com\/hr\/wp-json\/wp\/v2\/product"}],"about":[{"href":"https:\/\/azurefilm.com\/hr\/wp-json\/wp\/v2\/types\/product"}],"replies":[{"embeddable":true,"href":"https:\/\/azurefilm.com\/hr\/wp-json\/wp\/v2\/comments?post=12364"}],"wp:featuredmedia":[{"embeddable":true,"href":"https:\/\/azurefilm.com\/hr\/wp-json\/wp\/v2\/media\/17623"}],"wp:attachment":[{"href":"https:\/\/azurefilm.com\/hr\/wp-json\/wp\/v2\/media?parent=12364"}],"wp:term":[{"taxonomy":"product_brand","embeddable":true,"href":"https:\/\/azurefilm.com\/hr\/wp-json\/wp\/v2\/product_brand?post=12364"},{"taxonomy":"product_cat","embeddable":true,"href":"https:\/\/azurefilm.com\/hr\/wp-json\/wp\/v2\/product_cat?post=12364"},{"taxonomy":"product_tag","embeddable":true,"href":"https:\/\/azurefilm.com\/hr\/wp-json\/wp\/v2\/product_tag?post=12364"},{"taxonomy":"brand","embeddable":true,"href":"https:\/\/azurefilm.com\/hr\/wp-json\/wp\/v2\/brand?post=12364"}],"curies":[{"name":"wp","href":"https:\/\/api.w.org\/{rel}","templated":true}]}}