
{"id":12365,"date":"2023-10-29T14:26:34","date_gmt":"2023-10-29T14:26:34","guid":{"rendered":"https:\/\/azurefilm.com\/product\/e3d-v6-cijev\/"},"modified":"2025-09-11T20:57:40","modified_gmt":"2025-09-11T20:57:40","slug":"e3d-v6-cijev","status":"publish","type":"product","link":"https:\/\/azurefilm.com\/hr\/proizvod\/e3d-v6-cijev\/","title":{"rendered":"E3D V6 cijev"},"content":{"rendered":"<h4>E3D V6 cijev<\/h4>\n<h3><strong>Klju\u010dne zna\u010dajke:<\/strong><\/h3>\n<ul>\n<li><strong>E3D V6 cijev <\/strong>1.75 mm M6 x 22mm<\/li>\n<li>Potpuno metalni toplinski prekid za V6<\/li>\n<li>Izdr\u017eljiva i stabilna izvedba<\/li>\n<li>Kompatibilan s 1.75 mm filament hotendovima<\/li>\n<li>Materijal: nehr\u0111aju\u0107i \u010delik<\/li>\n<li>Unutarnji promjer: 2mm<\/li>\n<\/ul>\n","protected":false},"excerpt":{"rendered":"<p><strong>E3D V6 Tube<\/strong> je potpuno metalni toplinski prekid za V6, izdr\u017eljive i stabilne izvedbe.<\/p>\n","protected":false},"featured_media":7226,"comment_status":"closed","ping_status":"closed","template":"","meta":{"_acf_changed":false},"product_brand":[],"product_cat":[481,482,483,503],"product_tag":[],"brand":[],"class_list":{"0":"post-12365","1":"product","2":"type-product","3":"status-publish","4":"has-post-thumbnail","6":"product_cat-akcija","7":"product_cat-rezervni-dijelovi","8":"product_cat-svi-rezervni-dijelovi","9":"product_cat-toplinski-prekidi","11":"first","12":"instock","13":"sale","14":"taxable","15":"shipping-taxable","16":"purchasable","17":"product-type-simple"},"acf":[],"_links":{"self":[{"href":"https:\/\/azurefilm.com\/hr\/wp-json\/wp\/v2\/product\/12365","targetHints":{"allow":["GET"]}}],"collection":[{"href":"https:\/\/azurefilm.com\/hr\/wp-json\/wp\/v2\/product"}],"about":[{"href":"https:\/\/azurefilm.com\/hr\/wp-json\/wp\/v2\/types\/product"}],"replies":[{"embeddable":true,"href":"https:\/\/azurefilm.com\/hr\/wp-json\/wp\/v2\/comments?post=12365"}],"wp:featuredmedia":[{"embeddable":true,"href":"https:\/\/azurefilm.com\/hr\/wp-json\/wp\/v2\/media\/7226"}],"wp:attachment":[{"href":"https:\/\/azurefilm.com\/hr\/wp-json\/wp\/v2\/media?parent=12365"}],"wp:term":[{"taxonomy":"product_brand","embeddable":true,"href":"https:\/\/azurefilm.com\/hr\/wp-json\/wp\/v2\/product_brand?post=12365"},{"taxonomy":"product_cat","embeddable":true,"href":"https:\/\/azurefilm.com\/hr\/wp-json\/wp\/v2\/product_cat?post=12365"},{"taxonomy":"product_tag","embeddable":true,"href":"https:\/\/azurefilm.com\/hr\/wp-json\/wp\/v2\/product_tag?post=12365"},{"taxonomy":"brand","embeddable":true,"href":"https:\/\/azurefilm.com\/hr\/wp-json\/wp\/v2\/brand?post=12365"}],"curies":[{"name":"wp","href":"https:\/\/api.w.org\/{rel}","templated":true}]}}