
{"id":12366,"date":"2023-10-29T14:26:34","date_gmt":"2023-10-29T14:26:34","guid":{"rendered":"https:\/\/azurefilm.com\/product\/volcano-silikonski-poklopac\/"},"modified":"2025-11-05T21:19:19","modified_gmt":"2025-11-05T21:19:19","slug":"volcano-silikonski-poklopac","status":"publish","type":"product","link":"https:\/\/azurefilm.com\/hr\/proizvod\/volcano-silikonski-poklopac\/","title":{"rendered":"Volcano silikonski poklopac"},"content":{"rendered":"<h2><strong>Klju\u010dne zna\u010dajke:<\/strong><\/h2>\n<ul>\n<li><strong>Volcano silikonski poklopac<\/strong> za grija\u010d i termistor<\/li>\n<li>Materijal: izra\u0111en od silikonskog materijala otpornog na visoke temperature.<\/li>\n<li>Poma\u017ee u odr\u017eavanju temperature vru\u0107eg kraja iznimno stabilnom.<\/li>\n<li>Mo\u017ee produ\u017eiti vijek trajanja bloka grija\u010da i termistora odr\u017eavaju\u0107i ih \u010di\u0161\u0107ima.<\/li>\n<li>Otpornost na visoke temperature: 280 \u2103.<\/li>\n<li>Boja: plava.<\/li>\n<\/ul>\n","protected":false},"excerpt":{"rendered":"<p><strong>Volcano silikonski poklopac<\/strong> za grija\u010d i termistor izra\u0111en od silikonskog materijala otpornog na visoke temperature.<\/p>\n","protected":false},"featured_media":18147,"comment_status":"closed","ping_status":"closed","template":"","meta":{"_acf_changed":false},"product_brand":[],"product_cat":[481,512,482,483],"product_tag":[],"brand":[],"class_list":{"0":"post-12366","1":"product","2":"type-product","3":"status-publish","4":"has-post-thumbnail","6":"product_cat-akcija","7":"product_cat-drugi-proizvodi","8":"product_cat-rezervni-dijelovi","9":"product_cat-svi-rezervni-dijelovi","11":"first","12":"instock","13":"sale","14":"taxable","15":"shipping-taxable","16":"purchasable","17":"product-type-simple"},"acf":[],"_links":{"self":[{"href":"https:\/\/azurefilm.com\/hr\/wp-json\/wp\/v2\/product\/12366","targetHints":{"allow":["GET"]}}],"collection":[{"href":"https:\/\/azurefilm.com\/hr\/wp-json\/wp\/v2\/product"}],"about":[{"href":"https:\/\/azurefilm.com\/hr\/wp-json\/wp\/v2\/types\/product"}],"replies":[{"embeddable":true,"href":"https:\/\/azurefilm.com\/hr\/wp-json\/wp\/v2\/comments?post=12366"}],"wp:featuredmedia":[{"embeddable":true,"href":"https:\/\/azurefilm.com\/hr\/wp-json\/wp\/v2\/media\/18147"}],"wp:attachment":[{"href":"https:\/\/azurefilm.com\/hr\/wp-json\/wp\/v2\/media?parent=12366"}],"wp:term":[{"taxonomy":"product_brand","embeddable":true,"href":"https:\/\/azurefilm.com\/hr\/wp-json\/wp\/v2\/product_brand?post=12366"},{"taxonomy":"product_cat","embeddable":true,"href":"https:\/\/azurefilm.com\/hr\/wp-json\/wp\/v2\/product_cat?post=12366"},{"taxonomy":"product_tag","embeddable":true,"href":"https:\/\/azurefilm.com\/hr\/wp-json\/wp\/v2\/product_tag?post=12366"},{"taxonomy":"brand","embeddable":true,"href":"https:\/\/azurefilm.com\/hr\/wp-json\/wp\/v2\/brand?post=12366"}],"curies":[{"name":"wp","href":"https:\/\/api.w.org\/{rel}","templated":true}]}}