
{"id":12370,"date":"2023-10-29T14:26:34","date_gmt":"2023-10-29T14:26:34","guid":{"rendered":"https:\/\/azurefilm.com\/product\/digitalni-v-i-a-mjerac\/"},"modified":"2026-04-19T15:15:17","modified_gmt":"2026-04-19T15:15:17","slug":"digitalni-v-i-a-mjerac","status":"publish","type":"product","link":"https:\/\/azurefilm.com\/hr\/proizvod\/digitalni-v-i-a-mjerac\/","title":{"rendered":"Digitalni V i A mjera\u010d"},"content":{"rendered":"<h2><strong>Klju\u010dne zna\u010dajke:<\/strong><\/h2>\n<ul>\n<li>Napajanje: DC 4,5 V-30 V<\/li>\n<li>To\u010dnost mjerenja: \u00b10,1%<\/li>\n<li>Brzina osvje\u017eavanja: oko 200 ms\/put<\/li>\n<li>Zaslon: digitalna cijev od 0.56 in\u010da<\/li>\n<li>Boja zaslona: zelena<\/li>\n<li>Radna struja: &lt;8mA<\/li>\n<li>Radna temperatura: -10\u00b0C do +65\u00b0C<\/li>\n<li>Ulazna impedancija: pribl. 100 tisu\u0107a<\/li>\n<li>Priklju\u010dak: CRVENA: opskrba +, crna: opskrba &#8211; i mjerenje &#8211; \u017euta: izmjera +<\/li>\n<li>Ukupna dimenzija: 4.7&#215;2.8&#215;2.6cm \/1.85 in\u010da X 1.1 in\u010da X 1.0 in\u010da<\/li>\n<\/ul>\n","protected":false},"excerpt":{"rendered":"<p><strong>Digitalni V i A mjera\u010d<\/strong> s to\u010dno\u0161\u0107u mjerenja od \u00b10,1% i brzinom osvje\u017eavanja od oko 200 ms\/vrijeme.<\/p>\n","protected":false},"featured_media":7263,"comment_status":"closed","ping_status":"closed","template":"","meta":{"_acf_changed":false},"product_brand":[],"product_cat":[481,809,482,483],"product_tag":[],"brand":[],"class_list":{"0":"post-12370","1":"product","2":"type-product","3":"status-publish","4":"has-post-thumbnail","6":"product_cat-akcija","7":"product_cat-elektronika-hr","8":"product_cat-rezervni-dijelovi","9":"product_cat-svi-rezervni-dijelovi","11":"first","12":"instock","13":"sale","14":"taxable","15":"shipping-taxable","16":"purchasable","17":"product-type-simple"},"acf":[],"_links":{"self":[{"href":"https:\/\/azurefilm.com\/hr\/wp-json\/wp\/v2\/product\/12370","targetHints":{"allow":["GET"]}}],"collection":[{"href":"https:\/\/azurefilm.com\/hr\/wp-json\/wp\/v2\/product"}],"about":[{"href":"https:\/\/azurefilm.com\/hr\/wp-json\/wp\/v2\/types\/product"}],"replies":[{"embeddable":true,"href":"https:\/\/azurefilm.com\/hr\/wp-json\/wp\/v2\/comments?post=12370"}],"wp:featuredmedia":[{"embeddable":true,"href":"https:\/\/azurefilm.com\/hr\/wp-json\/wp\/v2\/media\/7263"}],"wp:attachment":[{"href":"https:\/\/azurefilm.com\/hr\/wp-json\/wp\/v2\/media?parent=12370"}],"wp:term":[{"taxonomy":"product_brand","embeddable":true,"href":"https:\/\/azurefilm.com\/hr\/wp-json\/wp\/v2\/product_brand?post=12370"},{"taxonomy":"product_cat","embeddable":true,"href":"https:\/\/azurefilm.com\/hr\/wp-json\/wp\/v2\/product_cat?post=12370"},{"taxonomy":"product_tag","embeddable":true,"href":"https:\/\/azurefilm.com\/hr\/wp-json\/wp\/v2\/product_tag?post=12370"},{"taxonomy":"brand","embeddable":true,"href":"https:\/\/azurefilm.com\/hr\/wp-json\/wp\/v2\/brand?post=12370"}],"curies":[{"name":"wp","href":"https:\/\/api.w.org\/{rel}","templated":true}]}}