
{"id":12382,"date":"2023-10-29T14:26:59","date_gmt":"2023-10-29T14:26:59","guid":{"rendered":"https:\/\/azurefilm.com\/product\/celjusti-s-navojem\/"},"modified":"2026-01-29T10:59:03","modified_gmt":"2026-01-29T10:59:03","slug":"celjusti-s-navojem","status":"publish","type":"product","link":"https:\/\/azurefilm.com\/hr\/proizvod\/celjusti-s-navojem\/","title":{"rendered":"\u010celjusti s navojem"},"content":{"rendered":"<p><strong>\u010celjusti s navojem<\/strong> s ru\u010dkom.<\/p>\n<h2><strong>Materijal:<\/strong><\/h2>\n<ul>\n<li>Kvalitetan \u010delik (vrlo izdr\u017eljiv)<\/li>\n<li>Aluminij<\/li>\n<li>Kaljeni vijci<\/li>\n<\/ul>\n<h2><strong>Boja:<\/strong><\/h2>\n<ul>\n<li>Metalno siva<\/li>\n<\/ul>\n<h2><strong>Karakteristike alata:<\/strong><\/h2>\n<ul>\n<li>Alat je odli\u010dan<\/li>\n<li>Kvalitetan kaljeni \u010delik<\/li>\n<li>\u010cvrsta konstrukcija<\/li>\n<li>Jednostavan za kori\u0161tenje<\/li>\n<\/ul>\n<h2><strong>Pakiranje:<\/strong><\/h2>\n<ul>\n<li>7x\u00a0\u010deljusti s navojem<\/li>\n<li>1x ru\u010dka<\/li>\n<\/ul>\n","protected":false},"excerpt":{"rendered":"<p><strong>\u010celjusti s navojem<\/strong> s ru\u010dkom od kvalitetnog kaljenog \u010delika koje imaju \u010dvrstu konstrukciju.<\/p>\n","protected":false},"featured_media":7351,"comment_status":"closed","ping_status":"closed","template":"","meta":{"_acf_changed":false},"product_brand":[],"product_cat":[481,515,482,483],"product_tag":[],"brand":[],"class_list":{"0":"post-12382","1":"product","2":"type-product","3":"status-publish","4":"has-post-thumbnail","6":"product_cat-akcija","7":"product_cat-alati","8":"product_cat-rezervni-dijelovi","9":"product_cat-svi-rezervni-dijelovi","11":"first","12":"instock","13":"sale","14":"taxable","15":"shipping-taxable","16":"purchasable","17":"product-type-simple"},"acf":[],"_links":{"self":[{"href":"https:\/\/azurefilm.com\/hr\/wp-json\/wp\/v2\/product\/12382","targetHints":{"allow":["GET"]}}],"collection":[{"href":"https:\/\/azurefilm.com\/hr\/wp-json\/wp\/v2\/product"}],"about":[{"href":"https:\/\/azurefilm.com\/hr\/wp-json\/wp\/v2\/types\/product"}],"replies":[{"embeddable":true,"href":"https:\/\/azurefilm.com\/hr\/wp-json\/wp\/v2\/comments?post=12382"}],"wp:featuredmedia":[{"embeddable":true,"href":"https:\/\/azurefilm.com\/hr\/wp-json\/wp\/v2\/media\/7351"}],"wp:attachment":[{"href":"https:\/\/azurefilm.com\/hr\/wp-json\/wp\/v2\/media?parent=12382"}],"wp:term":[{"taxonomy":"product_brand","embeddable":true,"href":"https:\/\/azurefilm.com\/hr\/wp-json\/wp\/v2\/product_brand?post=12382"},{"taxonomy":"product_cat","embeddable":true,"href":"https:\/\/azurefilm.com\/hr\/wp-json\/wp\/v2\/product_cat?post=12382"},{"taxonomy":"product_tag","embeddable":true,"href":"https:\/\/azurefilm.com\/hr\/wp-json\/wp\/v2\/product_tag?post=12382"},{"taxonomy":"brand","embeddable":true,"href":"https:\/\/azurefilm.com\/hr\/wp-json\/wp\/v2\/brand?post=12382"}],"curies":[{"name":"wp","href":"https:\/\/api.w.org\/{rel}","templated":true}]}}