
{"id":12387,"date":"2023-10-29T14:26:59","date_gmt":"2023-10-29T14:26:59","guid":{"rendered":"https:\/\/azurefilm.com\/product\/odvijac-za-ispitivanje-napona\/"},"modified":"2026-01-04T12:21:31","modified_gmt":"2026-01-04T12:21:31","slug":"odvijac-za-ispitivanje-napona","status":"publish","type":"product","link":"https:\/\/azurefilm.com\/hr\/proizvod\/odvijac-za-ispitivanje-napona\/","title":{"rendered":"Odvija\u010d za ispitivanje napona"},"content":{"rendered":"<p><strong>Tester napona pomo\u0107u odvija\u010da<\/strong> za 100-500 V.<\/p>\n","protected":false},"excerpt":{"rendered":"<p><strong>Provjera napona pomo\u0107u odvija\u010da<\/strong> za 100-500 V.<\/p>\n","protected":false},"featured_media":7400,"comment_status":"closed","ping_status":"closed","template":"","meta":{"_acf_changed":false},"product_brand":[],"product_cat":[482,481,515,483],"product_tag":[],"brand":[],"class_list":{"0":"post-12387","1":"product","2":"type-product","3":"status-publish","4":"has-post-thumbnail","6":"product_cat-rezervni-dijelovi","7":"product_cat-akcija","8":"product_cat-alati","9":"product_cat-svi-rezervni-dijelovi","11":"first","12":"instock","13":"sale","14":"taxable","15":"shipping-taxable","16":"purchasable","17":"product-type-simple"},"acf":[],"_links":{"self":[{"href":"https:\/\/azurefilm.com\/hr\/wp-json\/wp\/v2\/product\/12387","targetHints":{"allow":["GET"]}}],"collection":[{"href":"https:\/\/azurefilm.com\/hr\/wp-json\/wp\/v2\/product"}],"about":[{"href":"https:\/\/azurefilm.com\/hr\/wp-json\/wp\/v2\/types\/product"}],"replies":[{"embeddable":true,"href":"https:\/\/azurefilm.com\/hr\/wp-json\/wp\/v2\/comments?post=12387"}],"wp:featuredmedia":[{"embeddable":true,"href":"https:\/\/azurefilm.com\/hr\/wp-json\/wp\/v2\/media\/7400"}],"wp:attachment":[{"href":"https:\/\/azurefilm.com\/hr\/wp-json\/wp\/v2\/media?parent=12387"}],"wp:term":[{"taxonomy":"product_brand","embeddable":true,"href":"https:\/\/azurefilm.com\/hr\/wp-json\/wp\/v2\/product_brand?post=12387"},{"taxonomy":"product_cat","embeddable":true,"href":"https:\/\/azurefilm.com\/hr\/wp-json\/wp\/v2\/product_cat?post=12387"},{"taxonomy":"product_tag","embeddable":true,"href":"https:\/\/azurefilm.com\/hr\/wp-json\/wp\/v2\/product_tag?post=12387"},{"taxonomy":"brand","embeddable":true,"href":"https:\/\/azurefilm.com\/hr\/wp-json\/wp\/v2\/brand?post=12387"}],"curies":[{"name":"wp","href":"https:\/\/api.w.org\/{rel}","templated":true}]}}