
{"id":12397,"date":"2023-10-29T14:26:59","date_gmt":"2023-10-29T14:26:59","guid":{"rendered":"https:\/\/azurefilm.com\/product\/thsl-1000-mm-vodeci-vijak-s-maticom\/"},"modified":"2026-01-27T22:59:22","modified_gmt":"2026-01-27T22:59:22","slug":"thsl-vodeci-vijak-s-maticom","status":"publish","type":"product","link":"https:\/\/azurefilm.com\/hr\/proizvod\/thsl-vodeci-vijak-s-maticom\/","title":{"rendered":"THSL vode\u0107i vijak s maticom"},"content":{"rendered":"<h2><strong>Klju\u010dne zna\u010dajke:<\/strong><\/h2>\n<ul>\n<li><strong>THSL vode\u0107i vijak s maticom<\/strong> izra\u0111en od visokokvalitetnih materijala.<\/li>\n<li>Dimenzija: 400\/500\/1000mm fi 8mm.<\/li>\n<li>Navoj: 8 mm, korak 2 mm.<\/li>\n<li>S posebnom mesinganom maticom<\/li>\n<\/ul>\n","protected":false},"excerpt":{"rendered":"<p><strong>THSL vode\u0107i vijak s maticom<\/strong> izra\u0111en od visokokvalitetnih materijala.<\/p>\n","protected":false},"featured_media":7454,"comment_status":"closed","ping_status":"closed","template":"","meta":{"_acf_changed":false},"product_brand":[],"product_cat":[481,485,482,483],"product_tag":[],"brand":[],"class_list":{"0":"post-12397","1":"product","2":"type-product","3":"status-publish","4":"has-post-thumbnail","6":"product_cat-akcija","7":"product_cat-lezajevi-i-vodilice","8":"product_cat-rezervni-dijelovi","9":"product_cat-svi-rezervni-dijelovi","11":"first","12":"instock","13":"sale","14":"taxable","15":"shipping-taxable","16":"purchasable","17":"product-type-variable"},"acf":[],"_links":{"self":[{"href":"https:\/\/azurefilm.com\/hr\/wp-json\/wp\/v2\/product\/12397","targetHints":{"allow":["GET"]}}],"collection":[{"href":"https:\/\/azurefilm.com\/hr\/wp-json\/wp\/v2\/product"}],"about":[{"href":"https:\/\/azurefilm.com\/hr\/wp-json\/wp\/v2\/types\/product"}],"replies":[{"embeddable":true,"href":"https:\/\/azurefilm.com\/hr\/wp-json\/wp\/v2\/comments?post=12397"}],"wp:featuredmedia":[{"embeddable":true,"href":"https:\/\/azurefilm.com\/hr\/wp-json\/wp\/v2\/media\/7454"}],"wp:attachment":[{"href":"https:\/\/azurefilm.com\/hr\/wp-json\/wp\/v2\/media?parent=12397"}],"wp:term":[{"taxonomy":"product_brand","embeddable":true,"href":"https:\/\/azurefilm.com\/hr\/wp-json\/wp\/v2\/product_brand?post=12397"},{"taxonomy":"product_cat","embeddable":true,"href":"https:\/\/azurefilm.com\/hr\/wp-json\/wp\/v2\/product_cat?post=12397"},{"taxonomy":"product_tag","embeddable":true,"href":"https:\/\/azurefilm.com\/hr\/wp-json\/wp\/v2\/product_tag?post=12397"},{"taxonomy":"brand","embeddable":true,"href":"https:\/\/azurefilm.com\/hr\/wp-json\/wp\/v2\/brand?post=12397"}],"curies":[{"name":"wp","href":"https:\/\/api.w.org\/{rel}","templated":true}]}}