
{"id":12401,"date":"2023-10-29T14:27:26","date_gmt":"2023-10-29T14:27:26","guid":{"rendered":"https:\/\/azurefilm.com\/product\/set-alata-za-sesterokutni-odvijac\/"},"modified":"2023-10-29T15:38:19","modified_gmt":"2023-10-29T15:38:19","slug":"set-alata-za-sesterokutni-odvijac","status":"publish","type":"product","link":"https:\/\/azurefilm.com\/hr\/proizvod\/set-alata-za-sesterokutni-odvijac\/","title":{"rendered":"Set alata za \u0161esterokutni odvija\u010d"},"content":{"rendered":"<h2><strong>Klju\u010dne zna\u010dajke:<\/strong><\/h2>\n<ul>\n<li><strong>\u0160iroka upotreba <\/strong><br \/>\nOvaj <strong>Komplet alata za \u0161esterokutne odvija\u010de<\/strong> sadr\u017ei ukupno 7 odvija\u010da u razli\u010ditim veli\u010dinama H1,5\/H2,0\/H2,5\/ 0&#8243;+\/1&#8243;-\/4,0 KUTIJA\/5,0 KUTIJA, mogu se na\u0161iroko koristiti za popravak ili sastavljanje automobila na daljinsko upravljanje, modela zrakoplova itd., koji apsolutno mogu zadovoljiti va\u0161e potrebe.<\/li>\n<li><strong>Savjeti<\/strong><br \/>\nKao entuzijast modeliranja, mo\u017eda \u0107ete ponekad morati rastaviti ili sastaviti svoje modele, a tada \u0107e vam ovaj set odvija\u010da dobro do\u0107i.<\/li>\n<li><strong>Visoka kvaliteta<\/strong><br \/>\nBitovi odvija\u010da izra\u0111eni su od brzoreznog \u010delika s titaniziranom povr\u0161inom, ru\u010dke odvija\u010da izra\u0111ene su od visokokvalitetne aluminijske legure i izdubljene preciznim CNC-om. Ovi visokokvalitetni materijali osiguravaju visoku izvedbu.<\/li>\n<li><strong>Lagano dizajniran<\/strong><br \/>\nDizajn \u0161uplje ru\u010dke smanjuje te\u017einu i osigurava udobnu upotrebu.<\/li>\n<\/ul>\n","protected":false},"excerpt":{"rendered":"<p>Ovaj <strong>komplet alata za \u0161esterokutne odvija\u010de<\/strong> sadr\u017ei ukupno 7 odvija\u010da u razli\u010ditim veli\u010dinama.<\/p>\n","protected":false},"featured_media":7530,"comment_status":"closed","ping_status":"closed","template":"","meta":{"_acf_changed":false},"product_brand":[],"product_cat":[481,515,482,483],"product_tag":[],"brand":[],"class_list":{"0":"post-12401","1":"product","2":"type-product","3":"status-publish","4":"has-post-thumbnail","6":"product_cat-akcija","7":"product_cat-alati","8":"product_cat-rezervni-dijelovi","9":"product_cat-svi-rezervni-dijelovi","11":"first","12":"instock","13":"sale","14":"taxable","15":"shipping-taxable","16":"purchasable","17":"product-type-simple"},"acf":[],"_links":{"self":[{"href":"https:\/\/azurefilm.com\/hr\/wp-json\/wp\/v2\/product\/12401","targetHints":{"allow":["GET"]}}],"collection":[{"href":"https:\/\/azurefilm.com\/hr\/wp-json\/wp\/v2\/product"}],"about":[{"href":"https:\/\/azurefilm.com\/hr\/wp-json\/wp\/v2\/types\/product"}],"replies":[{"embeddable":true,"href":"https:\/\/azurefilm.com\/hr\/wp-json\/wp\/v2\/comments?post=12401"}],"wp:featuredmedia":[{"embeddable":true,"href":"https:\/\/azurefilm.com\/hr\/wp-json\/wp\/v2\/media\/7530"}],"wp:attachment":[{"href":"https:\/\/azurefilm.com\/hr\/wp-json\/wp\/v2\/media?parent=12401"}],"wp:term":[{"taxonomy":"product_brand","embeddable":true,"href":"https:\/\/azurefilm.com\/hr\/wp-json\/wp\/v2\/product_brand?post=12401"},{"taxonomy":"product_cat","embeddable":true,"href":"https:\/\/azurefilm.com\/hr\/wp-json\/wp\/v2\/product_cat?post=12401"},{"taxonomy":"product_tag","embeddable":true,"href":"https:\/\/azurefilm.com\/hr\/wp-json\/wp\/v2\/product_tag?post=12401"},{"taxonomy":"brand","embeddable":true,"href":"https:\/\/azurefilm.com\/hr\/wp-json\/wp\/v2\/brand?post=12401"}],"curies":[{"name":"wp","href":"https:\/\/api.w.org\/{rel}","templated":true}]}}