
{"id":12404,"date":"2023-10-29T14:27:26","date_gmt":"2023-10-29T14:27:26","guid":{"rendered":"https:\/\/azurefilm.com\/product\/plastika-za-pistolj-za-vruce-ljepilo-sarena\/"},"modified":"2026-01-08T09:56:07","modified_gmt":"2026-01-08T09:56:07","slug":"plastika-za-pistolj-za-vruce-ljepilo-sarena","status":"publish","type":"product","link":"https:\/\/azurefilm.com\/hr\/proizvod\/plastika-za-pistolj-za-vruce-ljepilo-sarena\/","title":{"rendered":"Plastika za pi\u0161tolj za vru\u0107e ljepilo \u0161arena"},"content":{"rendered":"<h2><strong>Klju\u010dne zna\u010dajke:<\/strong><\/h2>\n<ul>\n<li><strong>Plasti\u010dni pi\u0161tolj za vru\u0107e ljepilo u boji.<\/strong><\/li>\n<li>U paketu dobijete 10 komada \u0161arene plastike veli\u010dine fi7 i du\u017eine 180mm.<\/li>\n<\/ul>\n","protected":false},"excerpt":{"rendered":"<p>U paketu dobijete 10 komada <strong>plastike za pi\u0161tolj za vru\u0107e ljepilo, \u0161arenih<\/strong>, veli\u010dine fi7 i du\u017eine 180 mm.<\/p>\n","protected":false},"featured_media":7569,"comment_status":"closed","ping_status":"closed","template":"","meta":{"_acf_changed":false},"product_brand":[],"product_cat":[481,515,482,483],"product_tag":[],"brand":[],"class_list":{"0":"post-12404","1":"product","2":"type-product","3":"status-publish","4":"has-post-thumbnail","6":"product_cat-akcija","7":"product_cat-alati","8":"product_cat-rezervni-dijelovi","9":"product_cat-svi-rezervni-dijelovi","11":"first","12":"instock","13":"sale","14":"taxable","15":"shipping-taxable","16":"purchasable","17":"product-type-simple"},"acf":[],"_links":{"self":[{"href":"https:\/\/azurefilm.com\/hr\/wp-json\/wp\/v2\/product\/12404","targetHints":{"allow":["GET"]}}],"collection":[{"href":"https:\/\/azurefilm.com\/hr\/wp-json\/wp\/v2\/product"}],"about":[{"href":"https:\/\/azurefilm.com\/hr\/wp-json\/wp\/v2\/types\/product"}],"replies":[{"embeddable":true,"href":"https:\/\/azurefilm.com\/hr\/wp-json\/wp\/v2\/comments?post=12404"}],"wp:featuredmedia":[{"embeddable":true,"href":"https:\/\/azurefilm.com\/hr\/wp-json\/wp\/v2\/media\/7569"}],"wp:attachment":[{"href":"https:\/\/azurefilm.com\/hr\/wp-json\/wp\/v2\/media?parent=12404"}],"wp:term":[{"taxonomy":"product_brand","embeddable":true,"href":"https:\/\/azurefilm.com\/hr\/wp-json\/wp\/v2\/product_brand?post=12404"},{"taxonomy":"product_cat","embeddable":true,"href":"https:\/\/azurefilm.com\/hr\/wp-json\/wp\/v2\/product_cat?post=12404"},{"taxonomy":"product_tag","embeddable":true,"href":"https:\/\/azurefilm.com\/hr\/wp-json\/wp\/v2\/product_tag?post=12404"},{"taxonomy":"brand","embeddable":true,"href":"https:\/\/azurefilm.com\/hr\/wp-json\/wp\/v2\/brand?post=12404"}],"curies":[{"name":"wp","href":"https:\/\/api.w.org\/{rel}","templated":true}]}}