
{"id":12432,"date":"2023-10-29T14:27:57","date_gmt":"2023-10-29T14:27:57","guid":{"rendered":"https:\/\/azurefilm.com\/product\/citac-sd-kartica\/"},"modified":"2026-03-22T18:03:57","modified_gmt":"2026-03-22T18:03:57","slug":"citac-sd-kartica","status":"publish","type":"product","link":"https:\/\/azurefilm.com\/hr\/proizvod\/citac-sd-kartica\/","title":{"rendered":"\u010cita\u010d SD kartica"},"content":{"rendered":"<h2><b>Klju\u010dne zna\u010dajke:<\/b><\/h2>\n<ul>\n<li>Prijenosni USB 2.0 4 u 1 \u010dita\u010d memorijskih kartica za SD TF T-Flash M2 karticu.<\/li>\n<li>Ovaj \u010dita\u010d kartica s vi\u0161e utora podr\u017eava M2 SD SDHC DV Micro SD Mini SD TF.<\/li>\n<li>Tanka veli\u010dina, lagan za no\u0161enje.<\/li>\n<li>USB specifikacija Ver2.0 480 Mbps.<\/li>\n<li>Napajanje izravno iz USB priklju\u010dka.<\/li>\n<li>Nije potrebno vanjsko napajanje.<\/li>\n<li>Ovaj \u010dita\u010d mikro SD kartica kompatibilan je s USB 2.0<\/li>\n<li>Sustav podr\u017eava: Windows 98 \/ 98SE \/ ME \/ 2000\/XP \/ Vista \/ WIN7\/ Mac OS X 9.0 i Linus2.4 noviju verziju.<\/li>\n<\/ul>\n<h2><strong>Specifikacije:<\/strong><\/h2>\n<ul>\n<li>Boja: plava &amp; bijela<\/li>\n<li>Veli\u010dina artikla: 57x21x12 mm<\/li>\n<li>Neto te\u017eina: 13g<\/li>\n<li>Te\u017eina pakiranja: 22g<\/li>\n<\/ul>\n<h2><strong>Sadr\u017eaj pakiranja:<\/strong><\/h2>\n<ul>\n<li>1\u00a0x 4 u 1 plavo-bijeli \u010dita\u010d memorijskih kartica<\/li>\n<\/ul>\n","protected":false},"excerpt":{"rendered":"<p>Ovaj <strong>\u010dita\u010d SD kartica<\/strong> s vi\u0161e utora podr\u017eava M2 SD SDHC DV Micro SD Mini SD TF.<\/p>\n","protected":false},"featured_media":7753,"comment_status":"closed","ping_status":"closed","template":"","meta":{"_acf_changed":false},"product_brand":[],"product_cat":[481,515,482,483],"product_tag":[],"brand":[],"class_list":{"0":"post-12432","1":"product","2":"type-product","3":"status-publish","4":"has-post-thumbnail","6":"product_cat-akcija","7":"product_cat-alati","8":"product_cat-rezervni-dijelovi","9":"product_cat-svi-rezervni-dijelovi","11":"first","12":"instock","13":"sale","14":"taxable","15":"shipping-taxable","16":"purchasable","17":"product-type-simple"},"acf":[],"_links":{"self":[{"href":"https:\/\/azurefilm.com\/hr\/wp-json\/wp\/v2\/product\/12432","targetHints":{"allow":["GET"]}}],"collection":[{"href":"https:\/\/azurefilm.com\/hr\/wp-json\/wp\/v2\/product"}],"about":[{"href":"https:\/\/azurefilm.com\/hr\/wp-json\/wp\/v2\/types\/product"}],"replies":[{"embeddable":true,"href":"https:\/\/azurefilm.com\/hr\/wp-json\/wp\/v2\/comments?post=12432"}],"wp:featuredmedia":[{"embeddable":true,"href":"https:\/\/azurefilm.com\/hr\/wp-json\/wp\/v2\/media\/7753"}],"wp:attachment":[{"href":"https:\/\/azurefilm.com\/hr\/wp-json\/wp\/v2\/media?parent=12432"}],"wp:term":[{"taxonomy":"product_brand","embeddable":true,"href":"https:\/\/azurefilm.com\/hr\/wp-json\/wp\/v2\/product_brand?post=12432"},{"taxonomy":"product_cat","embeddable":true,"href":"https:\/\/azurefilm.com\/hr\/wp-json\/wp\/v2\/product_cat?post=12432"},{"taxonomy":"product_tag","embeddable":true,"href":"https:\/\/azurefilm.com\/hr\/wp-json\/wp\/v2\/product_tag?post=12432"},{"taxonomy":"brand","embeddable":true,"href":"https:\/\/azurefilm.com\/hr\/wp-json\/wp\/v2\/brand?post=12432"}],"curies":[{"name":"wp","href":"https:\/\/api.w.org\/{rel}","templated":true}]}}