
{"id":12434,"date":"2023-10-29T14:27:57","date_gmt":"2023-10-29T14:27:57","guid":{"rendered":"https:\/\/azurefilm.com\/product\/mlaznica-e3d-v5-v6-steel\/"},"modified":"2026-03-18T10:31:24","modified_gmt":"2026-03-18T10:31:24","slug":"mlaznica-e3d-v5-v6-steel","status":"publish","type":"product","link":"https:\/\/azurefilm.com\/hr\/proizvod\/mlaznica-e3d-v5-v6-steel\/","title":{"rendered":"Mlaznica E3D V5\/V6 STEEL"},"content":{"rendered":"<h2><strong>Klju\u010dne zna\u010dajke:<\/strong><\/h2>\n<ul>\n<li>Izradite dosljedne printeve s glatkim i sjajnim lakom,<\/li>\n<li>Mlaznica 3D pisa\u010da izra\u0111ena je od visokokvalitetnog nehr\u0111aju\u0107eg \u010delika,<\/li>\n<li>Otporna na hr\u0111u i koroziju,<\/li>\n<li>\u010cvrsta i izdr\u017eljiva,<\/li>\n<li>Jednostavna za instalaciju,<\/li>\n<li>Kompatibilna sa svim 1.75 mm PLA ABS 3D pisa\u010dima,<\/li>\n<li>Nakon zamjene mlaznice, ponovno kalibrirajte udaljenost izme\u0111u mlaznice i radne plo\u010de kako biste osigurali kvalitetu ispisnih dijelova.<\/li>\n<li>Cijena je za 1 artikl.<\/li>\n<\/ul>\n","protected":false},"excerpt":{"rendered":"<p><strong>Mlaznica E3D V5\/V6 STEEL<\/strong> s ulazima od 1.75 mm mo\u017ee u\u010dinkovito sprije\u010diti curenje ispisne glave i proizvesti dosljedne glatke i sjajne printeve.<\/p>\n","protected":false},"featured_media":7783,"comment_status":"closed","ping_status":"closed","template":"","meta":{"_acf_changed":false},"product_brand":[],"product_cat":[481,509,510,482,483],"product_tag":[],"brand":[],"class_list":{"0":"post-12434","1":"product","2":"type-product","3":"status-publish","4":"has-post-thumbnail","6":"product_cat-akcija","7":"product_cat-mlaznice","8":"product_cat-otvrdnute-i-mlaznice-otporne-na-abraziju","9":"product_cat-rezervni-dijelovi","10":"product_cat-svi-rezervni-dijelovi","11":"pa_nozzle-diameter-0-2mm","12":"pa_nozzle-diameter-0-3mm","13":"pa_nozzle-diameter-0-4mm","14":"pa_nozzle-diameter-0-6mm","16":"first","17":"instock","18":"sale","19":"taxable","20":"shipping-taxable","21":"purchasable","22":"product-type-variable"},"acf":[],"_links":{"self":[{"href":"https:\/\/azurefilm.com\/hr\/wp-json\/wp\/v2\/product\/12434","targetHints":{"allow":["GET"]}}],"collection":[{"href":"https:\/\/azurefilm.com\/hr\/wp-json\/wp\/v2\/product"}],"about":[{"href":"https:\/\/azurefilm.com\/hr\/wp-json\/wp\/v2\/types\/product"}],"replies":[{"embeddable":true,"href":"https:\/\/azurefilm.com\/hr\/wp-json\/wp\/v2\/comments?post=12434"}],"wp:featuredmedia":[{"embeddable":true,"href":"https:\/\/azurefilm.com\/hr\/wp-json\/wp\/v2\/media\/7783"}],"wp:attachment":[{"href":"https:\/\/azurefilm.com\/hr\/wp-json\/wp\/v2\/media?parent=12434"}],"wp:term":[{"taxonomy":"product_brand","embeddable":true,"href":"https:\/\/azurefilm.com\/hr\/wp-json\/wp\/v2\/product_brand?post=12434"},{"taxonomy":"product_cat","embeddable":true,"href":"https:\/\/azurefilm.com\/hr\/wp-json\/wp\/v2\/product_cat?post=12434"},{"taxonomy":"product_tag","embeddable":true,"href":"https:\/\/azurefilm.com\/hr\/wp-json\/wp\/v2\/product_tag?post=12434"},{"taxonomy":"brand","embeddable":true,"href":"https:\/\/azurefilm.com\/hr\/wp-json\/wp\/v2\/brand?post=12434"}],"curies":[{"name":"wp","href":"https:\/\/api.w.org\/{rel}","templated":true}]}}