
{"id":12436,"date":"2023-10-29T14:27:57","date_gmt":"2023-10-29T14:27:57","guid":{"rendered":"https:\/\/azurefilm.com\/product\/bowden-spojnica\/"},"modified":"2025-11-05T21:19:18","modified_gmt":"2025-11-05T21:19:18","slug":"bowden-spojnica","status":"publish","type":"product","link":"https:\/\/azurefilm.com\/hr\/proizvod\/bowden-spojnica\/","title":{"rendered":"Bowden spojnica"},"content":{"rendered":"<h2><strong>Klju\u010dne zna\u010dajke:<\/strong><\/h2>\n<ul>\n<li>Ova se stavka koristi u 3D pisa\u010dima za spajanje Bowden cijevi na ekstruder i na hotend.<\/li>\n<li>Bowden Clip se jednostavno postavlja. Jednostavno spojite umetanjem cijevi i ona \u0107e se automatski \u010dvrsto zaklju\u010dati.<\/li>\n<li>Tako\u0111er je jednostavno odvojiti cijev samo jednim pritiskom na plasti\u010dni \u010dep.<\/li>\n<li>Kompatibilan je sa svim 1.75 mm PLA ABS <a href=\"https:\/\/azurefilm.com\/hr\/3d-pisaci\/\">3D pisa\u010dima<\/a>.<\/li>\n<li>Radi s Ender 3, Creality CR-10, &#8230;&lt;\/ li&gt;<\/li>\n<li>Slobodno podr\u017eava turn 360.<\/li>\n<li>Bowden spoj PC4-M6<strong>teflonska cijev fi 4mm <\/strong>prolazi.<\/li>\n<li>Materijal je\u00a0otporan na kemikalije, nezapaljiv i otporan na toplinu.<\/li>\n<\/ul>\n<h2><strong>Specifikacije:<\/strong><\/h2>\n<ul>\n<li><strong>Materijal: <\/strong>Plastika.<\/li>\n<li><strong>Boja:<\/strong> zlatna i\u00a0plava.<\/li>\n<li><strong>Priklju\u010dci:<\/strong> PTFE cijevi.<\/li>\n<li><strong>OD:<\/strong> 4 mm.<\/li>\n<li><strong>Navoj: <\/strong>M6.<\/li>\n<\/ul>\n<p>&nbsp;<\/p>\n","protected":false},"excerpt":{"rendered":"<p><strong>Bowden spojnica<\/strong> koristi se u 3D pisa\u010dima za spajanje Bowden cijevi na ekstruder i na hotend.<\/p>\n","protected":false},"featured_media":7801,"comment_status":"closed","ping_status":"closed","template":"","meta":{"_acf_changed":false},"product_brand":[],"product_cat":[481,512,482,483],"product_tag":[],"brand":[],"class_list":{"0":"post-12436","1":"product","2":"type-product","3":"status-publish","4":"has-post-thumbnail","6":"product_cat-akcija","7":"product_cat-drugi-proizvodi","8":"product_cat-rezervni-dijelovi","9":"product_cat-svi-rezervni-dijelovi","11":"first","12":"instock","13":"sale","14":"taxable","15":"shipping-taxable","16":"purchasable","17":"product-type-simple"},"acf":[],"_links":{"self":[{"href":"https:\/\/azurefilm.com\/hr\/wp-json\/wp\/v2\/product\/12436","targetHints":{"allow":["GET"]}}],"collection":[{"href":"https:\/\/azurefilm.com\/hr\/wp-json\/wp\/v2\/product"}],"about":[{"href":"https:\/\/azurefilm.com\/hr\/wp-json\/wp\/v2\/types\/product"}],"replies":[{"embeddable":true,"href":"https:\/\/azurefilm.com\/hr\/wp-json\/wp\/v2\/comments?post=12436"}],"wp:featuredmedia":[{"embeddable":true,"href":"https:\/\/azurefilm.com\/hr\/wp-json\/wp\/v2\/media\/7801"}],"wp:attachment":[{"href":"https:\/\/azurefilm.com\/hr\/wp-json\/wp\/v2\/media?parent=12436"}],"wp:term":[{"taxonomy":"product_brand","embeddable":true,"href":"https:\/\/azurefilm.com\/hr\/wp-json\/wp\/v2\/product_brand?post=12436"},{"taxonomy":"product_cat","embeddable":true,"href":"https:\/\/azurefilm.com\/hr\/wp-json\/wp\/v2\/product_cat?post=12436"},{"taxonomy":"product_tag","embeddable":true,"href":"https:\/\/azurefilm.com\/hr\/wp-json\/wp\/v2\/product_tag?post=12436"},{"taxonomy":"brand","embeddable":true,"href":"https:\/\/azurefilm.com\/hr\/wp-json\/wp\/v2\/brand?post=12436"}],"curies":[{"name":"wp","href":"https:\/\/api.w.org\/{rel}","templated":true}]}}