
{"id":12442,"date":"2023-10-29T14:28:24","date_gmt":"2023-10-29T14:28:24","guid":{"rendered":"https:\/\/azurefilm.com\/product\/creality-mlaznica-mk8-steel\/"},"modified":"2026-01-27T15:20:47","modified_gmt":"2026-01-27T15:20:47","slug":"creality-mlaznica-mk8-steel","status":"publish","type":"product","link":"https:\/\/azurefilm.com\/hr\/proizvod\/creality-mlaznica-mk8-steel\/","title":{"rendered":"Creality mlaznica MK8"},"content":{"rendered":"<h4>Creality mlaznica MK8<\/h4>\n<h3><strong><span style=\"vertical-align: inherit;\">Key features:<\/span><\/strong><\/h3>\n<ul>\n<li>Kompatibilno za: Creality CR-10 V2, Creality CR-10S , Creality Ender 3 S1,<\/li>\n<li><span style=\"vertical-align: inherit;\">1.75mm, 0.4mm, 0.5mm and 0.6mm extruder inlet nozzles can effectively prevent print head leakage,<\/span><\/li>\n<li><span style=\"vertical-align: inherit;\">Create consistent prints with smooth and glossy varnish,<\/span><\/li>\n<li><span style=\"vertical-align: inherit;\">The nozzle of the 3D printer is made of high-quality stainless steel,<\/span><\/li>\n<li><span style=\"vertical-align: inherit;\">Resistant to rust and corrosion,<\/span><\/li>\n<li><span style=\"vertical-align: inherit;\">Strong and durable,<\/span><\/li>\n<li><span style=\"vertical-align: inherit;\">Easy to install,<\/span><\/li>\n<li><span style=\"vertical-align: inherit;\">After replacing the nozzle, recalibrate the distance between the nozzle and the platen to ensure the quality of the printed parts.<\/span><\/li>\n<li><span style=\"vertical-align: inherit;\">The price is for 1 item.<\/span><\/li>\n<\/ul>\n","protected":false},"excerpt":{"rendered":"<p>Creality mlaznica MK8 s ulazom od 1.75 mm mo\u017ee u\u010dinkovito sprije\u010diti curenje ispisne glave i proizvesti dosljedne glatke i sjajne printeve.<\/p>\n","protected":false},"featured_media":7831,"comment_status":"closed","ping_status":"closed","template":"","meta":{"_acf_changed":false},"product_brand":[],"product_cat":[481,509,510,482,483],"product_tag":[],"brand":[270],"class_list":{"0":"post-12442","1":"product","2":"type-product","3":"status-publish","4":"has-post-thumbnail","6":"product_cat-akcija","7":"product_cat-mlaznice","8":"product_cat-otvrdnute-i-mlaznice-otporne-na-abraziju","9":"product_cat-rezervni-dijelovi","10":"product_cat-svi-rezervni-dijelovi","11":"pa_fits-printer-creality-cr-10","12":"pa_fits-printer-creality-cr-10-v2","13":"pa_fits-printer-creality-ender-3","14":"pa_nozzle-diameter-0-4mm","15":"pa_nozzle-diameter-0-6mm","16":"brand-creality","18":"first","19":"instock","20":"sale","21":"taxable","22":"shipping-taxable","23":"purchasable","24":"product-type-variable"},"acf":[],"_links":{"self":[{"href":"https:\/\/azurefilm.com\/hr\/wp-json\/wp\/v2\/product\/12442","targetHints":{"allow":["GET"]}}],"collection":[{"href":"https:\/\/azurefilm.com\/hr\/wp-json\/wp\/v2\/product"}],"about":[{"href":"https:\/\/azurefilm.com\/hr\/wp-json\/wp\/v2\/types\/product"}],"replies":[{"embeddable":true,"href":"https:\/\/azurefilm.com\/hr\/wp-json\/wp\/v2\/comments?post=12442"}],"wp:featuredmedia":[{"embeddable":true,"href":"https:\/\/azurefilm.com\/hr\/wp-json\/wp\/v2\/media\/7831"}],"wp:attachment":[{"href":"https:\/\/azurefilm.com\/hr\/wp-json\/wp\/v2\/media?parent=12442"}],"wp:term":[{"taxonomy":"product_brand","embeddable":true,"href":"https:\/\/azurefilm.com\/hr\/wp-json\/wp\/v2\/product_brand?post=12442"},{"taxonomy":"product_cat","embeddable":true,"href":"https:\/\/azurefilm.com\/hr\/wp-json\/wp\/v2\/product_cat?post=12442"},{"taxonomy":"product_tag","embeddable":true,"href":"https:\/\/azurefilm.com\/hr\/wp-json\/wp\/v2\/product_tag?post=12442"},{"taxonomy":"brand","embeddable":true,"href":"https:\/\/azurefilm.com\/hr\/wp-json\/wp\/v2\/brand?post=12442"}],"curies":[{"name":"wp","href":"https:\/\/api.w.org\/{rel}","templated":true}]}}