
{"id":12443,"date":"2023-10-29T14:28:24","date_gmt":"2023-10-29T14:28:24","guid":{"rendered":"https:\/\/azurefilm.com\/product\/montazni-nosac-za-bocnu-montazu\/"},"modified":"2026-01-27T22:59:22","modified_gmt":"2026-01-27T22:59:22","slug":"montazni-nosac-za-bocnu-montazu","status":"publish","type":"product","link":"https:\/\/azurefilm.com\/hr\/proizvod\/montazni-nosac-za-bocnu-montazu\/","title":{"rendered":"Monta\u017eni nosa\u010d za bo\u010dnu monta\u017eu 8\/10\/12mm"},"content":{"rendered":"<h2><strong>Dimenzije:<\/strong><\/h2>\n<ul>\n<li>8 mm<\/li>\n<li>10 mm<\/li>\n<li>12 mm<\/li>\n<\/ul>\n","protected":false},"excerpt":{"rendered":"<p><strong>Monta\u017eni nosa\u010d za bo\u010dnu monta\u017eu<\/strong> u dimenzijama 8 mm, 10 mm, 12 mm.<\/p>\n","protected":false},"featured_media":7840,"comment_status":"closed","ping_status":"closed","template":"","meta":{"_acf_changed":false},"product_brand":[],"product_cat":[481,485,482,483],"product_tag":[],"brand":[],"class_list":{"0":"post-12443","1":"product","2":"type-product","3":"status-publish","4":"has-post-thumbnail","6":"product_cat-akcija","7":"product_cat-lezajevi-i-vodilice","8":"product_cat-rezervni-dijelovi","9":"product_cat-svi-rezervni-dijelovi","11":"first","12":"instock","13":"sale","14":"taxable","15":"shipping-taxable","16":"purchasable","17":"product-type-variable"},"acf":[],"_links":{"self":[{"href":"https:\/\/azurefilm.com\/hr\/wp-json\/wp\/v2\/product\/12443","targetHints":{"allow":["GET"]}}],"collection":[{"href":"https:\/\/azurefilm.com\/hr\/wp-json\/wp\/v2\/product"}],"about":[{"href":"https:\/\/azurefilm.com\/hr\/wp-json\/wp\/v2\/types\/product"}],"replies":[{"embeddable":true,"href":"https:\/\/azurefilm.com\/hr\/wp-json\/wp\/v2\/comments?post=12443"}],"wp:featuredmedia":[{"embeddable":true,"href":"https:\/\/azurefilm.com\/hr\/wp-json\/wp\/v2\/media\/7840"}],"wp:attachment":[{"href":"https:\/\/azurefilm.com\/hr\/wp-json\/wp\/v2\/media?parent=12443"}],"wp:term":[{"taxonomy":"product_brand","embeddable":true,"href":"https:\/\/azurefilm.com\/hr\/wp-json\/wp\/v2\/product_brand?post=12443"},{"taxonomy":"product_cat","embeddable":true,"href":"https:\/\/azurefilm.com\/hr\/wp-json\/wp\/v2\/product_cat?post=12443"},{"taxonomy":"product_tag","embeddable":true,"href":"https:\/\/azurefilm.com\/hr\/wp-json\/wp\/v2\/product_tag?post=12443"},{"taxonomy":"brand","embeddable":true,"href":"https:\/\/azurefilm.com\/hr\/wp-json\/wp\/v2\/brand?post=12443"}],"curies":[{"name":"wp","href":"https:\/\/api.w.org\/{rel}","templated":true}]}}